{"id":201,"date":"2021-02-28T20:02:25","date_gmt":"2021-02-28T20:02:25","guid":{"rendered":"https:\/\/www.faayautogroep.nl\/?page_id=201"},"modified":"2021-04-02T09:11:39","modified_gmt":"2021-04-02T09:11:39","slug":"bemiddelen-schade-en-schadeherstel","status":"publish","type":"page","link":"https:\/\/www.faayautogroep.nl\/ro\/intermediar-daune-si-repararea-daunelor\/","title":{"rendered":"Mediaz\u0103 deteriorarea \u0219i repararea daunelor"},"content":{"rendered":"<p>Ave\u021bi daune la ma\u0219ina dvs., vehiculul vechi, camionul sau rulota dvs.? Atunci este important ca prejudiciul s\u0103 fie evaluat profesional, pentru ca procesul cu asigurarea s\u0103 decurg\u0103 f\u0103r\u0103 probleme. Faay Auto Groep este o companie recunoscut\u0103 de evaluare pentru \u00eentreaga mediere de evaluare a ma\u0219inilor dumneavoastr\u0103 \u00een Nieuwegein. Putem efectua evaluari de daune, precum si evaluari din motive fiscale sau de asigurare.<\/p>\n\n\n\n<h2 class=\"wp-block-heading\">Cum func\u021bioneaz\u0103 medierea \u00een evaluarea ma\u0219inii?<\/h2>\n\n\n\n<p>Prima \u00eentrebare este dac\u0103 daunele mai pot fi reparate. Dac\u0103 nu este cazul, adic\u0103 ma\u0219ina dvs. este o pierdere total\u0103, vom \u00eentocmi un studiu am\u0103nun\u021bit de valoare actual\u0103 pentru dvs. Valoarea rezidual\u0103 a ma\u0219inii dumneavoastr\u0103 va fi stabilit\u0103 \u00een consultare cu funda\u021bia VBV. Aceast\u0103 funda\u021bie este format\u0103 din cump\u0103r\u0103tori recunoscu\u021bi \u0219i, prin urmare, are multe cuno\u0219tin\u021be \u00een acest domeniu. Dac\u0103 deteriorarea ma\u0219inii poate fi reparat\u0103, aceasta se poate face \u0219i f\u0103r\u0103 ordin de repara\u021bie. Apoi se calculeaz\u0103 daunele vizibile ale ma\u0219inii dumneavoastr\u0103 la data expertului.<\/p>\n\n\n\n<p>Noi, \u00een calitate de partener pentru medierea \u00een evaluarea ma\u0219inii, vom discuta acest lucru cu reparatorul daunelor. Expertiza are loc de preferin\u021b\u0103 \u00een prima zi a repara\u021biei. Astfel ne putem asigura c\u0103 repara\u021bia este supravegheat\u0103 \u00een mod corect. \u00cen cazul \u00een care nu exist\u0103 nicio interven\u021bie din partea unui ajustator de pierderi, poate fi efectuat\u0103 o verificare a facturii. Apoi datele reparatorului vor fi verificate pentru eventuale erori.<\/p>\n\n\n\n<h2 class=\"wp-block-heading\">Ai nevoie de un raport de evaluare?<\/h2>\n\n\n\n<p>De asemenea, v\u0103 pute\u021bi \u00eentocmi un raport de evaluare f\u0103r\u0103 avarie auto. Apoi, valoarea ma\u0219inii este determinat\u0103 \u00een func\u021bie de caracteristici \u0219i stare. Dac\u0103 apoi sunte\u021bi implicat \u00eentr-un accident din vina dumneavoastr\u0103, asigur\u0103torul celeilalte p\u0103r\u021bi trebuie s\u0103 pl\u0103teasc\u0103 daunele pe baza valorii de evaluare. Dac\u0103 nu ave\u021bi un raport de evaluare, acesta se va face pe baza valorii curente.<\/p>\n\n\n\n<div class=\"wp-block-buttons is-content-justification-center is-layout-flex wp-block-buttons-is-layout-flex\">\n<div class=\"wp-block-button has-custom-width wp-block-button__width-50\"><a class=\"wp-block-button__link has-black-color has-luminous-vivid-amber-background-color has-text-color has-background no-border-radius\" href=\"https:\/\/www.faayautogroep.nl\/ro\/a-lua-legatura-2\/\">Solicita\u021bi verificarea daunelor ma\u0219inii dumneavoastr\u0103 de c\u0103tre noi<\/a><\/div>\n<\/div>","protected":false},"excerpt":{"rendered":"<p>Heeft u schade aan uw personenauto, oldtimer, vrachtwagen of caravan? Dan is het belangrijk dat de schade deskundig getaxeerd wordt, zodat het proces met de verzekering gemakkelijk verloopt. Faay Auto Groep is een erkend taxatiebedrijf voor al uw bemiddeling autotaxatie in Nieuwegein. Wij kunnen zowel schadetaxaties als taxaties voor fiscale of verzekeringsredenen uitvoeren. Hoe gaat [&hellip;]<\/p>\n","protected":false},"author":1,"featured_media":19264,"parent":0,"menu_order":0,"comment_status":"closed","ping_status":"closed","template":"template-parts\/page-template-full-width.php","meta":{"_uag_custom_page_level_css":"","site-sidebar-layout":"default","site-content-layout":"","ast-site-content-layout":"default","site-content-style":"default","site-sidebar-style":"default","ast-global-header-display":"","ast-banner-title-visibility":"","ast-main-header-display":"","ast-hfb-above-header-display":"","ast-hfb-below-header-display":"","ast-hfb-mobile-header-display":"","site-post-title":"","ast-breadcrumbs-content":"","ast-featured-img":"","footer-sml-layout":"","ast-disable-related-posts":"","theme-transparent-header-meta":"","adv-header-id-meta":"","stick-header-meta":"","header-above-stick-meta":"","header-main-stick-meta":"","header-below-stick-meta":"","astra-migrate-meta-layouts":"default","ast-page-background-enabled":"default","ast-page-background-meta":{"desktop":{"background-color":"","background-image":"","background-repeat":"repeat","background-position":"center center","background-size":"auto","background-attachment":"scroll","background-type":"","background-media":"","overlay-type":"","overlay-color":"","overlay-opacity":"","overlay-gradient":""},"tablet":{"background-color":"","background-image":"","background-repeat":"repeat","background-position":"center center","background-size":"auto","background-attachment":"scroll","background-type":"","background-media":"","overlay-type":"","overlay-color":"","overlay-opacity":"","overlay-gradient":""},"mobile":{"background-color":"","background-image":"","background-repeat":"repeat","background-position":"center center","background-size":"auto","background-attachment":"scroll","background-type":"","background-media":"","overlay-type":"","overlay-color":"","overlay-opacity":"","overlay-gradient":""}},"ast-content-background-meta":{"desktop":{"background-color":"var(--ast-global-color-5)","background-image":"","background-repeat":"repeat","background-position":"center center","background-size":"auto","background-attachment":"scroll","background-type":"","background-media":"","overlay-type":"","overlay-color":"","overlay-opacity":"","overlay-gradient":""},"tablet":{"background-color":"var(--ast-global-color-5)","background-image":"","background-repeat":"repeat","background-position":"center center","background-size":"auto","background-attachment":"scroll","background-type":"","background-media":"","overlay-type":"","overlay-color":"","overlay-opacity":"","overlay-gradient":""},"mobile":{"background-color":"var(--ast-global-color-5)","background-image":"","background-repeat":"repeat","background-position":"center center","background-size":"auto","background-attachment":"scroll","background-type":"","background-media":"","overlay-type":"","overlay-color":"","overlay-opacity":"","overlay-gradient":""}},"footnotes":""},"class_list":["post-201","page","type-page","status-publish","has-post-thumbnail","hentry"],"aioseo_notices":[],"spectra_custom_meta":{"_edit_lock":["1617354699:2"],"_edit_last":["2"],"_yoast_wpseo_estimated-reading-time-minutes":["2"],"_wp_page_template":["template-parts\/page-template-full-width.php"],"_yoast_wpseo_content_score":["60"],"_thumbnail_id":["19264"],"_trp_automatically_translated_slug_es_ES":["mediate-danos-y-reparacion-de-danos"],"_trp_automatically_translated_slug_pl_PL":["posredniczyc-w-naprawie-szkod"],"_trp_automatically_translated_slug_ro_RO":["intermediar-daune-si-repararea-daunelor"],"_trp_automatically_translated_slug_fr_FR":["mediation-dommage-et-reparation-dommage"],"_trp_automatically_translated_slug_ru_RU":["%d1%80%d0%b5%d0%bc%d0%be%d0%bd%d1%82-%d1%81-%d0%be%d0%bf%d0%be%d1%81%d1%80%d0%b5%d0%b4%d0%be%d0%b2%d0%b0%d0%bd%d0%bd%d1%8b%d0%bc-%d0%bf%d0%be%d0%b2%d1%80%d0%b5%d0%b6%d0%b4%d0%b5%d0%bd%d0%b8%d0%b5"],"_trp_automatically_translated_slug_de_DE":["vermittlung-von-schaden-und-reparatur-von-schaden"],"_trp_automatically_translated_slug_en_GB":["mediate-damage-and-damage-repair"],"_uag_css_file_name":["uag-css-201.css"],"_uag_page_assets":["a:9:{s:3:\"css\";s:10237:\".uag-blocks-common-selector{z-index:var(--z-index-desktop) !important}@media (max-width: 976px){.uag-blocks-common-selector{z-index:var(--z-index-tablet) !important}}@media (max-width: 767px){.uag-blocks-common-selector{z-index:var(--z-index-mobile) !important}}\n.wp-block-uagb-image{display:flex}.wp-block-uagb-image__figure{position:relative;display:flex;flex-direction:column;max-width:100%;height:auto;margin:0}.wp-block-uagb-image__figure img{height:auto;display:flex;max-width:100%;transition:box-shadow 0.2s ease}.wp-block-uagb-image__figure>a{display:inline-block}.wp-block-uagb-image__figure figcaption{text-align:center;margin-top:0.5em;margin-bottom:1em}.wp-block-uagb-image .components-placeholder.block-editor-media-placeholder .components-placeholder__instructions{align-self:center}.wp-block-uagb-image--align-left{text-align:left}.wp-block-uagb-image--align-right{text-align:right}.wp-block-uagb-image--align-center{text-align:center}.wp-block-uagb-image--align-full .wp-block-uagb-image__figure{margin-left:calc(50% - 50vw);margin-right:calc(50% - 50vw);max-width:100vw;width:100vw;height:auto}.wp-block-uagb-image--align-full .wp-block-uagb-image__figure img{height:auto;width:100% !important}.wp-block-uagb-image--align-wide .wp-block-uagb-image__figure img{height:auto;width:100%}.wp-block-uagb-image--layout-overlay__color-wrapper{position:absolute;left:0;top:0;right:0;bottom:0;opacity:0.2;background:rgba(0,0,0,0.5);transition:opacity 0.35s ease-in-out}.wp-block-uagb-image--layout-overlay-link{position:absolute;left:0;right:0;bottom:0;top:0}.wp-block-uagb-image--layout-overlay .wp-block-uagb-image__figure:hover .wp-block-uagb-image--layout-overlay__color-wrapper{opacity:1}.wp-block-uagb-image--layout-overlay__inner{position:absolute;left:15px;right:15px;bottom:15px;top:15px;display:flex;align-items:center;justify-content:center;flex-direction:column;border-color:#fff;transition:0.35s ease-in-out}.wp-block-uagb-image--layout-overlay__inner.top-left,.wp-block-uagb-image--layout-overlay__inner.top-center,.wp-block-uagb-image--layout-overlay__inner.top-right{justify-content:flex-start}.wp-block-uagb-image--layout-overlay__inner.bottom-left,.wp-block-uagb-image--layout-overlay__inner.bottom-center,.wp-block-uagb-image--layout-overlay__inner.bottom-right{justify-content:flex-end}.wp-block-uagb-image--layout-overlay__inner.top-left,.wp-block-uagb-image--layout-overlay__inner.center-left,.wp-block-uagb-image--layout-overlay__inner.bottom-left{align-items:flex-start}.wp-block-uagb-image--layout-overlay__inner.top-right,.wp-block-uagb-image--layout-overlay__inner.center-right,.wp-block-uagb-image--layout-overlay__inner.bottom-right{align-items:flex-end}.wp-block-uagb-image--layout-overlay__inner .uagb-image-heading{color:#fff;transition:transform 0.35s, opacity 0.35s ease-in-out;transform:translate3d(0, 24px, 0);margin:0;line-height:1em}.wp-block-uagb-image--layout-overlay__inner .uagb-image-separator{width:30%;border-top-width:2px;border-top-color:#fff;border-top-style:solid;margin-bottom:10px;opacity:0;transition:transform 0.4s, opacity 0.4s ease-in-out;transform:translate3d(0, 30px, 0)}.wp-block-uagb-image--layout-overlay__inner .uagb-image-caption{opacity:0;overflow:visible;color:#fff;transition:transform 0.45s, opacity 0.45s ease-in-out;transform:translate3d(0, 35px, 0)}.wp-block-uagb-image--layout-overlay__inner:hover .uagb-image-heading,.wp-block-uagb-image--layout-overlay__inner:hover .uagb-image-separator,.wp-block-uagb-image--layout-overlay__inner:hover .uagb-image-caption{opacity:1;transform:translate3d(0, 0, 0)}.wp-block-uagb-image--effect-zoomin .wp-block-uagb-image__figure img,.wp-block-uagb-image--effect-zoomin .wp-block-uagb-image__figure .wp-block-uagb-image--layout-overlay__color-wrapper{transform:scale(1);transition:transform 0.35s ease-in-out}.wp-block-uagb-image--effect-zoomin .wp-block-uagb-image__figure:hover img,.wp-block-uagb-image--effect-zoomin .wp-block-uagb-image__figure:hover .wp-block-uagb-image--layout-overlay__color-wrapper{transform:scale(1.05)}.wp-block-uagb-image--effect-slide .wp-block-uagb-image__figure img,.wp-block-uagb-image--effect-slide .wp-block-uagb-image__figure .wp-block-uagb-image--layout-overlay__color-wrapper{width:calc(100% + 40px) !important;max-width:none !important;transform:translate3d(-40px, 0, 0);transition:transform 0.35s ease-in-out}.wp-block-uagb-image--effect-slide .wp-block-uagb-image__figure:hover img,.wp-block-uagb-image--effect-slide .wp-block-uagb-image__figure:hover .wp-block-uagb-image--layout-overlay__color-wrapper{transform:translate3d(0, 0, 0)}.wp-block-uagb-image--effect-grayscale img{filter:grayscale(0%);transition:0.35s ease-in-out}.wp-block-uagb-image--effect-grayscale:hover img{filter:grayscale(100%)}.wp-block-uagb-image--effect-blur img{filter:blur(0);transition:0.35s ease-in-out}.wp-block-uagb-image--effect-blur:hover img{filter:blur(3px)}\n.uagb-block-1afaa6ec.wp-block-uagb-image{margin-top: 0px;margin-right: 0px;margin-bottom: 0px;margin-left: 0px;}.uagb-block-1afaa6ec.wp-block-uagb-image--layout-default figure img{box-shadow: 0px 0px 0 #00000070;}.uagb-block-1afaa6ec.wp-block-uagb-image .wp-block-uagb-image__figure figcaption{font-style: normal;align-self: center;}.uagb-block-1afaa6ec.wp-block-uagb-image--layout-overlay figure img{box-shadow: 0px 0px 0 #00000070;}.uagb-block-1afaa6ec.wp-block-uagb-image--layout-overlay .wp-block-uagb-image--layout-overlay__color-wrapper{opacity: 0.2;}.uagb-block-1afaa6ec.wp-block-uagb-image--layout-overlay .wp-block-uagb-image--layout-overlay__inner{left: 15px;right: 15px;top: 15px;bottom: 15px;}.uagb-block-1afaa6ec.wp-block-uagb-image--layout-overlay .wp-block-uagb-image--layout-overlay__inner .uagb-image-heading{font-style: normal;color: #fff;opacity: 1;}.uagb-block-1afaa6ec.wp-block-uagb-image--layout-overlay .wp-block-uagb-image--layout-overlay__inner .uagb-image-heading a{color: #fff;}.uagb-block-1afaa6ec.wp-block-uagb-image--layout-overlay .wp-block-uagb-image--layout-overlay__inner .uagb-image-caption{opacity: 0;}.uagb-block-1afaa6ec.wp-block-uagb-image--layout-overlay .wp-block-uagb-image__figure:hover .wp-block-uagb-image--layout-overlay__color-wrapper{opacity: 1;}.uagb-block-1afaa6ec.wp-block-uagb-image .wp-block-uagb-image--layout-overlay__inner .uagb-image-separator{width: 30%;border-top-width: 2px;border-top-color: #fff;opacity: 0;}.uagb-block-1afaa6ec.wp-block-uagb-image .wp-block-uagb-image__figure img{width: 1024px;height: auto;}.uagb-block-1afaa6ec.wp-block-uagb-image .wp-block-uagb-image__figure:hover .wp-block-uagb-image--layout-overlay__inner .uagb-image-caption{opacity: 1;}.uagb-block-1afaa6ec.wp-block-uagb-image .wp-block-uagb-image__figure:hover .wp-block-uagb-image--layout-overlay__inner .uagb-image-separator{opacity: 1;}.uagb-block-1afaa6ec.wp-block-uagb-image--layout-default figure:hover img{box-shadow: 0px 0px 0 #00000070;}.uagb-block-1afaa6ec.wp-block-uagb-image--layout-overlay figure:hover img{box-shadow: 0px 0px 0 #00000070;}@media only screen and (max-width: 976px) {.uagb-block-1afaa6ec.wp-block-uagb-image .wp-block-uagb-image__figure img{width: 1024px;height: auto;}}@media only screen and (max-width: 767px) {.uagb-block-1afaa6ec.wp-block-uagb-image .wp-block-uagb-image__figure img{width: 1024px;height: auto;}}.wp-block-uagb-advanced-heading h1,.wp-block-uagb-advanced-heading h2,.wp-block-uagb-advanced-heading h3,.wp-block-uagb-advanced-heading h4,.wp-block-uagb-advanced-heading h5,.wp-block-uagb-advanced-heading h6,.wp-block-uagb-advanced-heading p,.wp-block-uagb-advanced-heading div{word-break:break-word}.wp-block-uagb-advanced-heading .uagb-heading-text{margin:0}.wp-block-uagb-advanced-heading .uagb-desc-text{margin:0}.wp-block-uagb-advanced-heading .uagb-separator{font-size:0;border-top-style:solid;display:inline-block;margin:0 0 10px 0}.wp-block-uagb-advanced-heading .uagb-highlight{color:#f78a0c;border:0;transition:all 0.3s ease}.uag-highlight-toolbar{border-left:0;border-top:0;border-bottom:0;border-radius:0;border-right-color:#1e1e1e}.uag-highlight-toolbar .components-button{border-radius:0;outline:none}.uag-highlight-toolbar .components-button.is-primary{color:#fff}\n.wp-block-uagb-advanced-heading.uagb-block-eb913f20.wp-block-uagb-advanced-heading .uagb-heading-text{color: #ffffff;}.wp-block-uagb-advanced-heading.uagb-block-eb913f20.wp-block-uagb-advanced-heading {margin-top: -29px;margin-right: 0px;margin-bottom: 0px;margin-left: 0px;padding-top: 0px;padding-right: 0px;padding-bottom: 0px;padding-left: 0px;}.wp-block-uagb-advanced-heading.uagb-block-eb913f20.wp-block-uagb-advanced-heading .uagb-desc-text{margin-bottom: 15px;}.wp-block-uagb-advanced-heading.uagb-block-eb913f20.wp-block-uagb-advanced-heading .uagb-highlight{font-style: normal;font-weight: Default;background: #007cba;color: #fff;-webkit-text-fill-color: #fff;}.wp-block-uagb-advanced-heading.uagb-block-eb913f20.wp-block-uagb-advanced-heading .uagb-highlight::-moz-selection{color: #fff;background: #007cba;-webkit-text-fill-color: #fff;}.wp-block-uagb-advanced-heading.uagb-block-eb913f20.wp-block-uagb-advanced-heading .uagb-highlight::selection{color: #fff;background: #007cba;-webkit-text-fill-color: #fff;}.wp-block-uagb-advanced-heading.uagb-block-97eb29cd.wp-block-uagb-advanced-heading .uagb-heading-text{color: var(--ast-global-color-5);}.wp-block-uagb-advanced-heading.uagb-block-97eb29cd.wp-block-uagb-advanced-heading a{color: var(--ast-global-color-5);}.wp-block-uagb-advanced-heading.uagb-block-97eb29cd.wp-block-uagb-advanced-heading .uagb-desc-text{margin-bottom: 15px;}.wp-block-uagb-advanced-heading.uagb-block-97eb29cd.wp-block-uagb-advanced-heading .uagb-highlight{font-style: normal;font-weight: Default;background: #007cba;color: #fff;-webkit-text-fill-color: #fff;}.wp-block-uagb-advanced-heading.uagb-block-97eb29cd.wp-block-uagb-advanced-heading .uagb-highlight::-moz-selection{color: #fff;background: #007cba;-webkit-text-fill-color: #fff;}.wp-block-uagb-advanced-heading.uagb-block-97eb29cd.wp-block-uagb-advanced-heading .uagb-highlight::selection{color: #fff;background: #007cba;-webkit-text-fill-color: #fff;}.wp-block-uagb-advanced-heading.uagb-block-97eb29cd .uagb-heading-text{font-weight: 400;font-size: 22px;margin-bottom: 22px;}\";s:2:\"js\";s:0:\"\";s:18:\"current_block_list\";a:12:{i:0;s:14:\"core\/paragraph\";i:1;s:12:\"core\/heading\";i:2;s:12:\"core\/buttons\";i:3;s:11:\"core\/button\";i:4;s:11:\"core\/search\";i:5;s:10:\"core\/group\";i:6;s:17:\"core\/latest-posts\";i:7;s:20:\"core\/latest-comments\";i:8;s:13:\"core\/archives\";i:9;s:15:\"core\/categories\";i:10;s:10:\"uagb\/image\";i:11;s:21:\"uagb\/advanced-heading\";}s:8:\"uag_flag\";b:1;s:11:\"uag_version\";s:10:\"1776700018\";s:6:\"gfonts\";a:0:{}s:10:\"gfonts_url\";s:0:\"\";s:12:\"gfonts_files\";a:0:{}s:14:\"uag_faq_layout\";b:0;}"]},"uagb_featured_image_src":{"full":["https:\/\/www.faayautogroep.nl\/wp-content\/uploads\/2021\/03\/volkswagen-golf-dark-light-1-1-e1616140636642.png",1600,352,false],"thumbnail":["https:\/\/www.faayautogroep.nl\/wp-content\/uploads\/2021\/03\/volkswagen-golf-dark-light-1-1-e1616140636642-150x150.png",150,150,true],"medium":["https:\/\/www.faayautogroep.nl\/wp-content\/uploads\/2021\/03\/volkswagen-golf-dark-light-1-1-e1616140636642-300x66.png",300,66,true],"medium_large":["https:\/\/www.faayautogroep.nl\/wp-content\/uploads\/2021\/03\/volkswagen-golf-dark-light-1-1-e1616140636642-768x169.png",768,169,true],"large":["https:\/\/www.faayautogroep.nl\/wp-content\/uploads\/2021\/03\/volkswagen-golf-dark-light-1-1-e1616140636642-1024x225.png",1024,225,true],"1536x1536":["https:\/\/www.faayautogroep.nl\/wp-content\/uploads\/2021\/03\/volkswagen-golf-dark-light-1-1-e1616140636642-1536x338.png",1536,338,true],"2048x2048":["https:\/\/www.faayautogroep.nl\/wp-content\/uploads\/2021\/03\/volkswagen-golf-dark-light-1-1-e1616140636642.png",1600,352,false],"trp-custom-language-flag":["https:\/\/www.faayautogroep.nl\/wp-content\/uploads\/2021\/03\/volkswagen-golf-dark-light-1-1-e1616140636642.png",18,4,false]},"uagb_author_info":{"display_name":"admin","author_link":"https:\/\/www.faayautogroep.nl\/ro\/author\/admin\/"},"uagb_comment_info":0,"uagb_excerpt":"Heeft u schade aan uw personenauto, oldtimer, vrachtwagen of caravan? Dan is het belangrijk dat de schade deskundig getaxeerd wordt, zodat het proces met de verzekering gemakkelijk verloopt. Faay Auto Groep is een erkend taxatiebedrijf voor al uw bemiddeling autotaxatie in Nieuwegein. Wij kunnen zowel schadetaxaties als taxaties voor fiscale of verzekeringsredenen uitvoeren. Hoe gaat&hellip;","_links":{"self":[{"href":"https:\/\/www.faayautogroep.nl\/ro\/wp-json\/wp\/v2\/pages\/201","targetHints":{"allow":["GET"]}}],"collection":[{"href":"https:\/\/www.faayautogroep.nl\/ro\/wp-json\/wp\/v2\/pages"}],"about":[{"href":"https:\/\/www.faayautogroep.nl\/ro\/wp-json\/wp\/v2\/types\/page"}],"author":[{"embeddable":true,"href":"https:\/\/www.faayautogroep.nl\/ro\/wp-json\/wp\/v2\/users\/1"}],"replies":[{"embeddable":true,"href":"https:\/\/www.faayautogroep.nl\/ro\/wp-json\/wp\/v2\/comments?post=201"}],"version-history":[{"count":0,"href":"https:\/\/www.faayautogroep.nl\/ro\/wp-json\/wp\/v2\/pages\/201\/revisions"}],"wp:featuredmedia":[{"embeddable":true,"href":"https:\/\/www.faayautogroep.nl\/ro\/wp-json\/wp\/v2\/media\/19264"}],"wp:attachment":[{"href":"https:\/\/www.faayautogroep.nl\/ro\/wp-json\/wp\/v2\/media?parent=201"}],"curies":[{"name":"wp","href":"https:\/\/api.w.org\/{rel}","templated":true}]}}