{"id":222,"date":"2021-02-28T21:05:56","date_gmt":"2021-02-28T21:05:56","guid":{"rendered":"https:\/\/www.faayautogroep.nl\/?page_id=222"},"modified":"2025-11-16T17:05:12","modified_gmt":"2025-11-16T15:05:12","slug":"vliegwiel-vervangen","status":"publish","type":"page","link":"https:\/\/www.faayautogroep.nl\/fr\/remplacement-du-volant\/","title":{"rendered":"Remplacer le volant"},"content":{"rendered":"<p>Le volant d&#039;inertie est une pi\u00e8ce qui stocke de l&#039;\u00e9nergie. Il se charge par rotation et fournit du couple \u00e0 la demande. Ceci est tr\u00e8s important pour les moteurs qui subiraient autrement de fortes vibrations. Les moteurs deviennent plus petits et plus puissants, c&#039;est pourquoi la construction du volant d&#039;inertie avait besoin d&#039;une mise \u00e0 jour. De nos jours, le volant bimasse devient progressivement la norme. Cela pr\u00e9sente un certain nombre d&#039;avantages et entra\u00eene \u00e9galement imm\u00e9diatement des co\u00fbts plus \u00e9lev\u00e9s.<\/p>\n\n\n\n<p>Sa construction condamne le moteur \u00e0 pistons aux secousses et aux cliquetis. Cela commence par une explosion qui enfonce un piston. Ce mouvement lin\u00e9aire est absorb\u00e9 via deux articulations par une bielle et le vilebrequin. Ensuite, le mouvement lin\u00e9aire est converti en un mouvement de rotation. Cette rotation est finalement transmise \u00e0 l&#039;embrayage et de l\u00e0 \u00e0 la bo\u00eete de vitesses.<\/p>\n\n\n\n<p>Les moteurs monocylindres \u00e0 quatre temps ne peuvent pas fonctionner sans volant d&#039;inertie. Ces moteurs doivent g\u00e9n\u00e9rer suffisamment de puissance en un seul coup de piston pour pouvoir accomplir les trois coups suivants. Les moteurs radiaux multicylindres, en revanche, peuvent se passer d&#039;un volant d&#039;inertie.<\/p>\n\n\n\n<p>Ces derni\u00e8res ann\u00e9es, les moteurs de voiture sont devenus beaucoup plus puissants et d\u00e9livrent plus de puissance avec moins de cylindres. G\u00e9n\u00e9rer 100 ch avec un moteur trois cylindres et \u00e0 peine 1 litre de cylindr\u00e9e est d\u00e9sormais standard. Le probl\u00e8me, ce sont les vibrations que cela cr\u00e9e, qui pourraient conduire \u00e0 une r\u00e9sonance destructrice. Cela peut endommager gravement le moteur et les engrenages.<\/p>\n\n\n\n<p>Avant la forte mont\u00e9e en puissance, le volant moteur int\u00e9gr\u00e9 au disque d&#039;embrayage suffisait au bon fonctionnement du moteur. Pour les moteurs d&#039;aujourd&#039;hui, cela ne suffit plus. Ceux-ci n\u00e9cessitent un volant d&#039;inertie qui stocke l&#039;\u00e9nergie de rotation et s\u00e9pare \u00e9galement de mani\u00e8re fiable les vibrations du moteur de la bo\u00eete de vitesses. Le volant bimasse a \u00e9t\u00e9 d\u00e9velopp\u00e9 \u00e0 cet effet.<\/p>\n\n\n\n<p>Le volant bimasse est un composant s\u00e9par\u00e9 qui n&#039;est plus int\u00e9gr\u00e9 au disque d&#039;embrayage. Il est r\u00e9pertori\u00e9 et vendu s\u00e9par\u00e9ment.<\/p>\n\n\n\n<h2 class=\"wp-block-heading\">Remplacement du volant<\/h2>\n\n\n\n<p>Le remplacement d&#039;un volant bimasse est aussi compliqu\u00e9 que le remplacement d&#039;un embrayage. Les deux proc\u00e9dures sont identiques. La dur\u00e9e de vie du volant moteur correspond \u00e0 environ 150 000 km. Lorsque le disque d&#039;embrayage doit \u00eatre remplac\u00e9 apr\u00e8s 120 000 km, il est recommand\u00e9 de remplacer \u00e9galement le volant bimasse imm\u00e9diatement, ce qui vous \u00e9vite beaucoup de travail et fournit un embrayage enti\u00e8rement fonctionnel.<\/p>\n\n\n\n<p>L&#039;inconv\u00e9nient du volant bimasse est son prix. Cela commence \u00e0 250 euros. Plus r\u00e9alistes sont les prix de 500 \u00e0 600 EUR pour une pi\u00e8ce de rechange de haute qualit\u00e9 et durable.<\/p>\n\n\n\n<p>Pour un bricoleur, il vaut mieux gagner du temps que du mat\u00e9riel : lorsque le volant moteur doit \u00eatre d\u00e9mont\u00e9, il est logique de remplacer l&#039;embrayage par celui-ci. Il est important de remplacer l&#039;embrayage comme un ensemble complet. Toutes les pi\u00e8ces associ\u00e9es telles que les joints et les roulements doivent \u00e9galement \u00eatre remplac\u00e9es. Cela garantit un embrayage totalement fiable pour les 120 000 prochains km.<\/p>\n\n\n\n<p>La bo\u00eete de vitesses doit \u00eatre d\u00e9mont\u00e9e pour remplacer le volant bimasse. Cela ne peut se faire qu&#039;en dessous. <\/p>\n\n\n\n<div class=\"wp-block-buttons is-content-justification-center is-layout-flex wp-block-buttons-is-layout-flex\">\n<div class=\"wp-block-button has-custom-width wp-block-button__width-50\"><a class=\"wp-block-button__link has-black-color has-luminous-vivid-amber-background-color has-text-color has-background no-border-radius\" href=\"https:\/\/www.faayautogroep.nl\/fr\/contact-2\/\">Faites remplacer votre volant moteur<\/a><\/div>\n<\/div>\n\n\n\n<h2 class=\"wp-block-heading\">Foire aux questions<\/h2>\n\n\n\n<h3 class=\"wp-block-heading\">Qu&#039;est-ce qu&#039;un volant d&#039;inertie ?<\/h3>\n\n\n<p>Le volant moteur est un composant essentiel qui contribue au bon fonctionnement du moteur. Il est situ\u00e9 entre le moteur et la transmission.<\/p>\n\n\n\n<h3 class=\"wp-block-heading\">Combien de temps faut-il pour remplacer un volant moteur ?<\/h3>\n\n\n<p>Le remplacement du volant moteur prend g\u00e9n\u00e9ralement entre 2 et 4 heures selon le type de v\u00e9hicule.<\/p>\n\n\n\n<h3 class=\"wp-block-heading\">Combien co\u00fbte le remplacement d&#039;un volant moteur ?<\/h3>\n\n\n<p>Les co\u00fbts varient consid\u00e9rablement d&#039;un v\u00e9hicule \u00e0 l&#039;autre. Nous proposons d&#039;abord un diagnostic et un devis gratuits.<\/p>\n\n\n\n<h3 class=\"wp-block-heading\">Comment savoir si mon volant moteur est cass\u00e9 ?<\/h3>\n\n\n<p>Les sympt\u00f4mes incluent\u00a0: vibrations au d\u00e9marrage, difficult\u00e9s \u00e0 changer de vitesse, p\u00e9dale d\u2019embrayage qui patine.<\/p>\n\n\n\n<h3 class=\"wp-block-heading\">Le remplacement d&#039;un volant moteur est-il co\u00fbteux ?<\/h3>\n\n\n<p>Cela peut engendrer des co\u00fbts importants, mais c&#039;est beaucoup moins cher qu&#039;une panne moteur ult\u00e9rieure.<\/p>\n\n\n\n<h3 class=\"wp-block-heading\">Est-ce que le volant moteur remplac\u00e9 est garanti\u00a0?<\/h3>\n\n\n<p>Oui, nous offrons une garantie de 12 mois sur toutes les pi\u00e8ces remplac\u00e9es.<\/p>","protected":false},"excerpt":{"rendered":"<p>Het vliegwiel is een onderdeel dat energie opslaat. Het laadt zich op door rotatie en levert koppel op afroep. Dit is heel belangrijk voor motoren die anders sterke trillingen zouden ondervinden. Motoren worden kleiner en krachtiger en daarom was de constructie van het vliegwiel aan een update toe. Tegenwoordig wordt het dubbelmassa-vliegwiel gaandeweg standaard. Dit [&hellip;]<\/p>\n","protected":false},"author":1,"featured_media":0,"parent":0,"menu_order":0,"comment_status":"closed","ping_status":"closed","template":"","meta":{"_uag_custom_page_level_css":"","site-sidebar-layout":"default","site-content-layout":"","ast-site-content-layout":"default","site-content-style":"default","site-sidebar-style":"default","ast-global-header-display":"","ast-banner-title-visibility":"","ast-main-header-display":"","ast-hfb-above-header-display":"","ast-hfb-below-header-display":"","ast-hfb-mobile-header-display":"","site-post-title":"","ast-breadcrumbs-content":"","ast-featured-img":"","footer-sml-layout":"","ast-disable-related-posts":"","theme-transparent-header-meta":"","adv-header-id-meta":"","stick-header-meta":"","header-above-stick-meta":"","header-main-stick-meta":"","header-below-stick-meta":"","astra-migrate-meta-layouts":"default","ast-page-background-enabled":"default","ast-page-background-meta":{"desktop":{"background-color":"","background-image":"","background-repeat":"repeat","background-position":"center center","background-size":"auto","background-attachment":"scroll","background-type":"","background-media":"","overlay-type":"","overlay-color":"","overlay-opacity":"","overlay-gradient":""},"tablet":{"background-color":"","background-image":"","background-repeat":"repeat","background-position":"center center","background-size":"auto","background-attachment":"scroll","background-type":"","background-media":"","overlay-type":"","overlay-color":"","overlay-opacity":"","overlay-gradient":""},"mobile":{"background-color":"","background-image":"","background-repeat":"repeat","background-position":"center center","background-size":"auto","background-attachment":"scroll","background-type":"","background-media":"","overlay-type":"","overlay-color":"","overlay-opacity":"","overlay-gradient":""}},"ast-content-background-meta":{"desktop":{"background-color":"var(--ast-global-color-5)","background-image":"","background-repeat":"repeat","background-position":"center center","background-size":"auto","background-attachment":"scroll","background-type":"","background-media":"","overlay-type":"","overlay-color":"","overlay-opacity":"","overlay-gradient":""},"tablet":{"background-color":"var(--ast-global-color-5)","background-image":"","background-repeat":"repeat","background-position":"center center","background-size":"auto","background-attachment":"scroll","background-type":"","background-media":"","overlay-type":"","overlay-color":"","overlay-opacity":"","overlay-gradient":""},"mobile":{"background-color":"var(--ast-global-color-5)","background-image":"","background-repeat":"repeat","background-position":"center center","background-size":"auto","background-attachment":"scroll","background-type":"","background-media":"","overlay-type":"","overlay-color":"","overlay-opacity":"","overlay-gradient":""}},"footnotes":""},"class_list":["post-222","page","type-page","status-publish","hentry"],"aioseo_notices":[],"spectra_custom_meta":{"_edit_lock":["1616141233:2"],"_edit_last":["2"],"_yoast_wpseo_estimated-reading-time-minutes":["2"],"_wp_page_template":["default"],"_yoast_wpseo_content_score":["60"],"_trp_automatically_translated_slug_fr_FR":["remplacement-du-volant"],"_trp_automatically_translated_slug_pl_PL":["wymiana-kola-zamachowego"],"_trp_automatically_translated_slug_ru_RU":["%d0%b7%d0%b0%d0%bc%d0%b5%d0%bd%d0%b0-%d0%bc%d0%b0%d1%85%d0%be%d0%b2%d0%b8%d0%ba%d0%b0"],"_trp_automatically_translated_slug_es_ES":["reemplazo-del-volante"],"_trp_automatically_translated_slug_en_GB":["flywheel-replacement"],"_trp_automatically_translated_slug_de_DE":["schwungrad-ersetzen"],"_trp_automatically_translated_slug_ro_RO":["inlocuirea-volantului"],"_uag_css_file_name":["uag-css-222.css"],"_uag_page_assets":["a:9:{s:3:\"css\";s:10237:\".uag-blocks-common-selector{z-index:var(--z-index-desktop) !important}@media (max-width: 976px){.uag-blocks-common-selector{z-index:var(--z-index-tablet) !important}}@media (max-width: 767px){.uag-blocks-common-selector{z-index:var(--z-index-mobile) !important}}\n.wp-block-uagb-image{display:flex}.wp-block-uagb-image__figure{position:relative;display:flex;flex-direction:column;max-width:100%;height:auto;margin:0}.wp-block-uagb-image__figure img{height:auto;display:flex;max-width:100%;transition:box-shadow 0.2s ease}.wp-block-uagb-image__figure>a{display:inline-block}.wp-block-uagb-image__figure figcaption{text-align:center;margin-top:0.5em;margin-bottom:1em}.wp-block-uagb-image .components-placeholder.block-editor-media-placeholder .components-placeholder__instructions{align-self:center}.wp-block-uagb-image--align-left{text-align:left}.wp-block-uagb-image--align-right{text-align:right}.wp-block-uagb-image--align-center{text-align:center}.wp-block-uagb-image--align-full .wp-block-uagb-image__figure{margin-left:calc(50% - 50vw);margin-right:calc(50% - 50vw);max-width:100vw;width:100vw;height:auto}.wp-block-uagb-image--align-full .wp-block-uagb-image__figure img{height:auto;width:100% !important}.wp-block-uagb-image--align-wide .wp-block-uagb-image__figure img{height:auto;width:100%}.wp-block-uagb-image--layout-overlay__color-wrapper{position:absolute;left:0;top:0;right:0;bottom:0;opacity:0.2;background:rgba(0,0,0,0.5);transition:opacity 0.35s ease-in-out}.wp-block-uagb-image--layout-overlay-link{position:absolute;left:0;right:0;bottom:0;top:0}.wp-block-uagb-image--layout-overlay .wp-block-uagb-image__figure:hover .wp-block-uagb-image--layout-overlay__color-wrapper{opacity:1}.wp-block-uagb-image--layout-overlay__inner{position:absolute;left:15px;right:15px;bottom:15px;top:15px;display:flex;align-items:center;justify-content:center;flex-direction:column;border-color:#fff;transition:0.35s ease-in-out}.wp-block-uagb-image--layout-overlay__inner.top-left,.wp-block-uagb-image--layout-overlay__inner.top-center,.wp-block-uagb-image--layout-overlay__inner.top-right{justify-content:flex-start}.wp-block-uagb-image--layout-overlay__inner.bottom-left,.wp-block-uagb-image--layout-overlay__inner.bottom-center,.wp-block-uagb-image--layout-overlay__inner.bottom-right{justify-content:flex-end}.wp-block-uagb-image--layout-overlay__inner.top-left,.wp-block-uagb-image--layout-overlay__inner.center-left,.wp-block-uagb-image--layout-overlay__inner.bottom-left{align-items:flex-start}.wp-block-uagb-image--layout-overlay__inner.top-right,.wp-block-uagb-image--layout-overlay__inner.center-right,.wp-block-uagb-image--layout-overlay__inner.bottom-right{align-items:flex-end}.wp-block-uagb-image--layout-overlay__inner .uagb-image-heading{color:#fff;transition:transform 0.35s, opacity 0.35s ease-in-out;transform:translate3d(0, 24px, 0);margin:0;line-height:1em}.wp-block-uagb-image--layout-overlay__inner .uagb-image-separator{width:30%;border-top-width:2px;border-top-color:#fff;border-top-style:solid;margin-bottom:10px;opacity:0;transition:transform 0.4s, opacity 0.4s ease-in-out;transform:translate3d(0, 30px, 0)}.wp-block-uagb-image--layout-overlay__inner .uagb-image-caption{opacity:0;overflow:visible;color:#fff;transition:transform 0.45s, opacity 0.45s ease-in-out;transform:translate3d(0, 35px, 0)}.wp-block-uagb-image--layout-overlay__inner:hover .uagb-image-heading,.wp-block-uagb-image--layout-overlay__inner:hover .uagb-image-separator,.wp-block-uagb-image--layout-overlay__inner:hover .uagb-image-caption{opacity:1;transform:translate3d(0, 0, 0)}.wp-block-uagb-image--effect-zoomin .wp-block-uagb-image__figure img,.wp-block-uagb-image--effect-zoomin .wp-block-uagb-image__figure .wp-block-uagb-image--layout-overlay__color-wrapper{transform:scale(1);transition:transform 0.35s ease-in-out}.wp-block-uagb-image--effect-zoomin .wp-block-uagb-image__figure:hover img,.wp-block-uagb-image--effect-zoomin .wp-block-uagb-image__figure:hover .wp-block-uagb-image--layout-overlay__color-wrapper{transform:scale(1.05)}.wp-block-uagb-image--effect-slide .wp-block-uagb-image__figure img,.wp-block-uagb-image--effect-slide .wp-block-uagb-image__figure .wp-block-uagb-image--layout-overlay__color-wrapper{width:calc(100% + 40px) !important;max-width:none !important;transform:translate3d(-40px, 0, 0);transition:transform 0.35s ease-in-out}.wp-block-uagb-image--effect-slide .wp-block-uagb-image__figure:hover img,.wp-block-uagb-image--effect-slide .wp-block-uagb-image__figure:hover .wp-block-uagb-image--layout-overlay__color-wrapper{transform:translate3d(0, 0, 0)}.wp-block-uagb-image--effect-grayscale img{filter:grayscale(0%);transition:0.35s ease-in-out}.wp-block-uagb-image--effect-grayscale:hover img{filter:grayscale(100%)}.wp-block-uagb-image--effect-blur img{filter:blur(0);transition:0.35s ease-in-out}.wp-block-uagb-image--effect-blur:hover img{filter:blur(3px)}\n.uagb-block-1afaa6ec.wp-block-uagb-image{margin-top: 0px;margin-right: 0px;margin-bottom: 0px;margin-left: 0px;}.uagb-block-1afaa6ec.wp-block-uagb-image--layout-default figure img{box-shadow: 0px 0px 0 #00000070;}.uagb-block-1afaa6ec.wp-block-uagb-image .wp-block-uagb-image__figure figcaption{font-style: normal;align-self: center;}.uagb-block-1afaa6ec.wp-block-uagb-image--layout-overlay figure img{box-shadow: 0px 0px 0 #00000070;}.uagb-block-1afaa6ec.wp-block-uagb-image--layout-overlay .wp-block-uagb-image--layout-overlay__color-wrapper{opacity: 0.2;}.uagb-block-1afaa6ec.wp-block-uagb-image--layout-overlay .wp-block-uagb-image--layout-overlay__inner{left: 15px;right: 15px;top: 15px;bottom: 15px;}.uagb-block-1afaa6ec.wp-block-uagb-image--layout-overlay .wp-block-uagb-image--layout-overlay__inner .uagb-image-heading{font-style: normal;color: #fff;opacity: 1;}.uagb-block-1afaa6ec.wp-block-uagb-image--layout-overlay .wp-block-uagb-image--layout-overlay__inner .uagb-image-heading a{color: #fff;}.uagb-block-1afaa6ec.wp-block-uagb-image--layout-overlay .wp-block-uagb-image--layout-overlay__inner .uagb-image-caption{opacity: 0;}.uagb-block-1afaa6ec.wp-block-uagb-image--layout-overlay .wp-block-uagb-image__figure:hover .wp-block-uagb-image--layout-overlay__color-wrapper{opacity: 1;}.uagb-block-1afaa6ec.wp-block-uagb-image .wp-block-uagb-image--layout-overlay__inner .uagb-image-separator{width: 30%;border-top-width: 2px;border-top-color: #fff;opacity: 0;}.uagb-block-1afaa6ec.wp-block-uagb-image .wp-block-uagb-image__figure img{width: 1024px;height: auto;}.uagb-block-1afaa6ec.wp-block-uagb-image .wp-block-uagb-image__figure:hover .wp-block-uagb-image--layout-overlay__inner .uagb-image-caption{opacity: 1;}.uagb-block-1afaa6ec.wp-block-uagb-image .wp-block-uagb-image__figure:hover .wp-block-uagb-image--layout-overlay__inner .uagb-image-separator{opacity: 1;}.uagb-block-1afaa6ec.wp-block-uagb-image--layout-default figure:hover img{box-shadow: 0px 0px 0 #00000070;}.uagb-block-1afaa6ec.wp-block-uagb-image--layout-overlay figure:hover img{box-shadow: 0px 0px 0 #00000070;}@media only screen and (max-width: 976px) {.uagb-block-1afaa6ec.wp-block-uagb-image .wp-block-uagb-image__figure img{width: 1024px;height: auto;}}@media only screen and (max-width: 767px) {.uagb-block-1afaa6ec.wp-block-uagb-image .wp-block-uagb-image__figure img{width: 1024px;height: auto;}}.wp-block-uagb-advanced-heading h1,.wp-block-uagb-advanced-heading h2,.wp-block-uagb-advanced-heading h3,.wp-block-uagb-advanced-heading h4,.wp-block-uagb-advanced-heading h5,.wp-block-uagb-advanced-heading h6,.wp-block-uagb-advanced-heading p,.wp-block-uagb-advanced-heading div{word-break:break-word}.wp-block-uagb-advanced-heading .uagb-heading-text{margin:0}.wp-block-uagb-advanced-heading .uagb-desc-text{margin:0}.wp-block-uagb-advanced-heading .uagb-separator{font-size:0;border-top-style:solid;display:inline-block;margin:0 0 10px 0}.wp-block-uagb-advanced-heading .uagb-highlight{color:#f78a0c;border:0;transition:all 0.3s ease}.uag-highlight-toolbar{border-left:0;border-top:0;border-bottom:0;border-radius:0;border-right-color:#1e1e1e}.uag-highlight-toolbar .components-button{border-radius:0;outline:none}.uag-highlight-toolbar .components-button.is-primary{color:#fff}\n.wp-block-uagb-advanced-heading.uagb-block-eb913f20.wp-block-uagb-advanced-heading .uagb-heading-text{color: #ffffff;}.wp-block-uagb-advanced-heading.uagb-block-eb913f20.wp-block-uagb-advanced-heading {margin-top: -29px;margin-right: 0px;margin-bottom: 0px;margin-left: 0px;padding-top: 0px;padding-right: 0px;padding-bottom: 0px;padding-left: 0px;}.wp-block-uagb-advanced-heading.uagb-block-eb913f20.wp-block-uagb-advanced-heading .uagb-desc-text{margin-bottom: 15px;}.wp-block-uagb-advanced-heading.uagb-block-eb913f20.wp-block-uagb-advanced-heading .uagb-highlight{font-style: normal;font-weight: Default;background: #007cba;color: #fff;-webkit-text-fill-color: #fff;}.wp-block-uagb-advanced-heading.uagb-block-eb913f20.wp-block-uagb-advanced-heading .uagb-highlight::-moz-selection{color: #fff;background: #007cba;-webkit-text-fill-color: #fff;}.wp-block-uagb-advanced-heading.uagb-block-eb913f20.wp-block-uagb-advanced-heading .uagb-highlight::selection{color: #fff;background: #007cba;-webkit-text-fill-color: #fff;}.wp-block-uagb-advanced-heading.uagb-block-97eb29cd.wp-block-uagb-advanced-heading .uagb-heading-text{color: var(--ast-global-color-5);}.wp-block-uagb-advanced-heading.uagb-block-97eb29cd.wp-block-uagb-advanced-heading a{color: var(--ast-global-color-5);}.wp-block-uagb-advanced-heading.uagb-block-97eb29cd.wp-block-uagb-advanced-heading .uagb-desc-text{margin-bottom: 15px;}.wp-block-uagb-advanced-heading.uagb-block-97eb29cd.wp-block-uagb-advanced-heading .uagb-highlight{font-style: normal;font-weight: Default;background: #007cba;color: #fff;-webkit-text-fill-color: #fff;}.wp-block-uagb-advanced-heading.uagb-block-97eb29cd.wp-block-uagb-advanced-heading .uagb-highlight::-moz-selection{color: #fff;background: #007cba;-webkit-text-fill-color: #fff;}.wp-block-uagb-advanced-heading.uagb-block-97eb29cd.wp-block-uagb-advanced-heading .uagb-highlight::selection{color: #fff;background: #007cba;-webkit-text-fill-color: #fff;}.wp-block-uagb-advanced-heading.uagb-block-97eb29cd .uagb-heading-text{font-weight: 400;font-size: 22px;margin-bottom: 22px;}\";s:2:\"js\";s:0:\"\";s:18:\"current_block_list\";a:12:{i:0;s:14:\"core\/paragraph\";i:1;s:12:\"core\/heading\";i:2;s:12:\"core\/buttons\";i:3;s:11:\"core\/button\";i:4;s:11:\"core\/search\";i:5;s:10:\"core\/group\";i:6;s:17:\"core\/latest-posts\";i:7;s:20:\"core\/latest-comments\";i:8;s:13:\"core\/archives\";i:9;s:15:\"core\/categories\";i:10;s:10:\"uagb\/image\";i:11;s:21:\"uagb\/advanced-heading\";}s:8:\"uag_flag\";b:1;s:11:\"uag_version\";s:10:\"1776700018\";s:6:\"gfonts\";a:0:{}s:10:\"gfonts_url\";s:0:\"\";s:12:\"gfonts_files\";a:0:{}s:14:\"uag_faq_layout\";b:0;}"]},"uagb_featured_image_src":{"full":false,"thumbnail":false,"medium":false,"medium_large":false,"large":false,"1536x1536":false,"2048x2048":false,"trp-custom-language-flag":false},"uagb_author_info":{"display_name":"admin","author_link":"https:\/\/www.faayautogroep.nl\/fr\/author\/admin\/"},"uagb_comment_info":0,"uagb_excerpt":"Het vliegwiel is een onderdeel dat energie opslaat. Het laadt zich op door rotatie en levert koppel op afroep. Dit is heel belangrijk voor motoren die anders sterke trillingen zouden ondervinden. Motoren worden kleiner en krachtiger en daarom was de constructie van het vliegwiel aan een update toe. Tegenwoordig wordt het dubbelmassa-vliegwiel gaandeweg standaard. Dit\u2026","_links":{"self":[{"href":"https:\/\/www.faayautogroep.nl\/fr\/wp-json\/wp\/v2\/pages\/222","targetHints":{"allow":["GET"]}}],"collection":[{"href":"https:\/\/www.faayautogroep.nl\/fr\/wp-json\/wp\/v2\/pages"}],"about":[{"href":"https:\/\/www.faayautogroep.nl\/fr\/wp-json\/wp\/v2\/types\/page"}],"author":[{"embeddable":true,"href":"https:\/\/www.faayautogroep.nl\/fr\/wp-json\/wp\/v2\/users\/1"}],"replies":[{"embeddable":true,"href":"https:\/\/www.faayautogroep.nl\/fr\/wp-json\/wp\/v2\/comments?post=222"}],"version-history":[{"count":1,"href":"https:\/\/www.faayautogroep.nl\/fr\/wp-json\/wp\/v2\/pages\/222\/revisions"}],"predecessor-version":[{"id":20013,"href":"https:\/\/www.faayautogroep.nl\/fr\/wp-json\/wp\/v2\/pages\/222\/revisions\/20013"}],"wp:attachment":[{"href":"https:\/\/www.faayautogroep.nl\/fr\/wp-json\/wp\/v2\/media?parent=222"}],"curies":[{"name":"wp","href":"https:\/\/api.w.org\/{rel}","templated":true}]}}