{"id":203,"date":"2021-02-28T20:03:21","date_gmt":"2021-02-28T20:03:21","guid":{"rendered":"https:\/\/www.faayautogroep.nl\/?page_id=203"},"modified":"2025-11-16T17:05:12","modified_gmt":"2025-11-16T15:05:12","slug":"automaatbak-spoelen","status":"publish","type":"page","link":"https:\/\/www.faayautogroep.nl\/fr\/boite-de-vitesse-automatique\/","title":{"rendered":"Distributeur automatique de rin\u00e7agebak"},"content":{"rendered":"<p>Lors du rin\u00e7age de la bo\u00eete de vitesses automatique, l&#039;ancienne huile contamin\u00e9e est retir\u00e9e de la bo\u00eete de vitesses automatique \u00e0 l&#039;aide d&#039;une machine de rin\u00e7age. Cela se fait par un processus de rin\u00e7age connu sous le nom de &quot;Flush&quot;. Le rin\u00e7age se fait avec le moteur en marche et une machine de rin\u00e7age sp\u00e9ciale. Un agent de nettoyage est ajout\u00e9 au cours de ce processus de rin\u00e7age. Cela garantit que les particules de salet\u00e9 d\u00e9tach\u00e9es sont \u00e9galement \u00e9vacu\u00e9es. Lors du rin\u00e7age, toute l&#039;ancienne huile s&#039;\u00e9teint et est progressivement remplac\u00e9e par une nouvelle huile claire. Lorsque le moteur tourne au ralenti, tous les rapports sont pass\u00e9s en douceur. Cela permet au liquide d&#039;atteindre toutes les zones de la transmission.<\/p>\n\n\n\n<h2 class=\"wp-block-heading\">Pourquoi rincer la transmission automatique?<\/h2>\n\n\n\n<p><br>Le rin\u00e7age \u00e9limine toute l&#039;huile et les r\u00e9sidus de la bo\u00eete de vitesses automatique. Cela peut r\u00e9soudre temporairement des probl\u00e8mes avec la bo\u00eete de vitesses automatique. Ce n&#039;est absolument pas une solution structurelle. L&#039;usure de la machine a alors eu lieu et continuera de se poursuivre. Apr\u00e8s le rin\u00e7age, la salet\u00e9 p\u00e9n\u00e9trera \u00e0 nouveau dans la machine car certaines pi\u00e8ces ne fonctionnent plus correctement. Le rin\u00e7age d&#039;une transmission automatique est en fait simplement un changement important de l&#039;huile dans la transmission automatique et pas plus que cela.<\/p>\n\n\n\n<h2 class=\"wp-block-heading\">Changer l&#039;huile de la bo\u00eete de vitesses automatique<\/h2>\n\n\n\n<p>De nombreuses marques utilisent soi-disant une transmission automatique sans entretien, mais cela \u00e9quivaut en r\u00e9alit\u00e9 \u00e0 +-200 000 km. Il s&#039;agit plus d&#039;une histoire de marketing, ce qui rend une voiture moins ch\u00e8re \u00e0 entretenir sur le papier. Toutes les pi\u00e8ces d&#039;une voiture subissent l&#039;usure, y compris une transmission automatique \u00ab sans entretien \u00bb. Il est judicieux de changer l&#039;huile entre 60 000 et 100 000 km, m\u00eame s&#039;il s&#039;agit d&#039;huile \u00e0 vie. De plus, un nouveau filtre et aimant pour la machine. Comme indiqu\u00e9 pr\u00e9c\u00e9demment cela peut aussi se faire par rin\u00e7age, il ne s&#039;agit que d&#039;une vidange efficace.<\/p>\n\n\n\n<div class=\"wp-block-buttons is-content-justification-center is-layout-flex wp-block-buttons-is-layout-flex\">\n<div class=\"wp-block-button has-custom-width wp-block-button__width-50\"><a class=\"wp-block-button__link has-black-color has-luminous-vivid-amber-background-color has-text-color has-background no-border-radius\" href=\"https:\/\/www.faayautogroep.nl\/fr\/contact-2\/\">Faites vidanger votre transmission automatique<\/a><\/div>\n<\/div>\n\n\n\n<p><\/p>\n\n\n\n<h2 class=\"wp-block-heading\">Foire aux questions<\/h2>\n\n\n\n<h3 class=\"wp-block-heading\">Qu&#039;est-ce que la vidange de la transmission automatique\u00a0?<\/h3>\n\n\n<p>La vidange de la transmission automatique consiste \u00e0 nettoyer le syst\u00e8me d&#039;huile interne.<\/p>\n\n\n\n<h3 class=\"wp-block-heading\">\u00c0 quelle fr\u00e9quence faut-il vidanger une bo\u00eete de vitesses automatique\u00a0?<\/h3>\n\n\n<p>G\u00e9n\u00e9ralement tous les 100 000 \u00e0 150 000 kilom\u00e8tres ou tous les 3 \u00e0 4 ans.<\/p>\n\n\n\n<h3 class=\"wp-block-heading\">Combien co\u00fbte la vidange d&#039;une bo\u00eete de vitesses automatique\u00a0?<\/h3>\n\n\n<p>Le nettoyage co\u00fbte environ 200 \u00e0 400 euros. C&#039;est beaucoup moins cher qu&#039;un remplacement complet.<\/p>\n\n\n\n<h3 class=\"wp-block-heading\">Combien de temps cela prend-il?<\/h3>\n\n\n<p>La vidange de la transmission automatique prend environ 1 \u00e0 2 heures.<\/p>\n\n\n\n<h3 class=\"wp-block-heading\">Pourquoi le rin\u00e7age est-il important ?<\/h3>\n\n\n<p>L&#039;huile contamin\u00e9e provoque l&#039;usure. Le rin\u00e7age am\u00e9liore la fiabilit\u00e9.<\/p>\n\n\n\n<h3 class=\"wp-block-heading\">Est-ce que j&#039;ai droit \u00e0 une garantie ?<\/h3>\n\n\n<p>Oui, nous offrons une garantie de 12 mois sur la vidange des transmissions automatiques.<\/p>","protected":false},"excerpt":{"rendered":"<p>Bij het spoelen van de automaatbak wordt met een spoelmachine de oude vervuilde olie uit de automatische versnellingsbak gehaald. Dit gebeurd via een spoelproces beter bekend als \u201cFlushen \u201c. Flushen gebeurt met lopende motor en een speciale spoelmachine. Tijdens dit spoelproces wordt een reinigingsmiddel toegevoegd. Deze zorgt ervoor dat de losgeweekte vuildeeltjes ook mee naar [&hellip;]<\/p>\n","protected":false},"author":1,"featured_media":19264,"parent":0,"menu_order":0,"comment_status":"closed","ping_status":"closed","template":"","meta":{"_uag_custom_page_level_css":"","site-sidebar-layout":"default","site-content-layout":"","ast-site-content-layout":"default","site-content-style":"default","site-sidebar-style":"default","ast-global-header-display":"","ast-banner-title-visibility":"","ast-main-header-display":"","ast-hfb-above-header-display":"","ast-hfb-below-header-display":"","ast-hfb-mobile-header-display":"","site-post-title":"","ast-breadcrumbs-content":"","ast-featured-img":"","footer-sml-layout":"","ast-disable-related-posts":"","theme-transparent-header-meta":"","adv-header-id-meta":"","stick-header-meta":"","header-above-stick-meta":"","header-main-stick-meta":"","header-below-stick-meta":"","astra-migrate-meta-layouts":"default","ast-page-background-enabled":"default","ast-page-background-meta":{"desktop":{"background-color":"","background-image":"","background-repeat":"repeat","background-position":"center center","background-size":"auto","background-attachment":"scroll","background-type":"","background-media":"","overlay-type":"","overlay-color":"","overlay-opacity":"","overlay-gradient":""},"tablet":{"background-color":"","background-image":"","background-repeat":"repeat","background-position":"center center","background-size":"auto","background-attachment":"scroll","background-type":"","background-media":"","overlay-type":"","overlay-color":"","overlay-opacity":"","overlay-gradient":""},"mobile":{"background-color":"","background-image":"","background-repeat":"repeat","background-position":"center center","background-size":"auto","background-attachment":"scroll","background-type":"","background-media":"","overlay-type":"","overlay-color":"","overlay-opacity":"","overlay-gradient":""}},"ast-content-background-meta":{"desktop":{"background-color":"var(--ast-global-color-5)","background-image":"","background-repeat":"repeat","background-position":"center center","background-size":"auto","background-attachment":"scroll","background-type":"","background-media":"","overlay-type":"","overlay-color":"","overlay-opacity":"","overlay-gradient":""},"tablet":{"background-color":"var(--ast-global-color-5)","background-image":"","background-repeat":"repeat","background-position":"center center","background-size":"auto","background-attachment":"scroll","background-type":"","background-media":"","overlay-type":"","overlay-color":"","overlay-opacity":"","overlay-gradient":""},"mobile":{"background-color":"var(--ast-global-color-5)","background-image":"","background-repeat":"repeat","background-position":"center center","background-size":"auto","background-attachment":"scroll","background-type":"","background-media":"","overlay-type":"","overlay-color":"","overlay-opacity":"","overlay-gradient":""}},"footnotes":""},"class_list":["post-203","page","type-page","status-publish","has-post-thumbnail","hentry"],"aioseo_notices":[],"spectra_custom_meta":{"_edit_lock":["1617354388:2"],"_edit_last":["2"],"_yoast_wpseo_estimated-reading-time-minutes":["2"],"_thumbnail_id":["19264"],"_wp_page_template":["default"],"_yoast_wpseo_content_score":["60"],"_trp_automatically_translated_slug_es_ES":["purga-caja-de-cambios-automatica"],"_trp_automatically_translated_slug_en_GB":["automatic-gearbox-flush"],"_trp_automatically_translated_slug_ru_RU":["%d0%bf%d1%80%d0%be%d0%bc%d1%8b%d0%b2%d0%ba%d0%b0-%d0%b0%d0%b2%d1%82%d0%be%d0%bc%d0%b0%d1%82%d0%b8%d1%87%d0%b5%d1%81%d0%ba%d0%be%d0%b9-%d0%ba%d0%be%d1%80%d0%be%d0%b1%d0%ba%d0%b8-%d0%bf%d0%b5%d1%80"],"_trp_automatically_translated_slug_fr_FR":["boite-de-vitesse-automatique"],"_trp_automatically_translated_slug_ro_RO":["spalare-cutie-de-viteze-automata"],"_trp_automatically_translated_slug_de_DE":["automatikgetriebe-spulen"],"_trp_automatically_translated_slug_pl_PL":["plukanie-automatycznej-skrzyni-biegow"],"_uag_css_file_name":["uag-css-203.css"],"_uag_page_assets":["a:9:{s:3:\"css\";s:10237:\".uag-blocks-common-selector{z-index:var(--z-index-desktop) !important}@media (max-width: 976px){.uag-blocks-common-selector{z-index:var(--z-index-tablet) !important}}@media (max-width: 767px){.uag-blocks-common-selector{z-index:var(--z-index-mobile) !important}}\n.wp-block-uagb-image{display:flex}.wp-block-uagb-image__figure{position:relative;display:flex;flex-direction:column;max-width:100%;height:auto;margin:0}.wp-block-uagb-image__figure img{height:auto;display:flex;max-width:100%;transition:box-shadow 0.2s ease}.wp-block-uagb-image__figure>a{display:inline-block}.wp-block-uagb-image__figure figcaption{text-align:center;margin-top:0.5em;margin-bottom:1em}.wp-block-uagb-image .components-placeholder.block-editor-media-placeholder .components-placeholder__instructions{align-self:center}.wp-block-uagb-image--align-left{text-align:left}.wp-block-uagb-image--align-right{text-align:right}.wp-block-uagb-image--align-center{text-align:center}.wp-block-uagb-image--align-full .wp-block-uagb-image__figure{margin-left:calc(50% - 50vw);margin-right:calc(50% - 50vw);max-width:100vw;width:100vw;height:auto}.wp-block-uagb-image--align-full .wp-block-uagb-image__figure img{height:auto;width:100% !important}.wp-block-uagb-image--align-wide .wp-block-uagb-image__figure img{height:auto;width:100%}.wp-block-uagb-image--layout-overlay__color-wrapper{position:absolute;left:0;top:0;right:0;bottom:0;opacity:0.2;background:rgba(0,0,0,0.5);transition:opacity 0.35s ease-in-out}.wp-block-uagb-image--layout-overlay-link{position:absolute;left:0;right:0;bottom:0;top:0}.wp-block-uagb-image--layout-overlay .wp-block-uagb-image__figure:hover .wp-block-uagb-image--layout-overlay__color-wrapper{opacity:1}.wp-block-uagb-image--layout-overlay__inner{position:absolute;left:15px;right:15px;bottom:15px;top:15px;display:flex;align-items:center;justify-content:center;flex-direction:column;border-color:#fff;transition:0.35s ease-in-out}.wp-block-uagb-image--layout-overlay__inner.top-left,.wp-block-uagb-image--layout-overlay__inner.top-center,.wp-block-uagb-image--layout-overlay__inner.top-right{justify-content:flex-start}.wp-block-uagb-image--layout-overlay__inner.bottom-left,.wp-block-uagb-image--layout-overlay__inner.bottom-center,.wp-block-uagb-image--layout-overlay__inner.bottom-right{justify-content:flex-end}.wp-block-uagb-image--layout-overlay__inner.top-left,.wp-block-uagb-image--layout-overlay__inner.center-left,.wp-block-uagb-image--layout-overlay__inner.bottom-left{align-items:flex-start}.wp-block-uagb-image--layout-overlay__inner.top-right,.wp-block-uagb-image--layout-overlay__inner.center-right,.wp-block-uagb-image--layout-overlay__inner.bottom-right{align-items:flex-end}.wp-block-uagb-image--layout-overlay__inner .uagb-image-heading{color:#fff;transition:transform 0.35s, opacity 0.35s ease-in-out;transform:translate3d(0, 24px, 0);margin:0;line-height:1em}.wp-block-uagb-image--layout-overlay__inner .uagb-image-separator{width:30%;border-top-width:2px;border-top-color:#fff;border-top-style:solid;margin-bottom:10px;opacity:0;transition:transform 0.4s, opacity 0.4s ease-in-out;transform:translate3d(0, 30px, 0)}.wp-block-uagb-image--layout-overlay__inner .uagb-image-caption{opacity:0;overflow:visible;color:#fff;transition:transform 0.45s, opacity 0.45s ease-in-out;transform:translate3d(0, 35px, 0)}.wp-block-uagb-image--layout-overlay__inner:hover .uagb-image-heading,.wp-block-uagb-image--layout-overlay__inner:hover .uagb-image-separator,.wp-block-uagb-image--layout-overlay__inner:hover .uagb-image-caption{opacity:1;transform:translate3d(0, 0, 0)}.wp-block-uagb-image--effect-zoomin .wp-block-uagb-image__figure img,.wp-block-uagb-image--effect-zoomin .wp-block-uagb-image__figure .wp-block-uagb-image--layout-overlay__color-wrapper{transform:scale(1);transition:transform 0.35s ease-in-out}.wp-block-uagb-image--effect-zoomin .wp-block-uagb-image__figure:hover img,.wp-block-uagb-image--effect-zoomin .wp-block-uagb-image__figure:hover .wp-block-uagb-image--layout-overlay__color-wrapper{transform:scale(1.05)}.wp-block-uagb-image--effect-slide .wp-block-uagb-image__figure img,.wp-block-uagb-image--effect-slide .wp-block-uagb-image__figure .wp-block-uagb-image--layout-overlay__color-wrapper{width:calc(100% + 40px) !important;max-width:none !important;transform:translate3d(-40px, 0, 0);transition:transform 0.35s ease-in-out}.wp-block-uagb-image--effect-slide .wp-block-uagb-image__figure:hover img,.wp-block-uagb-image--effect-slide .wp-block-uagb-image__figure:hover .wp-block-uagb-image--layout-overlay__color-wrapper{transform:translate3d(0, 0, 0)}.wp-block-uagb-image--effect-grayscale img{filter:grayscale(0%);transition:0.35s ease-in-out}.wp-block-uagb-image--effect-grayscale:hover img{filter:grayscale(100%)}.wp-block-uagb-image--effect-blur img{filter:blur(0);transition:0.35s ease-in-out}.wp-block-uagb-image--effect-blur:hover img{filter:blur(3px)}\n.uagb-block-1afaa6ec.wp-block-uagb-image{margin-top: 0px;margin-right: 0px;margin-bottom: 0px;margin-left: 0px;}.uagb-block-1afaa6ec.wp-block-uagb-image--layout-default figure img{box-shadow: 0px 0px 0 #00000070;}.uagb-block-1afaa6ec.wp-block-uagb-image .wp-block-uagb-image__figure figcaption{font-style: normal;align-self: center;}.uagb-block-1afaa6ec.wp-block-uagb-image--layout-overlay figure img{box-shadow: 0px 0px 0 #00000070;}.uagb-block-1afaa6ec.wp-block-uagb-image--layout-overlay .wp-block-uagb-image--layout-overlay__color-wrapper{opacity: 0.2;}.uagb-block-1afaa6ec.wp-block-uagb-image--layout-overlay .wp-block-uagb-image--layout-overlay__inner{left: 15px;right: 15px;top: 15px;bottom: 15px;}.uagb-block-1afaa6ec.wp-block-uagb-image--layout-overlay .wp-block-uagb-image--layout-overlay__inner .uagb-image-heading{font-style: normal;color: #fff;opacity: 1;}.uagb-block-1afaa6ec.wp-block-uagb-image--layout-overlay .wp-block-uagb-image--layout-overlay__inner .uagb-image-heading a{color: #fff;}.uagb-block-1afaa6ec.wp-block-uagb-image--layout-overlay .wp-block-uagb-image--layout-overlay__inner .uagb-image-caption{opacity: 0;}.uagb-block-1afaa6ec.wp-block-uagb-image--layout-overlay .wp-block-uagb-image__figure:hover .wp-block-uagb-image--layout-overlay__color-wrapper{opacity: 1;}.uagb-block-1afaa6ec.wp-block-uagb-image .wp-block-uagb-image--layout-overlay__inner .uagb-image-separator{width: 30%;border-top-width: 2px;border-top-color: #fff;opacity: 0;}.uagb-block-1afaa6ec.wp-block-uagb-image .wp-block-uagb-image__figure img{width: 1024px;height: auto;}.uagb-block-1afaa6ec.wp-block-uagb-image .wp-block-uagb-image__figure:hover .wp-block-uagb-image--layout-overlay__inner .uagb-image-caption{opacity: 1;}.uagb-block-1afaa6ec.wp-block-uagb-image .wp-block-uagb-image__figure:hover .wp-block-uagb-image--layout-overlay__inner .uagb-image-separator{opacity: 1;}.uagb-block-1afaa6ec.wp-block-uagb-image--layout-default figure:hover img{box-shadow: 0px 0px 0 #00000070;}.uagb-block-1afaa6ec.wp-block-uagb-image--layout-overlay figure:hover img{box-shadow: 0px 0px 0 #00000070;}@media only screen and (max-width: 976px) {.uagb-block-1afaa6ec.wp-block-uagb-image .wp-block-uagb-image__figure img{width: 1024px;height: auto;}}@media only screen and (max-width: 767px) {.uagb-block-1afaa6ec.wp-block-uagb-image .wp-block-uagb-image__figure img{width: 1024px;height: auto;}}.wp-block-uagb-advanced-heading h1,.wp-block-uagb-advanced-heading h2,.wp-block-uagb-advanced-heading h3,.wp-block-uagb-advanced-heading h4,.wp-block-uagb-advanced-heading h5,.wp-block-uagb-advanced-heading h6,.wp-block-uagb-advanced-heading p,.wp-block-uagb-advanced-heading div{word-break:break-word}.wp-block-uagb-advanced-heading .uagb-heading-text{margin:0}.wp-block-uagb-advanced-heading .uagb-desc-text{margin:0}.wp-block-uagb-advanced-heading .uagb-separator{font-size:0;border-top-style:solid;display:inline-block;margin:0 0 10px 0}.wp-block-uagb-advanced-heading .uagb-highlight{color:#f78a0c;border:0;transition:all 0.3s ease}.uag-highlight-toolbar{border-left:0;border-top:0;border-bottom:0;border-radius:0;border-right-color:#1e1e1e}.uag-highlight-toolbar .components-button{border-radius:0;outline:none}.uag-highlight-toolbar .components-button.is-primary{color:#fff}\n.wp-block-uagb-advanced-heading.uagb-block-eb913f20.wp-block-uagb-advanced-heading .uagb-heading-text{color: #ffffff;}.wp-block-uagb-advanced-heading.uagb-block-eb913f20.wp-block-uagb-advanced-heading {margin-top: -29px;margin-right: 0px;margin-bottom: 0px;margin-left: 0px;padding-top: 0px;padding-right: 0px;padding-bottom: 0px;padding-left: 0px;}.wp-block-uagb-advanced-heading.uagb-block-eb913f20.wp-block-uagb-advanced-heading .uagb-desc-text{margin-bottom: 15px;}.wp-block-uagb-advanced-heading.uagb-block-eb913f20.wp-block-uagb-advanced-heading .uagb-highlight{font-style: normal;font-weight: Default;background: #007cba;color: #fff;-webkit-text-fill-color: #fff;}.wp-block-uagb-advanced-heading.uagb-block-eb913f20.wp-block-uagb-advanced-heading .uagb-highlight::-moz-selection{color: #fff;background: #007cba;-webkit-text-fill-color: #fff;}.wp-block-uagb-advanced-heading.uagb-block-eb913f20.wp-block-uagb-advanced-heading .uagb-highlight::selection{color: #fff;background: #007cba;-webkit-text-fill-color: #fff;}.wp-block-uagb-advanced-heading.uagb-block-97eb29cd.wp-block-uagb-advanced-heading .uagb-heading-text{color: var(--ast-global-color-5);}.wp-block-uagb-advanced-heading.uagb-block-97eb29cd.wp-block-uagb-advanced-heading a{color: var(--ast-global-color-5);}.wp-block-uagb-advanced-heading.uagb-block-97eb29cd.wp-block-uagb-advanced-heading .uagb-desc-text{margin-bottom: 15px;}.wp-block-uagb-advanced-heading.uagb-block-97eb29cd.wp-block-uagb-advanced-heading .uagb-highlight{font-style: normal;font-weight: Default;background: #007cba;color: #fff;-webkit-text-fill-color: #fff;}.wp-block-uagb-advanced-heading.uagb-block-97eb29cd.wp-block-uagb-advanced-heading .uagb-highlight::-moz-selection{color: #fff;background: #007cba;-webkit-text-fill-color: #fff;}.wp-block-uagb-advanced-heading.uagb-block-97eb29cd.wp-block-uagb-advanced-heading .uagb-highlight::selection{color: #fff;background: #007cba;-webkit-text-fill-color: #fff;}.wp-block-uagb-advanced-heading.uagb-block-97eb29cd .uagb-heading-text{font-weight: 400;font-size: 22px;margin-bottom: 22px;}\";s:2:\"js\";s:0:\"\";s:18:\"current_block_list\";a:12:{i:0;s:14:\"core\/paragraph\";i:1;s:12:\"core\/heading\";i:2;s:12:\"core\/buttons\";i:3;s:11:\"core\/button\";i:4;s:11:\"core\/search\";i:5;s:10:\"core\/group\";i:6;s:17:\"core\/latest-posts\";i:7;s:20:\"core\/latest-comments\";i:8;s:13:\"core\/archives\";i:9;s:15:\"core\/categories\";i:10;s:10:\"uagb\/image\";i:11;s:21:\"uagb\/advanced-heading\";}s:8:\"uag_flag\";b:1;s:11:\"uag_version\";s:10:\"1776436543\";s:6:\"gfonts\";a:0:{}s:10:\"gfonts_url\";s:0:\"\";s:12:\"gfonts_files\";a:0:{}s:14:\"uag_faq_layout\";b:0;}"]},"uagb_featured_image_src":{"full":["https:\/\/www.faayautogroep.nl\/wp-content\/uploads\/2021\/03\/volkswagen-golf-dark-light-1-1-e1616140636642.png",1600,352,false],"thumbnail":["https:\/\/www.faayautogroep.nl\/wp-content\/uploads\/2021\/03\/volkswagen-golf-dark-light-1-1-e1616140636642-150x150.png",150,150,true],"medium":["https:\/\/www.faayautogroep.nl\/wp-content\/uploads\/2021\/03\/volkswagen-golf-dark-light-1-1-e1616140636642-300x66.png",300,66,true],"medium_large":["https:\/\/www.faayautogroep.nl\/wp-content\/uploads\/2021\/03\/volkswagen-golf-dark-light-1-1-e1616140636642-768x169.png",768,169,true],"large":["https:\/\/www.faayautogroep.nl\/wp-content\/uploads\/2021\/03\/volkswagen-golf-dark-light-1-1-e1616140636642-1024x225.png",1024,225,true],"1536x1536":["https:\/\/www.faayautogroep.nl\/wp-content\/uploads\/2021\/03\/volkswagen-golf-dark-light-1-1-e1616140636642-1536x338.png",1536,338,true],"2048x2048":["https:\/\/www.faayautogroep.nl\/wp-content\/uploads\/2021\/03\/volkswagen-golf-dark-light-1-1-e1616140636642.png",1600,352,false],"trp-custom-language-flag":["https:\/\/www.faayautogroep.nl\/wp-content\/uploads\/2021\/03\/volkswagen-golf-dark-light-1-1-e1616140636642.png",18,4,false]},"uagb_author_info":{"display_name":"admin","author_link":"https:\/\/www.faayautogroep.nl\/fr\/author\/admin\/"},"uagb_comment_info":0,"uagb_excerpt":"Bij het spoelen van de automaatbak wordt met een spoelmachine de oude vervuilde olie uit de automatische versnellingsbak gehaald. Dit gebeurd via een spoelproces beter bekend als \u201cFlushen \u201c. Flushen gebeurt met lopende motor en een speciale spoelmachine. Tijdens dit spoelproces wordt een reinigingsmiddel toegevoegd. Deze zorgt ervoor dat de losgeweekte vuildeeltjes ook mee naar\u2026","_links":{"self":[{"href":"https:\/\/www.faayautogroep.nl\/fr\/wp-json\/wp\/v2\/pages\/203","targetHints":{"allow":["GET"]}}],"collection":[{"href":"https:\/\/www.faayautogroep.nl\/fr\/wp-json\/wp\/v2\/pages"}],"about":[{"href":"https:\/\/www.faayautogroep.nl\/fr\/wp-json\/wp\/v2\/types\/page"}],"author":[{"embeddable":true,"href":"https:\/\/www.faayautogroep.nl\/fr\/wp-json\/wp\/v2\/users\/1"}],"replies":[{"embeddable":true,"href":"https:\/\/www.faayautogroep.nl\/fr\/wp-json\/wp\/v2\/comments?post=203"}],"version-history":[{"count":1,"href":"https:\/\/www.faayautogroep.nl\/fr\/wp-json\/wp\/v2\/pages\/203\/revisions"}],"predecessor-version":[{"id":20016,"href":"https:\/\/www.faayautogroep.nl\/fr\/wp-json\/wp\/v2\/pages\/203\/revisions\/20016"}],"wp:featuredmedia":[{"embeddable":true,"href":"https:\/\/www.faayautogroep.nl\/fr\/wp-json\/wp\/v2\/media\/19264"}],"wp:attachment":[{"href":"https:\/\/www.faayautogroep.nl\/fr\/wp-json\/wp\/v2\/media?parent=203"}],"curies":[{"name":"wp","href":"https:\/\/api.w.org\/{rel}","templated":true}]}}