{"id":19446,"date":"2022-03-04T09:41:55","date_gmt":"2022-03-04T09:41:55","guid":{"rendered":"https:\/\/www.faayautogroep.nl\/?page_id=19446"},"modified":"2022-03-04T10:35:22","modified_gmt":"2022-03-04T10:35:22","slug":"eerste-automonteur-diagnosetechnicus","status":"publish","type":"page","link":"https:\/\/www.faayautogroep.nl\/es\/primer-tecnico-de-diagnostico-mecanico-automotriz\/","title":{"rendered":"Primer Mec\u00e1nico de Autom\u00f3viles \/ T\u00e9cnico de Diagn\u00f3stico"},"content":{"rendered":"<p><strong>Su trabajo en Faay Auto Group<\/strong><br>Como Mec\u00e1nico de Primeros Autos\/T\u00e9cnico de Diagn\u00f3stico, ning\u00fan d\u00eda es igual y hay mucha variedad en tu trabajo, pues con tu experiencia como T\u00e9cnico de Diagn\u00f3stico determinas las fallas del auto. Despu\u00e9s de determinar el mal funcionamiento, se asegurar\u00e1 de que el mal funcionamiento se resuelva cualitativamente y que se lleve a cabo la reparaci\u00f3n. Por supuesto, usted realiza estas actividades de acuerdo con las pautas de la f\u00e1brica y del importador. Durante su trabajo se mantendr\u00e1 en estrecho contacto con el responsable del taller sobre el progreso de la reparaci\u00f3n. Con tus conocimientos y experiencia como T\u00e9cnico de Diagn\u00f3stico, ayudas a los clientes con su movilidad. Su aprecio es por lo que lo haces. Lo hace de forma independiente y en equipo con herramientas avanzadas en un taller moderno.<br><br><\/p>\n\n\n\n<p><strong>Tu perfil<\/strong><br>Por supuesto que tienes experiencia laboral como Mec\u00e1nico de Primeros Autos\/T\u00e9cnico de Diagn\u00f3stico<\/p>\n\n\n\n<p>Adem\u00e1s, eres:<\/p>\n\n\n\n<ul class=\"wp-block-list\"><li>En posesi\u00f3n de un curso MBO completo Autotecnista nivel 4<\/li><li>Est\u00e1 en posesi\u00f3n de un certificado APK o desea obtenerlo<\/li><li>Disponible a tiempo completo o a tiempo parcial<\/li><li>Vivir en la regi\u00f3n<\/li><li>\u00a1Leal, inventiva e implicada!&nbsp;<\/li><li>Sin mentalidad de 9 a 5<\/li><\/ul>\n\n\n\n<p><strong>Nuestra oferta<\/strong><br>Un puesto de mec\u00e1nico desafiante con un empleador leal, inventivo y comprometido. Tambi\u00e9n ofrecemos:<\/p>\n\n\n\n<ul class=\"wp-block-list\"><li>Un buen salario acorde a tu experiencia laboral y edad.<\/li><li>Una funci\u00f3n desafiante en un equipo acogedor con buenos colegas.<\/li><li>Un trabajo en el que estamos abiertos a sus ideas y en el que se valora su propio aporte.<\/li><\/ul>\n\n\n\n<p><strong>\u00bfQu\u00e9 hace que el coraz\u00f3n de tu auto lata m\u00e1s r\u00e1pido?<\/strong><br>Faay Auto Group ha tenido una gran pasi\u00f3n por los autom\u00f3viles durante 15 a\u00f1os. Todos los carros. Veh\u00edculos grandes o peque\u00f1os, de pasajeros o comerciales, lentos o r\u00e1pidos, nuevos o usados, f\u00f3siles o el\u00e9ctricos.<br>Lo que nos conecta es que todos nuestros empleados tienen un coraz\u00f3n para los autom\u00f3viles o una pasi\u00f3n por trabajar con autom\u00f3viles. Y sientes eso. As\u00ed es como siempre vamos un paso m\u00e1s all\u00e1 y con nuestro servicio y servicios establecemos el est\u00e1ndar para todas las empresas de autom\u00f3viles en los Pa\u00edses Bajos.<br><br><\/p>\n\n\n\n<p><strong>\u00bfSe entusiasm\u00f3?<\/strong><br>H\u00e1ganos saber r\u00e1pidamente y aplique de inmediato. \u00a1Sabr\u00e1s lo antes posible si te invitamos a una entrevista!<br>\u00bfTiene alguna pregunta sobre la vacante o nuestra empresa? P\u00f3ngase en contacto con nosotros a trav\u00e9s del siguiente n\u00famero de tel\u00e9fono: 030 601 99 15 o env\u00ede un correo electr\u00f3nico a contact@faayautogroep.nl<\/p>","protected":false},"excerpt":{"rendered":"<p>Je werkzaamheden bij Faay Auto GroepAls&nbsp;Eerste Automonteur \/ Diagnosetechnicus is geen dag hetzelfde en is er veel afwisseling in jouw werk, want met jouw ervaring als Diagnose Technicus stel je de storingen van de auto vast. Na het vaststellen van de storing draag jij zorg voor het kwalitatief oplossen van de storing en uitvoeren van [&hellip;]<\/p>\n","protected":false},"author":2,"featured_media":19434,"parent":0,"menu_order":0,"comment_status":"closed","ping_status":"closed","template":"template-parts\/page-template-full-width.php","meta":{"_uag_custom_page_level_css":"","site-sidebar-layout":"default","site-content-layout":"","ast-site-content-layout":"default","site-content-style":"default","site-sidebar-style":"default","ast-global-header-display":"","ast-banner-title-visibility":"","ast-main-header-display":"","ast-hfb-above-header-display":"","ast-hfb-below-header-display":"","ast-hfb-mobile-header-display":"","site-post-title":"","ast-breadcrumbs-content":"","ast-featured-img":"","footer-sml-layout":"","ast-disable-related-posts":"","theme-transparent-header-meta":"","adv-header-id-meta":"","stick-header-meta":"","header-above-stick-meta":"","header-main-stick-meta":"","header-below-stick-meta":"","astra-migrate-meta-layouts":"default","ast-page-background-enabled":"default","ast-page-background-meta":{"desktop":{"background-color":"","background-image":"","background-repeat":"repeat","background-position":"center center","background-size":"auto","background-attachment":"scroll","background-type":"","background-media":"","overlay-type":"","overlay-color":"","overlay-opacity":"","overlay-gradient":""},"tablet":{"background-color":"","background-image":"","background-repeat":"repeat","background-position":"center center","background-size":"auto","background-attachment":"scroll","background-type":"","background-media":"","overlay-type":"","overlay-color":"","overlay-opacity":"","overlay-gradient":""},"mobile":{"background-color":"","background-image":"","background-repeat":"repeat","background-position":"center center","background-size":"auto","background-attachment":"scroll","background-type":"","background-media":"","overlay-type":"","overlay-color":"","overlay-opacity":"","overlay-gradient":""}},"ast-content-background-meta":{"desktop":{"background-color":"var(--ast-global-color-5)","background-image":"","background-repeat":"repeat","background-position":"center center","background-size":"auto","background-attachment":"scroll","background-type":"","background-media":"","overlay-type":"","overlay-color":"","overlay-opacity":"","overlay-gradient":""},"tablet":{"background-color":"var(--ast-global-color-5)","background-image":"","background-repeat":"repeat","background-position":"center center","background-size":"auto","background-attachment":"scroll","background-type":"","background-media":"","overlay-type":"","overlay-color":"","overlay-opacity":"","overlay-gradient":""},"mobile":{"background-color":"var(--ast-global-color-5)","background-image":"","background-repeat":"repeat","background-position":"center center","background-size":"auto","background-attachment":"scroll","background-type":"","background-media":"","overlay-type":"","overlay-color":"","overlay-opacity":"","overlay-gradient":""}},"footnotes":""},"class_list":["post-19446","page","type-page","status-publish","has-post-thumbnail","hentry"],"aioseo_notices":[],"spectra_custom_meta":{"_edit_lock":["1646390380:2"],"_edit_last":["2"],"_yoast_wpseo_content_score":["60"],"_yoast_wpseo_estimated-reading-time-minutes":["2"],"_thumbnail_id":["19434"],"_wp_page_template":["template-parts\/page-template-full-width.php"],"_trp_automatically_translated_slug_fr_FR":["premier-technicien-en-diagnostic-mecanique-automobile"],"_trp_automatically_translated_slug_es_ES":["primer-tecnico-de-diagnostico-mecanico-automotriz"],"_trp_automatically_translated_slug_en_GB":["first-auto-mechanic-diagnostic-technician"],"_trp_automatically_translated_slug_de_DE":["erster-kfz-mechaniker-diagnosetechniker"],"_trp_automatically_translated_slug_ro_RO":["primul-tehnician-de-diagnosticare-mecanic-auto"],"_trp_automatically_translated_slug_pl_PL":["pierwszy-diagnosta-mechanik-samochodowy"],"_trp_automatically_translated_slug_ru_RU":["%d0%bf%d0%b5%d1%80%d0%b2%d1%8b%d0%b9-%d0%b0%d0%b2%d1%82%d0%be%d0%bc%d0%b5%d1%85%d0%b0%d0%bd%d0%b8%d0%ba-%d0%bf%d0%be-%d0%b4%d0%b8%d0%b0%d0%b3%d0%bd%d0%be%d1%81%d1%82%d0%b8%d0%ba%d0%b5"],"_uag_css_file_name":["uag-css-19446.css"],"_uag_page_assets":["a:9:{s:3:\"css\";s:10237:\".uag-blocks-common-selector{z-index:var(--z-index-desktop) !important}@media (max-width: 976px){.uag-blocks-common-selector{z-index:var(--z-index-tablet) !important}}@media (max-width: 767px){.uag-blocks-common-selector{z-index:var(--z-index-mobile) !important}}\n.wp-block-uagb-image{display:flex}.wp-block-uagb-image__figure{position:relative;display:flex;flex-direction:column;max-width:100%;height:auto;margin:0}.wp-block-uagb-image__figure img{height:auto;display:flex;max-width:100%;transition:box-shadow 0.2s ease}.wp-block-uagb-image__figure>a{display:inline-block}.wp-block-uagb-image__figure figcaption{text-align:center;margin-top:0.5em;margin-bottom:1em}.wp-block-uagb-image .components-placeholder.block-editor-media-placeholder .components-placeholder__instructions{align-self:center}.wp-block-uagb-image--align-left{text-align:left}.wp-block-uagb-image--align-right{text-align:right}.wp-block-uagb-image--align-center{text-align:center}.wp-block-uagb-image--align-full .wp-block-uagb-image__figure{margin-left:calc(50% - 50vw);margin-right:calc(50% - 50vw);max-width:100vw;width:100vw;height:auto}.wp-block-uagb-image--align-full .wp-block-uagb-image__figure img{height:auto;width:100% !important}.wp-block-uagb-image--align-wide .wp-block-uagb-image__figure img{height:auto;width:100%}.wp-block-uagb-image--layout-overlay__color-wrapper{position:absolute;left:0;top:0;right:0;bottom:0;opacity:0.2;background:rgba(0,0,0,0.5);transition:opacity 0.35s ease-in-out}.wp-block-uagb-image--layout-overlay-link{position:absolute;left:0;right:0;bottom:0;top:0}.wp-block-uagb-image--layout-overlay .wp-block-uagb-image__figure:hover .wp-block-uagb-image--layout-overlay__color-wrapper{opacity:1}.wp-block-uagb-image--layout-overlay__inner{position:absolute;left:15px;right:15px;bottom:15px;top:15px;display:flex;align-items:center;justify-content:center;flex-direction:column;border-color:#fff;transition:0.35s ease-in-out}.wp-block-uagb-image--layout-overlay__inner.top-left,.wp-block-uagb-image--layout-overlay__inner.top-center,.wp-block-uagb-image--layout-overlay__inner.top-right{justify-content:flex-start}.wp-block-uagb-image--layout-overlay__inner.bottom-left,.wp-block-uagb-image--layout-overlay__inner.bottom-center,.wp-block-uagb-image--layout-overlay__inner.bottom-right{justify-content:flex-end}.wp-block-uagb-image--layout-overlay__inner.top-left,.wp-block-uagb-image--layout-overlay__inner.center-left,.wp-block-uagb-image--layout-overlay__inner.bottom-left{align-items:flex-start}.wp-block-uagb-image--layout-overlay__inner.top-right,.wp-block-uagb-image--layout-overlay__inner.center-right,.wp-block-uagb-image--layout-overlay__inner.bottom-right{align-items:flex-end}.wp-block-uagb-image--layout-overlay__inner .uagb-image-heading{color:#fff;transition:transform 0.35s, opacity 0.35s ease-in-out;transform:translate3d(0, 24px, 0);margin:0;line-height:1em}.wp-block-uagb-image--layout-overlay__inner .uagb-image-separator{width:30%;border-top-width:2px;border-top-color:#fff;border-top-style:solid;margin-bottom:10px;opacity:0;transition:transform 0.4s, opacity 0.4s ease-in-out;transform:translate3d(0, 30px, 0)}.wp-block-uagb-image--layout-overlay__inner .uagb-image-caption{opacity:0;overflow:visible;color:#fff;transition:transform 0.45s, opacity 0.45s ease-in-out;transform:translate3d(0, 35px, 0)}.wp-block-uagb-image--layout-overlay__inner:hover .uagb-image-heading,.wp-block-uagb-image--layout-overlay__inner:hover .uagb-image-separator,.wp-block-uagb-image--layout-overlay__inner:hover .uagb-image-caption{opacity:1;transform:translate3d(0, 0, 0)}.wp-block-uagb-image--effect-zoomin .wp-block-uagb-image__figure img,.wp-block-uagb-image--effect-zoomin .wp-block-uagb-image__figure .wp-block-uagb-image--layout-overlay__color-wrapper{transform:scale(1);transition:transform 0.35s ease-in-out}.wp-block-uagb-image--effect-zoomin .wp-block-uagb-image__figure:hover img,.wp-block-uagb-image--effect-zoomin .wp-block-uagb-image__figure:hover .wp-block-uagb-image--layout-overlay__color-wrapper{transform:scale(1.05)}.wp-block-uagb-image--effect-slide .wp-block-uagb-image__figure img,.wp-block-uagb-image--effect-slide .wp-block-uagb-image__figure .wp-block-uagb-image--layout-overlay__color-wrapper{width:calc(100% + 40px) !important;max-width:none !important;transform:translate3d(-40px, 0, 0);transition:transform 0.35s ease-in-out}.wp-block-uagb-image--effect-slide .wp-block-uagb-image__figure:hover img,.wp-block-uagb-image--effect-slide .wp-block-uagb-image__figure:hover .wp-block-uagb-image--layout-overlay__color-wrapper{transform:translate3d(0, 0, 0)}.wp-block-uagb-image--effect-grayscale img{filter:grayscale(0%);transition:0.35s ease-in-out}.wp-block-uagb-image--effect-grayscale:hover img{filter:grayscale(100%)}.wp-block-uagb-image--effect-blur img{filter:blur(0);transition:0.35s ease-in-out}.wp-block-uagb-image--effect-blur:hover img{filter:blur(3px)}\n.uagb-block-1afaa6ec.wp-block-uagb-image{margin-top: 0px;margin-right: 0px;margin-bottom: 0px;margin-left: 0px;}.uagb-block-1afaa6ec.wp-block-uagb-image--layout-default figure img{box-shadow: 0px 0px 0 #00000070;}.uagb-block-1afaa6ec.wp-block-uagb-image .wp-block-uagb-image__figure figcaption{font-style: normal;align-self: center;}.uagb-block-1afaa6ec.wp-block-uagb-image--layout-overlay figure img{box-shadow: 0px 0px 0 #00000070;}.uagb-block-1afaa6ec.wp-block-uagb-image--layout-overlay .wp-block-uagb-image--layout-overlay__color-wrapper{opacity: 0.2;}.uagb-block-1afaa6ec.wp-block-uagb-image--layout-overlay .wp-block-uagb-image--layout-overlay__inner{left: 15px;right: 15px;top: 15px;bottom: 15px;}.uagb-block-1afaa6ec.wp-block-uagb-image--layout-overlay .wp-block-uagb-image--layout-overlay__inner .uagb-image-heading{font-style: normal;color: #fff;opacity: 1;}.uagb-block-1afaa6ec.wp-block-uagb-image--layout-overlay .wp-block-uagb-image--layout-overlay__inner .uagb-image-heading a{color: #fff;}.uagb-block-1afaa6ec.wp-block-uagb-image--layout-overlay .wp-block-uagb-image--layout-overlay__inner .uagb-image-caption{opacity: 0;}.uagb-block-1afaa6ec.wp-block-uagb-image--layout-overlay .wp-block-uagb-image__figure:hover .wp-block-uagb-image--layout-overlay__color-wrapper{opacity: 1;}.uagb-block-1afaa6ec.wp-block-uagb-image .wp-block-uagb-image--layout-overlay__inner .uagb-image-separator{width: 30%;border-top-width: 2px;border-top-color: #fff;opacity: 0;}.uagb-block-1afaa6ec.wp-block-uagb-image .wp-block-uagb-image__figure img{width: 1024px;height: auto;}.uagb-block-1afaa6ec.wp-block-uagb-image .wp-block-uagb-image__figure:hover .wp-block-uagb-image--layout-overlay__inner .uagb-image-caption{opacity: 1;}.uagb-block-1afaa6ec.wp-block-uagb-image .wp-block-uagb-image__figure:hover .wp-block-uagb-image--layout-overlay__inner .uagb-image-separator{opacity: 1;}.uagb-block-1afaa6ec.wp-block-uagb-image--layout-default figure:hover img{box-shadow: 0px 0px 0 #00000070;}.uagb-block-1afaa6ec.wp-block-uagb-image--layout-overlay figure:hover img{box-shadow: 0px 0px 0 #00000070;}@media only screen and (max-width: 976px) {.uagb-block-1afaa6ec.wp-block-uagb-image .wp-block-uagb-image__figure img{width: 1024px;height: auto;}}@media only screen and (max-width: 767px) {.uagb-block-1afaa6ec.wp-block-uagb-image .wp-block-uagb-image__figure img{width: 1024px;height: auto;}}.wp-block-uagb-advanced-heading h1,.wp-block-uagb-advanced-heading h2,.wp-block-uagb-advanced-heading h3,.wp-block-uagb-advanced-heading h4,.wp-block-uagb-advanced-heading h5,.wp-block-uagb-advanced-heading h6,.wp-block-uagb-advanced-heading p,.wp-block-uagb-advanced-heading div{word-break:break-word}.wp-block-uagb-advanced-heading .uagb-heading-text{margin:0}.wp-block-uagb-advanced-heading .uagb-desc-text{margin:0}.wp-block-uagb-advanced-heading .uagb-separator{font-size:0;border-top-style:solid;display:inline-block;margin:0 0 10px 0}.wp-block-uagb-advanced-heading .uagb-highlight{color:#f78a0c;border:0;transition:all 0.3s ease}.uag-highlight-toolbar{border-left:0;border-top:0;border-bottom:0;border-radius:0;border-right-color:#1e1e1e}.uag-highlight-toolbar .components-button{border-radius:0;outline:none}.uag-highlight-toolbar .components-button.is-primary{color:#fff}\n.wp-block-uagb-advanced-heading.uagb-block-eb913f20.wp-block-uagb-advanced-heading .uagb-heading-text{color: #ffffff;}.wp-block-uagb-advanced-heading.uagb-block-eb913f20.wp-block-uagb-advanced-heading {margin-top: -29px;margin-right: 0px;margin-bottom: 0px;margin-left: 0px;padding-top: 0px;padding-right: 0px;padding-bottom: 0px;padding-left: 0px;}.wp-block-uagb-advanced-heading.uagb-block-eb913f20.wp-block-uagb-advanced-heading .uagb-desc-text{margin-bottom: 15px;}.wp-block-uagb-advanced-heading.uagb-block-eb913f20.wp-block-uagb-advanced-heading .uagb-highlight{font-style: normal;font-weight: Default;background: #007cba;color: #fff;-webkit-text-fill-color: #fff;}.wp-block-uagb-advanced-heading.uagb-block-eb913f20.wp-block-uagb-advanced-heading .uagb-highlight::-moz-selection{color: #fff;background: #007cba;-webkit-text-fill-color: #fff;}.wp-block-uagb-advanced-heading.uagb-block-eb913f20.wp-block-uagb-advanced-heading .uagb-highlight::selection{color: #fff;background: #007cba;-webkit-text-fill-color: #fff;}.wp-block-uagb-advanced-heading.uagb-block-97eb29cd.wp-block-uagb-advanced-heading .uagb-heading-text{color: var(--ast-global-color-5);}.wp-block-uagb-advanced-heading.uagb-block-97eb29cd.wp-block-uagb-advanced-heading a{color: var(--ast-global-color-5);}.wp-block-uagb-advanced-heading.uagb-block-97eb29cd.wp-block-uagb-advanced-heading .uagb-desc-text{margin-bottom: 15px;}.wp-block-uagb-advanced-heading.uagb-block-97eb29cd.wp-block-uagb-advanced-heading .uagb-highlight{font-style: normal;font-weight: Default;background: #007cba;color: #fff;-webkit-text-fill-color: #fff;}.wp-block-uagb-advanced-heading.uagb-block-97eb29cd.wp-block-uagb-advanced-heading .uagb-highlight::-moz-selection{color: #fff;background: #007cba;-webkit-text-fill-color: #fff;}.wp-block-uagb-advanced-heading.uagb-block-97eb29cd.wp-block-uagb-advanced-heading .uagb-highlight::selection{color: #fff;background: #007cba;-webkit-text-fill-color: #fff;}.wp-block-uagb-advanced-heading.uagb-block-97eb29cd .uagb-heading-text{font-weight: 400;font-size: 22px;margin-bottom: 22px;}\";s:2:\"js\";s:0:\"\";s:18:\"current_block_list\";a:11:{i:0;s:14:\"core\/paragraph\";i:1;s:9:\"core\/list\";i:2;s:11:\"core\/search\";i:3;s:10:\"core\/group\";i:4;s:12:\"core\/heading\";i:5;s:17:\"core\/latest-posts\";i:6;s:20:\"core\/latest-comments\";i:7;s:13:\"core\/archives\";i:8;s:15:\"core\/categories\";i:9;s:10:\"uagb\/image\";i:10;s:21:\"uagb\/advanced-heading\";}s:8:\"uag_flag\";b:1;s:11:\"uag_version\";s:10:\"1776436543\";s:6:\"gfonts\";a:0:{}s:10:\"gfonts_url\";s:0:\"\";s:12:\"gfonts_files\";a:0:{}s:14:\"uag_faq_layout\";b:0;}"]},"uagb_featured_image_src":{"full":["https:\/\/www.faayautogroep.nl\/wp-content\/uploads\/2021\/12\/Faay-Panorama-scaled-e1639944831498.jpg",2560,332,false],"thumbnail":["https:\/\/www.faayautogroep.nl\/wp-content\/uploads\/2021\/12\/Faay-Panorama-scaled-e1639944831498-150x150.jpg",150,150,true],"medium":["https:\/\/www.faayautogroep.nl\/wp-content\/uploads\/2021\/12\/Faay-Panorama-scaled-e1639944831498-300x39.jpg",300,39,true],"medium_large":["https:\/\/www.faayautogroep.nl\/wp-content\/uploads\/2021\/12\/Faay-Panorama-scaled-e1639944831498-768x100.jpg",768,100,true],"large":["https:\/\/www.faayautogroep.nl\/wp-content\/uploads\/2021\/12\/Faay-Panorama-scaled-e1639944831498-1024x133.jpg",1024,133,true],"1536x1536":["https:\/\/www.faayautogroep.nl\/wp-content\/uploads\/2021\/12\/Faay-Panorama-scaled-e1639944831498-1536x199.jpg",1536,199,true],"2048x2048":["https:\/\/www.faayautogroep.nl\/wp-content\/uploads\/2021\/12\/Faay-Panorama-scaled-e1639944831498-2048x266.jpg",2048,266,true],"trp-custom-language-flag":["https:\/\/www.faayautogroep.nl\/wp-content\/uploads\/2021\/12\/Faay-Panorama-scaled-e1639944831498.jpg",18,2,false]},"uagb_author_info":{"display_name":"Faay Auto Groep","author_link":"https:\/\/www.faayautogroep.nl\/es\/author\/bramdokman-cloud\/"},"uagb_comment_info":0,"uagb_excerpt":"Je werkzaamheden bij Faay Auto GroepAls&nbsp;Eerste Automonteur \/ Diagnosetechnicus is geen dag hetzelfde en is er veel afwisseling in jouw werk, want met jouw ervaring als Diagnose Technicus stel je de storingen van de auto vast. Na het vaststellen van de storing draag jij zorg voor het kwalitatief oplossen van de storing en uitvoeren van&hellip;","_links":{"self":[{"href":"https:\/\/www.faayautogroep.nl\/es\/wp-json\/wp\/v2\/pages\/19446","targetHints":{"allow":["GET"]}}],"collection":[{"href":"https:\/\/www.faayautogroep.nl\/es\/wp-json\/wp\/v2\/pages"}],"about":[{"href":"https:\/\/www.faayautogroep.nl\/es\/wp-json\/wp\/v2\/types\/page"}],"author":[{"embeddable":true,"href":"https:\/\/www.faayautogroep.nl\/es\/wp-json\/wp\/v2\/users\/2"}],"replies":[{"embeddable":true,"href":"https:\/\/www.faayautogroep.nl\/es\/wp-json\/wp\/v2\/comments?post=19446"}],"version-history":[{"count":2,"href":"https:\/\/www.faayautogroep.nl\/es\/wp-json\/wp\/v2\/pages\/19446\/revisions"}],"predecessor-version":[{"id":19449,"href":"https:\/\/www.faayautogroep.nl\/es\/wp-json\/wp\/v2\/pages\/19446\/revisions\/19449"}],"wp:featuredmedia":[{"embeddable":true,"href":"https:\/\/www.faayautogroep.nl\/es\/wp-json\/wp\/v2\/media\/19434"}],"wp:attachment":[{"href":"https:\/\/www.faayautogroep.nl\/es\/wp-json\/wp\/v2\/media?parent=19446"}],"curies":[{"name":"gracias","href":"https:\/\/api.w.org\/{rel}","templated":true}]}}