{"id":19408,"date":"2021-07-04T18:29:39","date_gmt":"2021-07-04T18:29:39","guid":{"rendered":"https:\/\/www.faayautogroep.nl\/?page_id=19408"},"modified":"2021-07-12T15:13:54","modified_gmt":"2021-07-12T15:13:54","slug":"apk-keurmeester","status":"publish","type":"page","link":"https:\/\/www.faayautogroep.nl\/es\/juez-apk\/","title":{"rendered":"Inspector de APK"},"content":{"rendered":"<ul class=\"wp-block-list\"><li>Somos una empresa de autom\u00f3viles con servicio total.<\/li><li>\u00bfQuieres trabajar como inspector de APK?<\/li><li>\u00bfTienes experiencia en hacer diagn\u00f3sticos?<\/li><\/ul>\n\n\n\n<p>Trabajo permanente: Inspector de MOT Diagn\u00f3stico | inspector de ITV<br><br>Con nosotros trabajar\u00e1 en un ambiente de trabajo espacioso y hermoso. Tambi\u00e9n contamos con herramientas y equipos modernos. Adem\u00e1s, tambi\u00e9n tenemos la oportunidad de desarrollarte y especializarte.<br>Somos una empresa de autom\u00f3viles. Hacemos, entre otras cosas: mantenimiento, reparaci\u00f3n, cambio de neum\u00e1ticos.<br><br><strong>\u00bfQu\u00e9 vas a hacer exactamente?<\/strong><\/p>\n\n\n\n<p>Para la vacante como APK Inspector Nieuwegein har\u00e1s lo siguiente:<\/p>\n\n\n\n<ul class=\"wp-block-list\"><li>Realizaci\u00f3n de inspecciones APK;<\/li><li>Realizaci\u00f3n de mantenimiento;<\/li><li>Actividades rutinarias pero tambi\u00e9n reparaciones m\u00e1s complejas;\u00a0<\/li><li>Soluci\u00f3n de problemas de fallas electr\u00f3nicas.<\/li><\/ul>\n\n\n\n<p> Para fortalecer nuestro equipo, estamos buscando un inspector de MOT motivado que se ajuste a este rol.<br><strong>Requisitos de trabajo:<\/strong><\/p>\n\n\n\n<ul class=\"wp-block-list\"><li>Estamos buscando un mec\u00e1nico de tiempo completo que ya tenga la experiencia necesaria.<\/li><li>Puede trabajar de forma independiente, pero tambi\u00e9n es un buen jugador de equipo.<\/li><li>Conoces todas las marcas de coches y eres bueno diagnosticando.<\/li><li>Es amable con el cliente, representativo y flexible y no tiene una mentalidad de 9 a 5.<\/li><li>Est\u00e1s en posesi\u00f3n del permiso de conducir B.<\/li><li>Es importante que hable bien holand\u00e9s.<\/li><li>Vives en el \u00e1rea de Nieuwegein.<\/li><\/ul>\n\n\n\n<p><strong>Lo que puede esperar de este empleador de Nieuwegein:<\/strong><\/p>\n\n\n\n<p>Estamos buscando a alguien para el largo plazo. Tenemos un buen ambiente. Por eso tambi\u00e9n invertimos en nuestros empleados. Adem\u00e1s, estar\u00e1s bien entrenado. Y tambi\u00e9n ofrecemos amplias opciones de estudio.<br>Hablando de salario. Las opciones salariales son favorables y dependen de tu nivel. Sus capacidades, experiencia y educaci\u00f3n juegan un papel en esto. Ser\u00e1s bien recompensado por lo que puedas hacer.<br>Es por eso que este es un trabajo atractivo para ti. Por lo tanto, responda r\u00e1pidamente.<br>Adem\u00e1s, hay buenos esquemas secundarios.<\/p>\n\n\n\n<p>Faay Auto Group se esfuerza por lograr una buena combinaci\u00f3n. De esta manera, esto es un paso adelante. Esto tambi\u00e9n se aplica a su salario. Despu\u00e9s de todo, es un trabajo permanente. <\/p>","protected":false},"excerpt":{"rendered":"<p>Wij zijn een autobedrijf met totaalservice. Wil jij werken als APK keurmeester? Heb jij ervaring met het stellen van diagnoses? Vaste baan: APK Keurmeester Diagnose | APK Keurmeester Bij ons kom je te werken in een ruime en mooie werkomgeving. Ook hebben wij moderne gereedschappen en apparatuur. Daarnaast is erbij ons ook de mogelijkheid om [&hellip;]<\/p>\n","protected":false},"author":2,"featured_media":0,"parent":0,"menu_order":0,"comment_status":"closed","ping_status":"closed","template":"","meta":{"_uag_custom_page_level_css":"","site-sidebar-layout":"default","site-content-layout":"","ast-site-content-layout":"default","site-content-style":"default","site-sidebar-style":"default","ast-global-header-display":"","ast-banner-title-visibility":"","ast-main-header-display":"","ast-hfb-above-header-display":"","ast-hfb-below-header-display":"","ast-hfb-mobile-header-display":"","site-post-title":"","ast-breadcrumbs-content":"","ast-featured-img":"","footer-sml-layout":"","ast-disable-related-posts":"","theme-transparent-header-meta":"","adv-header-id-meta":"","stick-header-meta":"","header-above-stick-meta":"","header-main-stick-meta":"","header-below-stick-meta":"","astra-migrate-meta-layouts":"default","ast-page-background-enabled":"default","ast-page-background-meta":{"desktop":{"background-color":"","background-image":"","background-repeat":"repeat","background-position":"center center","background-size":"auto","background-attachment":"scroll","background-type":"","background-media":"","overlay-type":"","overlay-color":"","overlay-opacity":"","overlay-gradient":""},"tablet":{"background-color":"","background-image":"","background-repeat":"repeat","background-position":"center center","background-size":"auto","background-attachment":"scroll","background-type":"","background-media":"","overlay-type":"","overlay-color":"","overlay-opacity":"","overlay-gradient":""},"mobile":{"background-color":"","background-image":"","background-repeat":"repeat","background-position":"center center","background-size":"auto","background-attachment":"scroll","background-type":"","background-media":"","overlay-type":"","overlay-color":"","overlay-opacity":"","overlay-gradient":""}},"ast-content-background-meta":{"desktop":{"background-color":"var(--ast-global-color-5)","background-image":"","background-repeat":"repeat","background-position":"center center","background-size":"auto","background-attachment":"scroll","background-type":"","background-media":"","overlay-type":"","overlay-color":"","overlay-opacity":"","overlay-gradient":""},"tablet":{"background-color":"var(--ast-global-color-5)","background-image":"","background-repeat":"repeat","background-position":"center center","background-size":"auto","background-attachment":"scroll","background-type":"","background-media":"","overlay-type":"","overlay-color":"","overlay-opacity":"","overlay-gradient":""},"mobile":{"background-color":"var(--ast-global-color-5)","background-image":"","background-repeat":"repeat","background-position":"center center","background-size":"auto","background-attachment":"scroll","background-type":"","background-media":"","overlay-type":"","overlay-color":"","overlay-opacity":"","overlay-gradient":""}},"footnotes":""},"class_list":["post-19408","page","type-page","status-publish","hentry"],"aioseo_notices":[],"spectra_custom_meta":{"_edit_lock":["1773443031:2"],"_edit_last":["2"],"_yoast_wpseo_content_score":["60"],"_yoast_wpseo_estimated-reading-time-minutes":["2"],"_trp_automatically_translated_slug_fr_FR":["apk-juge"],"_trp_automatically_translated_slug_es_ES":["juez-apk"],"_trp_automatically_translated_slug_en_GB":["apk-judge"],"_trp_automatically_translated_slug_de_DE":["apk-richter"],"_trp_automatically_translated_slug_ro_RO":["judecator-apk"],"_trp_automatically_translated_slug_pl_PL":["apk-sedzia"],"_trp_automatically_translated_slug_ru_RU":["apk-%d1%81%d1%83%d0%b4%d1%8c%d1%8f"],"_uag_css_file_name":["uag-css-19408.css"],"_uag_page_assets":["a:9:{s:3:\"css\";s:10237:\".uag-blocks-common-selector{z-index:var(--z-index-desktop) !important}@media (max-width: 976px){.uag-blocks-common-selector{z-index:var(--z-index-tablet) !important}}@media (max-width: 767px){.uag-blocks-common-selector{z-index:var(--z-index-mobile) !important}}\n.wp-block-uagb-image{display:flex}.wp-block-uagb-image__figure{position:relative;display:flex;flex-direction:column;max-width:100%;height:auto;margin:0}.wp-block-uagb-image__figure img{height:auto;display:flex;max-width:100%;transition:box-shadow 0.2s ease}.wp-block-uagb-image__figure>a{display:inline-block}.wp-block-uagb-image__figure figcaption{text-align:center;margin-top:0.5em;margin-bottom:1em}.wp-block-uagb-image .components-placeholder.block-editor-media-placeholder .components-placeholder__instructions{align-self:center}.wp-block-uagb-image--align-left{text-align:left}.wp-block-uagb-image--align-right{text-align:right}.wp-block-uagb-image--align-center{text-align:center}.wp-block-uagb-image--align-full .wp-block-uagb-image__figure{margin-left:calc(50% - 50vw);margin-right:calc(50% - 50vw);max-width:100vw;width:100vw;height:auto}.wp-block-uagb-image--align-full .wp-block-uagb-image__figure img{height:auto;width:100% !important}.wp-block-uagb-image--align-wide .wp-block-uagb-image__figure img{height:auto;width:100%}.wp-block-uagb-image--layout-overlay__color-wrapper{position:absolute;left:0;top:0;right:0;bottom:0;opacity:0.2;background:rgba(0,0,0,0.5);transition:opacity 0.35s ease-in-out}.wp-block-uagb-image--layout-overlay-link{position:absolute;left:0;right:0;bottom:0;top:0}.wp-block-uagb-image--layout-overlay .wp-block-uagb-image__figure:hover .wp-block-uagb-image--layout-overlay__color-wrapper{opacity:1}.wp-block-uagb-image--layout-overlay__inner{position:absolute;left:15px;right:15px;bottom:15px;top:15px;display:flex;align-items:center;justify-content:center;flex-direction:column;border-color:#fff;transition:0.35s ease-in-out}.wp-block-uagb-image--layout-overlay__inner.top-left,.wp-block-uagb-image--layout-overlay__inner.top-center,.wp-block-uagb-image--layout-overlay__inner.top-right{justify-content:flex-start}.wp-block-uagb-image--layout-overlay__inner.bottom-left,.wp-block-uagb-image--layout-overlay__inner.bottom-center,.wp-block-uagb-image--layout-overlay__inner.bottom-right{justify-content:flex-end}.wp-block-uagb-image--layout-overlay__inner.top-left,.wp-block-uagb-image--layout-overlay__inner.center-left,.wp-block-uagb-image--layout-overlay__inner.bottom-left{align-items:flex-start}.wp-block-uagb-image--layout-overlay__inner.top-right,.wp-block-uagb-image--layout-overlay__inner.center-right,.wp-block-uagb-image--layout-overlay__inner.bottom-right{align-items:flex-end}.wp-block-uagb-image--layout-overlay__inner .uagb-image-heading{color:#fff;transition:transform 0.35s, opacity 0.35s ease-in-out;transform:translate3d(0, 24px, 0);margin:0;line-height:1em}.wp-block-uagb-image--layout-overlay__inner .uagb-image-separator{width:30%;border-top-width:2px;border-top-color:#fff;border-top-style:solid;margin-bottom:10px;opacity:0;transition:transform 0.4s, opacity 0.4s ease-in-out;transform:translate3d(0, 30px, 0)}.wp-block-uagb-image--layout-overlay__inner .uagb-image-caption{opacity:0;overflow:visible;color:#fff;transition:transform 0.45s, opacity 0.45s ease-in-out;transform:translate3d(0, 35px, 0)}.wp-block-uagb-image--layout-overlay__inner:hover .uagb-image-heading,.wp-block-uagb-image--layout-overlay__inner:hover .uagb-image-separator,.wp-block-uagb-image--layout-overlay__inner:hover .uagb-image-caption{opacity:1;transform:translate3d(0, 0, 0)}.wp-block-uagb-image--effect-zoomin .wp-block-uagb-image__figure img,.wp-block-uagb-image--effect-zoomin .wp-block-uagb-image__figure .wp-block-uagb-image--layout-overlay__color-wrapper{transform:scale(1);transition:transform 0.35s ease-in-out}.wp-block-uagb-image--effect-zoomin .wp-block-uagb-image__figure:hover img,.wp-block-uagb-image--effect-zoomin .wp-block-uagb-image__figure:hover .wp-block-uagb-image--layout-overlay__color-wrapper{transform:scale(1.05)}.wp-block-uagb-image--effect-slide .wp-block-uagb-image__figure img,.wp-block-uagb-image--effect-slide .wp-block-uagb-image__figure .wp-block-uagb-image--layout-overlay__color-wrapper{width:calc(100% + 40px) !important;max-width:none !important;transform:translate3d(-40px, 0, 0);transition:transform 0.35s ease-in-out}.wp-block-uagb-image--effect-slide .wp-block-uagb-image__figure:hover img,.wp-block-uagb-image--effect-slide .wp-block-uagb-image__figure:hover .wp-block-uagb-image--layout-overlay__color-wrapper{transform:translate3d(0, 0, 0)}.wp-block-uagb-image--effect-grayscale img{filter:grayscale(0%);transition:0.35s ease-in-out}.wp-block-uagb-image--effect-grayscale:hover img{filter:grayscale(100%)}.wp-block-uagb-image--effect-blur img{filter:blur(0);transition:0.35s ease-in-out}.wp-block-uagb-image--effect-blur:hover img{filter:blur(3px)}\n.uagb-block-1afaa6ec.wp-block-uagb-image{margin-top: 0px;margin-right: 0px;margin-bottom: 0px;margin-left: 0px;}.uagb-block-1afaa6ec.wp-block-uagb-image--layout-default figure img{box-shadow: 0px 0px 0 #00000070;}.uagb-block-1afaa6ec.wp-block-uagb-image .wp-block-uagb-image__figure figcaption{font-style: normal;align-self: center;}.uagb-block-1afaa6ec.wp-block-uagb-image--layout-overlay figure img{box-shadow: 0px 0px 0 #00000070;}.uagb-block-1afaa6ec.wp-block-uagb-image--layout-overlay .wp-block-uagb-image--layout-overlay__color-wrapper{opacity: 0.2;}.uagb-block-1afaa6ec.wp-block-uagb-image--layout-overlay .wp-block-uagb-image--layout-overlay__inner{left: 15px;right: 15px;top: 15px;bottom: 15px;}.uagb-block-1afaa6ec.wp-block-uagb-image--layout-overlay .wp-block-uagb-image--layout-overlay__inner .uagb-image-heading{font-style: normal;color: #fff;opacity: 1;}.uagb-block-1afaa6ec.wp-block-uagb-image--layout-overlay .wp-block-uagb-image--layout-overlay__inner .uagb-image-heading a{color: #fff;}.uagb-block-1afaa6ec.wp-block-uagb-image--layout-overlay .wp-block-uagb-image--layout-overlay__inner .uagb-image-caption{opacity: 0;}.uagb-block-1afaa6ec.wp-block-uagb-image--layout-overlay .wp-block-uagb-image__figure:hover .wp-block-uagb-image--layout-overlay__color-wrapper{opacity: 1;}.uagb-block-1afaa6ec.wp-block-uagb-image .wp-block-uagb-image--layout-overlay__inner .uagb-image-separator{width: 30%;border-top-width: 2px;border-top-color: #fff;opacity: 0;}.uagb-block-1afaa6ec.wp-block-uagb-image .wp-block-uagb-image__figure img{width: 1024px;height: auto;}.uagb-block-1afaa6ec.wp-block-uagb-image .wp-block-uagb-image__figure:hover .wp-block-uagb-image--layout-overlay__inner .uagb-image-caption{opacity: 1;}.uagb-block-1afaa6ec.wp-block-uagb-image .wp-block-uagb-image__figure:hover .wp-block-uagb-image--layout-overlay__inner .uagb-image-separator{opacity: 1;}.uagb-block-1afaa6ec.wp-block-uagb-image--layout-default figure:hover img{box-shadow: 0px 0px 0 #00000070;}.uagb-block-1afaa6ec.wp-block-uagb-image--layout-overlay figure:hover img{box-shadow: 0px 0px 0 #00000070;}@media only screen and (max-width: 976px) {.uagb-block-1afaa6ec.wp-block-uagb-image .wp-block-uagb-image__figure img{width: 1024px;height: auto;}}@media only screen and (max-width: 767px) {.uagb-block-1afaa6ec.wp-block-uagb-image .wp-block-uagb-image__figure img{width: 1024px;height: auto;}}.wp-block-uagb-advanced-heading h1,.wp-block-uagb-advanced-heading h2,.wp-block-uagb-advanced-heading h3,.wp-block-uagb-advanced-heading h4,.wp-block-uagb-advanced-heading h5,.wp-block-uagb-advanced-heading h6,.wp-block-uagb-advanced-heading p,.wp-block-uagb-advanced-heading div{word-break:break-word}.wp-block-uagb-advanced-heading .uagb-heading-text{margin:0}.wp-block-uagb-advanced-heading .uagb-desc-text{margin:0}.wp-block-uagb-advanced-heading .uagb-separator{font-size:0;border-top-style:solid;display:inline-block;margin:0 0 10px 0}.wp-block-uagb-advanced-heading .uagb-highlight{color:#f78a0c;border:0;transition:all 0.3s ease}.uag-highlight-toolbar{border-left:0;border-top:0;border-bottom:0;border-radius:0;border-right-color:#1e1e1e}.uag-highlight-toolbar .components-button{border-radius:0;outline:none}.uag-highlight-toolbar .components-button.is-primary{color:#fff}\n.wp-block-uagb-advanced-heading.uagb-block-eb913f20.wp-block-uagb-advanced-heading .uagb-heading-text{color: #ffffff;}.wp-block-uagb-advanced-heading.uagb-block-eb913f20.wp-block-uagb-advanced-heading {margin-top: -29px;margin-right: 0px;margin-bottom: 0px;margin-left: 0px;padding-top: 0px;padding-right: 0px;padding-bottom: 0px;padding-left: 0px;}.wp-block-uagb-advanced-heading.uagb-block-eb913f20.wp-block-uagb-advanced-heading .uagb-desc-text{margin-bottom: 15px;}.wp-block-uagb-advanced-heading.uagb-block-eb913f20.wp-block-uagb-advanced-heading .uagb-highlight{font-style: normal;font-weight: Default;background: #007cba;color: #fff;-webkit-text-fill-color: #fff;}.wp-block-uagb-advanced-heading.uagb-block-eb913f20.wp-block-uagb-advanced-heading .uagb-highlight::-moz-selection{color: #fff;background: #007cba;-webkit-text-fill-color: #fff;}.wp-block-uagb-advanced-heading.uagb-block-eb913f20.wp-block-uagb-advanced-heading .uagb-highlight::selection{color: #fff;background: #007cba;-webkit-text-fill-color: #fff;}.wp-block-uagb-advanced-heading.uagb-block-97eb29cd.wp-block-uagb-advanced-heading .uagb-heading-text{color: var(--ast-global-color-5);}.wp-block-uagb-advanced-heading.uagb-block-97eb29cd.wp-block-uagb-advanced-heading a{color: var(--ast-global-color-5);}.wp-block-uagb-advanced-heading.uagb-block-97eb29cd.wp-block-uagb-advanced-heading .uagb-desc-text{margin-bottom: 15px;}.wp-block-uagb-advanced-heading.uagb-block-97eb29cd.wp-block-uagb-advanced-heading .uagb-highlight{font-style: normal;font-weight: Default;background: #007cba;color: #fff;-webkit-text-fill-color: #fff;}.wp-block-uagb-advanced-heading.uagb-block-97eb29cd.wp-block-uagb-advanced-heading .uagb-highlight::-moz-selection{color: #fff;background: #007cba;-webkit-text-fill-color: #fff;}.wp-block-uagb-advanced-heading.uagb-block-97eb29cd.wp-block-uagb-advanced-heading .uagb-highlight::selection{color: #fff;background: #007cba;-webkit-text-fill-color: #fff;}.wp-block-uagb-advanced-heading.uagb-block-97eb29cd .uagb-heading-text{font-weight: 400;font-size: 22px;margin-bottom: 22px;}\";s:2:\"js\";s:0:\"\";s:18:\"current_block_list\";a:11:{i:0;s:9:\"core\/list\";i:1;s:14:\"core\/paragraph\";i:2;s:11:\"core\/search\";i:3;s:10:\"core\/group\";i:4;s:12:\"core\/heading\";i:5;s:17:\"core\/latest-posts\";i:6;s:20:\"core\/latest-comments\";i:7;s:13:\"core\/archives\";i:8;s:15:\"core\/categories\";i:9;s:10:\"uagb\/image\";i:10;s:21:\"uagb\/advanced-heading\";}s:8:\"uag_flag\";b:1;s:11:\"uag_version\";s:10:\"1776700018\";s:6:\"gfonts\";a:0:{}s:10:\"gfonts_url\";s:0:\"\";s:12:\"gfonts_files\";a:0:{}s:14:\"uag_faq_layout\";b:0;}"]},"uagb_featured_image_src":{"full":false,"thumbnail":false,"medium":false,"medium_large":false,"large":false,"1536x1536":false,"2048x2048":false,"trp-custom-language-flag":false},"uagb_author_info":{"display_name":"Faay Auto Groep","author_link":"https:\/\/www.faayautogroep.nl\/es\/author\/bramdokman-cloud\/"},"uagb_comment_info":0,"uagb_excerpt":"Wij zijn een autobedrijf met totaalservice. Wil jij werken als APK keurmeester? Heb jij ervaring met het stellen van diagnoses? Vaste baan: APK Keurmeester Diagnose | APK Keurmeester Bij ons kom je te werken in een ruime en mooie werkomgeving. Ook hebben wij moderne gereedschappen en apparatuur. Daarnaast is erbij ons ook de mogelijkheid om&hellip;","_links":{"self":[{"href":"https:\/\/www.faayautogroep.nl\/es\/wp-json\/wp\/v2\/pages\/19408","targetHints":{"allow":["GET"]}}],"collection":[{"href":"https:\/\/www.faayautogroep.nl\/es\/wp-json\/wp\/v2\/pages"}],"about":[{"href":"https:\/\/www.faayautogroep.nl\/es\/wp-json\/wp\/v2\/types\/page"}],"author":[{"embeddable":true,"href":"https:\/\/www.faayautogroep.nl\/es\/wp-json\/wp\/v2\/users\/2"}],"replies":[{"embeddable":true,"href":"https:\/\/www.faayautogroep.nl\/es\/wp-json\/wp\/v2\/comments?post=19408"}],"version-history":[{"count":0,"href":"https:\/\/www.faayautogroep.nl\/es\/wp-json\/wp\/v2\/pages\/19408\/revisions"}],"wp:attachment":[{"href":"https:\/\/www.faayautogroep.nl\/es\/wp-json\/wp\/v2\/media?parent=19408"}],"curies":[{"name":"gracias","href":"https:\/\/api.w.org\/{rel}","templated":true}]}}