{"id":44,"date":"2021-02-13T09:17:48","date_gmt":"2021-02-13T09:17:48","guid":{"rendered":"https:\/\/www.faayautogroep.nl\/?page_id=44"},"modified":"2025-11-16T17:05:12","modified_gmt":"2025-11-16T15:05:12","slug":"merkbeurt","status":"publish","type":"page","link":"https:\/\/www.faayautogroep.nl\/de\/wartung\/branding\/","title":{"rendered":"Branding"},"content":{"rendered":"<h2 class=\"wp-block-heading\">Wartung nach Vorschrift Ihres Fahrzeugherstellers<\/h2>\n\n\n\n<p>Ist Ihr Auto bereit f\u00fcr einen Custom Service? Dann entscheiden Sie sich f\u00fcr die Marke Faay. Das ist Wartung genau nach Vorschrift des Autoherstellers und Markenh\u00e4ndlers. Vollst\u00e4ndig abgestimmt auf Ihren Fahrzeugtyp, Marke, Fahrzeugtyp, Baujahr und Laufleistung. Auf diese Weise beh\u00e4lt Ihr Auto seine Werksgarantie.<\/p>\n\n\n\n<h2 class=\"wp-block-heading\">Markenservice f\u00fcr alle Automarken<\/h2>\n\n\n\n<p>Dies sind eine Reihe von Automarken, f\u00fcr die wir den Markenservice durchf\u00fchren:<\/p>\n\n\n\n<ul class=\"wp-block-list\"><li>Alfa Romeo<\/li><li>Audi<\/li><li>BMW<\/li><li>Zitrone<\/li><li>dacia<\/li><li>Fiat<\/li><li>Ford<\/li><li>Honda<\/li><li>Hyundai<\/li><li>kia<\/li><li>Landrover<\/li><li>Mazda<\/li><li>Mercedes<\/li><li>Mini<\/li><li>Mitsubishi<\/li><li>Nissan<\/li><li>Opel<\/li><li>Peugeot<\/li><li>Renault<\/li><li>Sitz<\/li><li>Skoda<\/li><li>Subaru<\/li><li>Suzuki<\/li><li>Toyota<\/li><li>Volkswagen<\/li><li>Volvo<\/li><\/ul>\n\n\n\n<h2 class=\"wp-block-heading\">Mit Originalteilen gewartet<\/h2>\n\n\n\n<p>Die beim Branding verwendeten Teile sind originalen Ursprungs. Die ersetzten oder reparierten Teile sind Originalteile und von der gleichen Marke wie Ihr Auto.<\/p>\n\n\n\n<h2 class=\"wp-block-heading\">Welche Wartung ist die beste f\u00fcr mein Auto?<\/h2>\n\n\n\n<h3 class=\"wp-block-heading\">Bei Faay Auto Groep k\u00f6nnen Sie aus 2 Wartungsarten w\u00e4hlen:<\/h3>\n\n\n\n<p><strong>Eine kleine oder gro\u00dfe \u00dcberholung<\/strong><br>Wartung nach einem Standard-Service-Men\u00fc passend f\u00fcr alle Fahrzeugtypen zum Festpreis.<\/p>\n\n\n\n<p><strong>Die Marke wiederum<\/strong><br>Wartung exakt nach Werksvorgabe, abgestimmt auf Ihren aktuellen Kilometerstand. Es handelt sich also um einen kompletten Check-up und eine individuelle Wartung unter Beibehaltung der Herstellergarantie. <\/p>\n\n\n\n<div class=\"wp-block-buttons is-content-justification-center is-layout-flex wp-block-buttons-is-layout-flex\">\n<div class=\"wp-block-button has-custom-width wp-block-button__width-50 is-style-fill\"><a class=\"wp-block-button__link has-black-color has-luminous-vivid-amber-background-color has-text-color has-background no-border-radius\" href=\"https:\/\/www.faayautogroep.nl\/de\/kontakt-2\/\">Planen Sie Ihr Branding<\/a><\/div>\n<\/div>\n\n\n\n<h2 class=\"wp-block-heading\">H\u00e4ufig gestellte Fragen<\/h2>\n\n\n\n<h3 class=\"wp-block-heading\">Was ist ein Markenservice?<\/h3>\n\n\n<p>Markenservice ist die vom Hersteller empfohlene Wartung.<\/p>\n\n\n\n<h3 class=\"wp-block-heading\">Was kostet ein Markenservice?<\/h3>\n\n\n<p>Dies variiert je nach Marke und Modell. Wir erstellen Ihnen immer zuerst ein Angebot.<\/p>\n\n\n\n<h3 class=\"wp-block-heading\">Muss ich eine zertifizierte Wartung durchf\u00fchren lassen?<\/h3>\n\n\n<p>Um die Garantie aufrechtzuerhalten, wird eine autorisierte Wartung empfohlen.<\/p>\n\n\n\n<h3 class=\"wp-block-heading\">Welche Marken betreuen Sie?<\/h3>\n\n\n<p>Wir reparieren alle Marken.<\/p>\n\n\n\n<h3 class=\"wp-block-heading\">Was kostet ein Markenservice bei Faay?<\/h3>\n\n\n<p>Unsere Markenservices sind g\u00fcnstiger als die Serviceleistungen der Vertragsh\u00e4ndler und genauso gut.<\/p>\n\n\n\n<h3 class=\"wp-block-heading\">Erhalte ich eine Bescheinigung f\u00fcr die Inspektion?<\/h3>\n\n\n<p>Ja, wir stellen f\u00fcr alle Arbeiten eine Dokumentation zur Verf\u00fcgung.<\/p>","protected":false},"excerpt":{"rendered":"<p>Onderhoud zoals voorgeschreven door je autofabrikant Is je auto toe aan een onderhoudsbeurt op maat? Kies dan voor de Faay merkbeurt. Dit is onderhoud precies zoals wordt voorgeschreven door de autofabrikant en merkdealer. Volledig afgestemd dus op jouw type automerk, autotype, bouwjaar en kilometerstand. Zo behoudt je auto zijn fabrieksgarantie. Merkbeurt voor alle automerken Dit [&hellip;]<\/p>\n","protected":false},"author":1,"featured_media":19266,"parent":28,"menu_order":0,"comment_status":"closed","ping_status":"closed","template":"","meta":{"_uag_custom_page_level_css":"","site-sidebar-layout":"default","site-content-layout":"","ast-site-content-layout":"default","site-content-style":"default","site-sidebar-style":"default","ast-global-header-display":"","ast-banner-title-visibility":"","ast-main-header-display":"","ast-hfb-above-header-display":"","ast-hfb-below-header-display":"","ast-hfb-mobile-header-display":"","site-post-title":"","ast-breadcrumbs-content":"","ast-featured-img":"","footer-sml-layout":"","ast-disable-related-posts":"","theme-transparent-header-meta":"","adv-header-id-meta":"","stick-header-meta":"","header-above-stick-meta":"","header-main-stick-meta":"","header-below-stick-meta":"","astra-migrate-meta-layouts":"default","ast-page-background-enabled":"default","ast-page-background-meta":{"desktop":{"background-color":"","background-image":"","background-repeat":"repeat","background-position":"center center","background-size":"auto","background-attachment":"scroll","background-type":"","background-media":"","overlay-type":"","overlay-color":"","overlay-opacity":"","overlay-gradient":""},"tablet":{"background-color":"","background-image":"","background-repeat":"repeat","background-position":"center center","background-size":"auto","background-attachment":"scroll","background-type":"","background-media":"","overlay-type":"","overlay-color":"","overlay-opacity":"","overlay-gradient":""},"mobile":{"background-color":"","background-image":"","background-repeat":"repeat","background-position":"center center","background-size":"auto","background-attachment":"scroll","background-type":"","background-media":"","overlay-type":"","overlay-color":"","overlay-opacity":"","overlay-gradient":""}},"ast-content-background-meta":{"desktop":{"background-color":"var(--ast-global-color-5)","background-image":"","background-repeat":"repeat","background-position":"center center","background-size":"auto","background-attachment":"scroll","background-type":"","background-media":"","overlay-type":"","overlay-color":"","overlay-opacity":"","overlay-gradient":""},"tablet":{"background-color":"var(--ast-global-color-5)","background-image":"","background-repeat":"repeat","background-position":"center center","background-size":"auto","background-attachment":"scroll","background-type":"","background-media":"","overlay-type":"","overlay-color":"","overlay-opacity":"","overlay-gradient":""},"mobile":{"background-color":"var(--ast-global-color-5)","background-image":"","background-repeat":"repeat","background-position":"center center","background-size":"auto","background-attachment":"scroll","background-type":"","background-media":"","overlay-type":"","overlay-color":"","overlay-opacity":"","overlay-gradient":""}},"footnotes":""},"class_list":["post-44","page","type-page","status-publish","has-post-thumbnail","hentry"],"aioseo_notices":[],"spectra_custom_meta":{"_edit_lock":["1621964886:2"],"_edit_last":["2"],"_yoast_wpseo_estimated-reading-time-minutes":["1"],"_wp_page_template":["default"],"_thumbnail_id":["19266"],"_yoast_wpseo_content_score":["60"],"_trp_automatically_translated_slug_en_GB":["make-up"],"_trp_automatically_translated_slug_fr_FR":["limage-de-marque"],"_trp_automatically_translated_slug_ru_RU":["%d0%b1%d1%80%d0%b5%d0%bd%d0%b4%d0%b8%d0%bd%d0%b3"],"_trp_automatically_translated_slug_de_DE":["branding"],"_trp_automatically_translated_slug_pl_PL":["branding"],"_trp_automatically_translated_slug_ro_RO":["branding"],"_trp_automatically_translated_slug_es_ES":["marca"],"_aioseo_title":["Merkbeurt Nieuwegein | Fabrieksonderhoud | Faay Auto Groep"],"_aioseo_description":["Merkbeurt volgens fabrieksvoorschriften in Nieuwegein. Garantie behouden. Alle automerken. Scherpe prijzen!"],"_uag_css_file_name":["uag-css-44.css"],"_uag_page_assets":["a:9:{s:3:\"css\";s:10237:\".uag-blocks-common-selector{z-index:var(--z-index-desktop) !important}@media (max-width: 976px){.uag-blocks-common-selector{z-index:var(--z-index-tablet) !important}}@media (max-width: 767px){.uag-blocks-common-selector{z-index:var(--z-index-mobile) !important}}\n.wp-block-uagb-image{display:flex}.wp-block-uagb-image__figure{position:relative;display:flex;flex-direction:column;max-width:100%;height:auto;margin:0}.wp-block-uagb-image__figure img{height:auto;display:flex;max-width:100%;transition:box-shadow 0.2s ease}.wp-block-uagb-image__figure>a{display:inline-block}.wp-block-uagb-image__figure figcaption{text-align:center;margin-top:0.5em;margin-bottom:1em}.wp-block-uagb-image .components-placeholder.block-editor-media-placeholder .components-placeholder__instructions{align-self:center}.wp-block-uagb-image--align-left{text-align:left}.wp-block-uagb-image--align-right{text-align:right}.wp-block-uagb-image--align-center{text-align:center}.wp-block-uagb-image--align-full .wp-block-uagb-image__figure{margin-left:calc(50% - 50vw);margin-right:calc(50% - 50vw);max-width:100vw;width:100vw;height:auto}.wp-block-uagb-image--align-full .wp-block-uagb-image__figure img{height:auto;width:100% !important}.wp-block-uagb-image--align-wide .wp-block-uagb-image__figure img{height:auto;width:100%}.wp-block-uagb-image--layout-overlay__color-wrapper{position:absolute;left:0;top:0;right:0;bottom:0;opacity:0.2;background:rgba(0,0,0,0.5);transition:opacity 0.35s ease-in-out}.wp-block-uagb-image--layout-overlay-link{position:absolute;left:0;right:0;bottom:0;top:0}.wp-block-uagb-image--layout-overlay .wp-block-uagb-image__figure:hover .wp-block-uagb-image--layout-overlay__color-wrapper{opacity:1}.wp-block-uagb-image--layout-overlay__inner{position:absolute;left:15px;right:15px;bottom:15px;top:15px;display:flex;align-items:center;justify-content:center;flex-direction:column;border-color:#fff;transition:0.35s ease-in-out}.wp-block-uagb-image--layout-overlay__inner.top-left,.wp-block-uagb-image--layout-overlay__inner.top-center,.wp-block-uagb-image--layout-overlay__inner.top-right{justify-content:flex-start}.wp-block-uagb-image--layout-overlay__inner.bottom-left,.wp-block-uagb-image--layout-overlay__inner.bottom-center,.wp-block-uagb-image--layout-overlay__inner.bottom-right{justify-content:flex-end}.wp-block-uagb-image--layout-overlay__inner.top-left,.wp-block-uagb-image--layout-overlay__inner.center-left,.wp-block-uagb-image--layout-overlay__inner.bottom-left{align-items:flex-start}.wp-block-uagb-image--layout-overlay__inner.top-right,.wp-block-uagb-image--layout-overlay__inner.center-right,.wp-block-uagb-image--layout-overlay__inner.bottom-right{align-items:flex-end}.wp-block-uagb-image--layout-overlay__inner .uagb-image-heading{color:#fff;transition:transform 0.35s, opacity 0.35s ease-in-out;transform:translate3d(0, 24px, 0);margin:0;line-height:1em}.wp-block-uagb-image--layout-overlay__inner .uagb-image-separator{width:30%;border-top-width:2px;border-top-color:#fff;border-top-style:solid;margin-bottom:10px;opacity:0;transition:transform 0.4s, opacity 0.4s ease-in-out;transform:translate3d(0, 30px, 0)}.wp-block-uagb-image--layout-overlay__inner .uagb-image-caption{opacity:0;overflow:visible;color:#fff;transition:transform 0.45s, opacity 0.45s ease-in-out;transform:translate3d(0, 35px, 0)}.wp-block-uagb-image--layout-overlay__inner:hover .uagb-image-heading,.wp-block-uagb-image--layout-overlay__inner:hover .uagb-image-separator,.wp-block-uagb-image--layout-overlay__inner:hover .uagb-image-caption{opacity:1;transform:translate3d(0, 0, 0)}.wp-block-uagb-image--effect-zoomin .wp-block-uagb-image__figure img,.wp-block-uagb-image--effect-zoomin .wp-block-uagb-image__figure .wp-block-uagb-image--layout-overlay__color-wrapper{transform:scale(1);transition:transform 0.35s ease-in-out}.wp-block-uagb-image--effect-zoomin .wp-block-uagb-image__figure:hover img,.wp-block-uagb-image--effect-zoomin .wp-block-uagb-image__figure:hover .wp-block-uagb-image--layout-overlay__color-wrapper{transform:scale(1.05)}.wp-block-uagb-image--effect-slide .wp-block-uagb-image__figure img,.wp-block-uagb-image--effect-slide .wp-block-uagb-image__figure .wp-block-uagb-image--layout-overlay__color-wrapper{width:calc(100% + 40px) !important;max-width:none !important;transform:translate3d(-40px, 0, 0);transition:transform 0.35s ease-in-out}.wp-block-uagb-image--effect-slide .wp-block-uagb-image__figure:hover img,.wp-block-uagb-image--effect-slide .wp-block-uagb-image__figure:hover .wp-block-uagb-image--layout-overlay__color-wrapper{transform:translate3d(0, 0, 0)}.wp-block-uagb-image--effect-grayscale img{filter:grayscale(0%);transition:0.35s ease-in-out}.wp-block-uagb-image--effect-grayscale:hover img{filter:grayscale(100%)}.wp-block-uagb-image--effect-blur img{filter:blur(0);transition:0.35s ease-in-out}.wp-block-uagb-image--effect-blur:hover img{filter:blur(3px)}\n.uagb-block-1afaa6ec.wp-block-uagb-image{margin-top: 0px;margin-right: 0px;margin-bottom: 0px;margin-left: 0px;}.uagb-block-1afaa6ec.wp-block-uagb-image--layout-default figure img{box-shadow: 0px 0px 0 #00000070;}.uagb-block-1afaa6ec.wp-block-uagb-image .wp-block-uagb-image__figure figcaption{font-style: normal;align-self: center;}.uagb-block-1afaa6ec.wp-block-uagb-image--layout-overlay figure img{box-shadow: 0px 0px 0 #00000070;}.uagb-block-1afaa6ec.wp-block-uagb-image--layout-overlay .wp-block-uagb-image--layout-overlay__color-wrapper{opacity: 0.2;}.uagb-block-1afaa6ec.wp-block-uagb-image--layout-overlay .wp-block-uagb-image--layout-overlay__inner{left: 15px;right: 15px;top: 15px;bottom: 15px;}.uagb-block-1afaa6ec.wp-block-uagb-image--layout-overlay .wp-block-uagb-image--layout-overlay__inner .uagb-image-heading{font-style: normal;color: #fff;opacity: 1;}.uagb-block-1afaa6ec.wp-block-uagb-image--layout-overlay .wp-block-uagb-image--layout-overlay__inner .uagb-image-heading a{color: #fff;}.uagb-block-1afaa6ec.wp-block-uagb-image--layout-overlay .wp-block-uagb-image--layout-overlay__inner .uagb-image-caption{opacity: 0;}.uagb-block-1afaa6ec.wp-block-uagb-image--layout-overlay .wp-block-uagb-image__figure:hover .wp-block-uagb-image--layout-overlay__color-wrapper{opacity: 1;}.uagb-block-1afaa6ec.wp-block-uagb-image .wp-block-uagb-image--layout-overlay__inner .uagb-image-separator{width: 30%;border-top-width: 2px;border-top-color: #fff;opacity: 0;}.uagb-block-1afaa6ec.wp-block-uagb-image .wp-block-uagb-image__figure img{width: 1024px;height: auto;}.uagb-block-1afaa6ec.wp-block-uagb-image .wp-block-uagb-image__figure:hover .wp-block-uagb-image--layout-overlay__inner .uagb-image-caption{opacity: 1;}.uagb-block-1afaa6ec.wp-block-uagb-image .wp-block-uagb-image__figure:hover .wp-block-uagb-image--layout-overlay__inner .uagb-image-separator{opacity: 1;}.uagb-block-1afaa6ec.wp-block-uagb-image--layout-default figure:hover img{box-shadow: 0px 0px 0 #00000070;}.uagb-block-1afaa6ec.wp-block-uagb-image--layout-overlay figure:hover img{box-shadow: 0px 0px 0 #00000070;}@media only screen and (max-width: 976px) {.uagb-block-1afaa6ec.wp-block-uagb-image .wp-block-uagb-image__figure img{width: 1024px;height: auto;}}@media only screen and (max-width: 767px) {.uagb-block-1afaa6ec.wp-block-uagb-image .wp-block-uagb-image__figure img{width: 1024px;height: auto;}}.wp-block-uagb-advanced-heading h1,.wp-block-uagb-advanced-heading h2,.wp-block-uagb-advanced-heading h3,.wp-block-uagb-advanced-heading h4,.wp-block-uagb-advanced-heading h5,.wp-block-uagb-advanced-heading h6,.wp-block-uagb-advanced-heading p,.wp-block-uagb-advanced-heading div{word-break:break-word}.wp-block-uagb-advanced-heading .uagb-heading-text{margin:0}.wp-block-uagb-advanced-heading .uagb-desc-text{margin:0}.wp-block-uagb-advanced-heading .uagb-separator{font-size:0;border-top-style:solid;display:inline-block;margin:0 0 10px 0}.wp-block-uagb-advanced-heading .uagb-highlight{color:#f78a0c;border:0;transition:all 0.3s ease}.uag-highlight-toolbar{border-left:0;border-top:0;border-bottom:0;border-radius:0;border-right-color:#1e1e1e}.uag-highlight-toolbar .components-button{border-radius:0;outline:none}.uag-highlight-toolbar .components-button.is-primary{color:#fff}\n.wp-block-uagb-advanced-heading.uagb-block-eb913f20.wp-block-uagb-advanced-heading .uagb-heading-text{color: #ffffff;}.wp-block-uagb-advanced-heading.uagb-block-eb913f20.wp-block-uagb-advanced-heading {margin-top: -29px;margin-right: 0px;margin-bottom: 0px;margin-left: 0px;padding-top: 0px;padding-right: 0px;padding-bottom: 0px;padding-left: 0px;}.wp-block-uagb-advanced-heading.uagb-block-eb913f20.wp-block-uagb-advanced-heading .uagb-desc-text{margin-bottom: 15px;}.wp-block-uagb-advanced-heading.uagb-block-eb913f20.wp-block-uagb-advanced-heading .uagb-highlight{font-style: normal;font-weight: Default;background: #007cba;color: #fff;-webkit-text-fill-color: #fff;}.wp-block-uagb-advanced-heading.uagb-block-eb913f20.wp-block-uagb-advanced-heading .uagb-highlight::-moz-selection{color: #fff;background: #007cba;-webkit-text-fill-color: #fff;}.wp-block-uagb-advanced-heading.uagb-block-eb913f20.wp-block-uagb-advanced-heading .uagb-highlight::selection{color: #fff;background: #007cba;-webkit-text-fill-color: #fff;}.wp-block-uagb-advanced-heading.uagb-block-97eb29cd.wp-block-uagb-advanced-heading .uagb-heading-text{color: var(--ast-global-color-5);}.wp-block-uagb-advanced-heading.uagb-block-97eb29cd.wp-block-uagb-advanced-heading a{color: var(--ast-global-color-5);}.wp-block-uagb-advanced-heading.uagb-block-97eb29cd.wp-block-uagb-advanced-heading .uagb-desc-text{margin-bottom: 15px;}.wp-block-uagb-advanced-heading.uagb-block-97eb29cd.wp-block-uagb-advanced-heading .uagb-highlight{font-style: normal;font-weight: Default;background: #007cba;color: #fff;-webkit-text-fill-color: #fff;}.wp-block-uagb-advanced-heading.uagb-block-97eb29cd.wp-block-uagb-advanced-heading .uagb-highlight::-moz-selection{color: #fff;background: #007cba;-webkit-text-fill-color: #fff;}.wp-block-uagb-advanced-heading.uagb-block-97eb29cd.wp-block-uagb-advanced-heading .uagb-highlight::selection{color: #fff;background: #007cba;-webkit-text-fill-color: #fff;}.wp-block-uagb-advanced-heading.uagb-block-97eb29cd .uagb-heading-text{font-weight: 400;font-size: 22px;margin-bottom: 22px;}\";s:2:\"js\";s:0:\"\";s:18:\"current_block_list\";a:13:{i:0;s:12:\"core\/heading\";i:1;s:14:\"core\/paragraph\";i:2;s:9:\"core\/list\";i:3;s:12:\"core\/buttons\";i:4;s:11:\"core\/button\";i:5;s:11:\"core\/search\";i:6;s:10:\"core\/group\";i:7;s:17:\"core\/latest-posts\";i:8;s:20:\"core\/latest-comments\";i:9;s:13:\"core\/archives\";i:10;s:15:\"core\/categories\";i:11;s:10:\"uagb\/image\";i:12;s:21:\"uagb\/advanced-heading\";}s:8:\"uag_flag\";b:1;s:11:\"uag_version\";s:10:\"1776436543\";s:6:\"gfonts\";a:0:{}s:10:\"gfonts_url\";s:0:\"\";s:12:\"gfonts_files\";a:0:{}s:14:\"uag_faq_layout\";b:0;}"]},"uagb_featured_image_src":{"full":["https:\/\/www.faayautogroep.nl\/wp-content\/uploads\/2021\/03\/cropped-volkswagen-golf-dark-light-1-1-e1616140636642.png",1420,287,false],"thumbnail":["https:\/\/www.faayautogroep.nl\/wp-content\/uploads\/2021\/03\/cropped-volkswagen-golf-dark-light-1-1-e1616140636642-150x150.png",150,150,true],"medium":["https:\/\/www.faayautogroep.nl\/wp-content\/uploads\/2021\/03\/cropped-volkswagen-golf-dark-light-1-1-e1616140636642-300x61.png",300,61,true],"medium_large":["https:\/\/www.faayautogroep.nl\/wp-content\/uploads\/2021\/03\/cropped-volkswagen-golf-dark-light-1-1-e1616140636642-768x155.png",768,155,true],"large":["https:\/\/www.faayautogroep.nl\/wp-content\/uploads\/2021\/03\/cropped-volkswagen-golf-dark-light-1-1-e1616140636642-1024x207.png",1024,207,true],"1536x1536":["https:\/\/www.faayautogroep.nl\/wp-content\/uploads\/2021\/03\/cropped-volkswagen-golf-dark-light-1-1-e1616140636642.png",1420,287,false],"2048x2048":["https:\/\/www.faayautogroep.nl\/wp-content\/uploads\/2021\/03\/cropped-volkswagen-golf-dark-light-1-1-e1616140636642.png",1420,287,false],"trp-custom-language-flag":["https:\/\/www.faayautogroep.nl\/wp-content\/uploads\/2021\/03\/cropped-volkswagen-golf-dark-light-1-1-e1616140636642.png",18,4,false]},"uagb_author_info":{"display_name":"admin","author_link":"https:\/\/www.faayautogroep.nl\/de\/author\/admin\/"},"uagb_comment_info":0,"uagb_excerpt":"Onderhoud zoals voorgeschreven door je autofabrikant Is je auto toe aan een onderhoudsbeurt op maat? Kies dan voor de Faay merkbeurt. Dit is onderhoud precies zoals wordt voorgeschreven door de autofabrikant en merkdealer. Volledig afgestemd dus op jouw type automerk, autotype, bouwjaar en kilometerstand. Zo behoudt je auto zijn fabrieksgarantie. Merkbeurt voor alle automerken Dit&hellip;","_links":{"self":[{"href":"https:\/\/www.faayautogroep.nl\/de\/wp-json\/wp\/v2\/pages\/44","targetHints":{"allow":["GET"]}}],"collection":[{"href":"https:\/\/www.faayautogroep.nl\/de\/wp-json\/wp\/v2\/pages"}],"about":[{"href":"https:\/\/www.faayautogroep.nl\/de\/wp-json\/wp\/v2\/types\/page"}],"author":[{"embeddable":true,"href":"https:\/\/www.faayautogroep.nl\/de\/wp-json\/wp\/v2\/users\/1"}],"replies":[{"embeddable":true,"href":"https:\/\/www.faayautogroep.nl\/de\/wp-json\/wp\/v2\/comments?post=44"}],"version-history":[{"count":1,"href":"https:\/\/www.faayautogroep.nl\/de\/wp-json\/wp\/v2\/pages\/44\/revisions"}],"predecessor-version":[{"id":20020,"href":"https:\/\/www.faayautogroep.nl\/de\/wp-json\/wp\/v2\/pages\/44\/revisions\/20020"}],"up":[{"embeddable":true,"href":"https:\/\/www.faayautogroep.nl\/de\/wp-json\/wp\/v2\/pages\/28"}],"wp:featuredmedia":[{"embeddable":true,"href":"https:\/\/www.faayautogroep.nl\/de\/wp-json\/wp\/v2\/media\/19266"}],"wp:attachment":[{"href":"https:\/\/www.faayautogroep.nl\/de\/wp-json\/wp\/v2\/media?parent=44"}],"curies":[{"name":"wp","href":"https:\/\/api.w.org\/{rel}","templated":true}]}}