{"id":222,"date":"2021-02-28T21:05:56","date_gmt":"2021-02-28T21:05:56","guid":{"rendered":"https:\/\/www.faayautogroep.nl\/?page_id=222"},"modified":"2025-11-16T17:05:12","modified_gmt":"2025-11-16T15:05:12","slug":"vliegwiel-vervangen","status":"publish","type":"page","link":"https:\/\/www.faayautogroep.nl\/de\/schwungrad-ersetzen\/","title":{"rendered":"Schwungrad ersetzen"},"content":{"rendered":"<p>Das Schwungrad ist ein Teil, das Energie speichert. Es l\u00e4dt sich durch Rotation auf und liefert bei Bedarf Drehmoment. Dies ist sehr wichtig f\u00fcr Motoren, die sonst starke Vibrationen erfahren w\u00fcrden. Motoren werden immer kleiner und leistungsst\u00e4rker, weshalb die Konstruktion des Schwungrads ein Update ben\u00f6tigte. Heute wird das Zweimassenschwungrad nach und nach zum Standard. Dies hat eine Reihe von Vorteilen und verursacht auch h\u00f6here Kosten.<\/p>\n\n\n\n<p>Seine Konstruktion verdammt den Kolbenmotor zum R\u00fctteln und Rattern. Es beginnt mit einer Explosion, die einen Kolben dr\u00fcckt. Diese lineare Bewegung wird von einem Pleuel und der Kurbelwelle \u00fcber zwei Gelenke aufgenommen. Die Linearbewegung wird dann in eine Rotationsbewegung umgewandelt. Diese Drehung wird letztendlich an die Kupplung und von dort an das Getriebe weitergegeben.<\/p>\n\n\n\n<p>Einzylinder-Viertaktmotoren k\u00f6nnen ohne Schwungrad nicht funktionieren. Diese Motoren m\u00fcssen in einem Kolbenhub genug Kraft erzeugen, um die n\u00e4chsten drei H\u00fcbe zu bewirken. Mehrzylinder-Sternmotoren hingegen kommen ohne Schwungrad aus.<\/p>\n\n\n\n<p>Automotoren sind in den letzten Jahren deutlich leistungsst\u00e4rker geworden und liefern mit weniger Zylindern mehr Leistung. 100 PS mit einem Dreizylinder-Motor und knapp 1 Liter Hubraum zu generieren, ist mittlerweile Standard. Das Problem sind die dadurch verursachten Vibrationen, die zu zerst\u00f6rerischen Resonanzen f\u00fchren k\u00f6nnen. Dies kann zu schweren Sch\u00e4den an Motor und Getriebe f\u00fchren.<\/p>\n\n\n\n<p>Vor der gro\u00dfen Leistungssteigerung reichte das in die Kupplungsscheibe integrierte Schwungrad f\u00fcr einen runden Lauf des Motors. F\u00fcr heutige Motoren reicht das nicht mehr aus. Diese ben\u00f6tigen ein Schwungrad, das die Rotationsenergie speichert und zudem die Motorschwingungen zuverl\u00e4ssig vom Getriebe trennt. Daf\u00fcr wurde das Zweimassenschwungrad entwickelt.<\/p>\n\n\n\n<p>Das Zweimassenschwungrad ist ein separates Bauteil, das nicht mehr in die Kupplungsscheibe integriert ist. Es wird separat aufgef\u00fchrt und verkauft.<\/p>\n\n\n\n<h2 class=\"wp-block-heading\">Austausch des Schwungrades<\/h2>\n\n\n\n<p>Der Austausch eines Zweimassenschwungrads ist genauso kompliziert wie der Austausch einer Kupplung. Beide Verfahren sind gleich. Die Lebensdauer des Schwungrades entspricht ca. 150.000 km. Wenn die Kupplungsscheibe nach 120.000 km gewechselt werden muss, empfiehlt es sich, das Zweimassenschwungrad gleich mit zu erneuern, was Ihnen viel Arbeit erspart und zu einer voll funktionsf\u00e4higen Kupplung f\u00fchrt.<\/p>\n\n\n\n<p>Der Nachteil des Zweimassenschwungrads ist sein Preis. Los geht es bei 250 Euro. Realistischer sind Preise von 500 \u2013 600 EUR f\u00fcr ein hochwertiges und langlebiges Ersatzteil.<\/p>\n\n\n\n<p>F\u00fcr den Heimwerker ist es besser, Zeit zu sparen als Material zu sparen: Wenn das Schwungrad demontiert werden muss, ist es sinnvoll, die Kupplung auszutauschen. Es ist wichtig, die Kupplung als kompletten Satz zu ersetzen. Alle dazugeh\u00f6rigen Teile wie Dichtungen und Lager m\u00fcssen ebenfalls erneuert werden. Das garantiert eine absolut zuverl\u00e4ssige Kupplung f\u00fcr die n\u00e4chsten 120.000 km.<\/p>\n\n\n\n<p>Zum Austausch des Zweimassenschwungrads muss das Getriebe zerlegt werden. Das kann nur darunter passieren. <\/p>\n\n\n\n<div class=\"wp-block-buttons is-content-justification-center is-layout-flex wp-block-buttons-is-layout-flex\">\n<div class=\"wp-block-button has-custom-width wp-block-button__width-50\"><a class=\"wp-block-button__link has-black-color has-luminous-vivid-amber-background-color has-text-color has-background no-border-radius\" href=\"https:\/\/www.faayautogroep.nl\/de\/kontakt-2\/\">Lassen Sie Ihr Schwungrad ersetzen<\/a><\/div>\n<\/div>\n\n\n\n<h2 class=\"wp-block-heading\">H\u00e4ufig gestellte Fragen<\/h2>\n\n\n\n<h3 class=\"wp-block-heading\">Was ist ein Schwungrad?<\/h3>\n\n\n<p>Das Schwungrad ist ein wesentliches Bauteil, das zur Laufruhe des Motors beitr\u00e4gt. Es befindet sich zwischen Motor und Getriebe.<\/p>\n\n\n\n<h3 class=\"wp-block-heading\">Wie lange dauert der Austausch eines Schwungrads?<\/h3>\n\n\n<p>Der Austausch des Schwungrads dauert je nach Fahrzeugtyp in der Regel 2 bis 4 Stunden.<\/p>\n\n\n\n<h3 class=\"wp-block-heading\">Was kostet der Austausch des Schwungrads?<\/h3>\n\n\n<p>Die Kosten variieren je nach Fahrzeug erheblich. Wir bieten Ihnen zun\u00e4chst eine kostenlose Inspektion und ein unverbindliches Angebot an.<\/p>\n\n\n\n<h3 class=\"wp-block-heading\">Woran erkenne ich, ob mein Schwungrad defekt ist?<\/h3>\n\n\n<p>Zu den Symptomen geh\u00f6ren: Vibrationen beim Starten, Schwierigkeiten beim Schalten, durchrutschendes Kupplungspedal.<\/p>\n\n\n\n<h3 class=\"wp-block-heading\">Ist der Austausch des Schwungrads teuer?<\/h3>\n\n\n<p>Es k\u00f6nnen zwar erhebliche Kosten entstehen, aber es ist wesentlich g\u00fcnstiger als ein sp\u00e4terer Motorschaden.<\/p>\n\n\n\n<h3 class=\"wp-block-heading\">Erhalte ich eine Garantie auf das ausgetauschte Schwungrad?<\/h3>\n\n\n<p>Ja, wir gew\u00e4hren eine 12-monatige Garantie auf alle ausgetauschten Teile.<\/p>","protected":false},"excerpt":{"rendered":"<p>Het vliegwiel is een onderdeel dat energie opslaat. Het laadt zich op door rotatie en levert koppel op afroep. Dit is heel belangrijk voor motoren die anders sterke trillingen zouden ondervinden. Motoren worden kleiner en krachtiger en daarom was de constructie van het vliegwiel aan een update toe. Tegenwoordig wordt het dubbelmassa-vliegwiel gaandeweg standaard. Dit [&hellip;]<\/p>\n","protected":false},"author":1,"featured_media":0,"parent":0,"menu_order":0,"comment_status":"closed","ping_status":"closed","template":"","meta":{"_uag_custom_page_level_css":"","site-sidebar-layout":"default","site-content-layout":"","ast-site-content-layout":"default","site-content-style":"default","site-sidebar-style":"default","ast-global-header-display":"","ast-banner-title-visibility":"","ast-main-header-display":"","ast-hfb-above-header-display":"","ast-hfb-below-header-display":"","ast-hfb-mobile-header-display":"","site-post-title":"","ast-breadcrumbs-content":"","ast-featured-img":"","footer-sml-layout":"","ast-disable-related-posts":"","theme-transparent-header-meta":"","adv-header-id-meta":"","stick-header-meta":"","header-above-stick-meta":"","header-main-stick-meta":"","header-below-stick-meta":"","astra-migrate-meta-layouts":"default","ast-page-background-enabled":"default","ast-page-background-meta":{"desktop":{"background-color":"","background-image":"","background-repeat":"repeat","background-position":"center center","background-size":"auto","background-attachment":"scroll","background-type":"","background-media":"","overlay-type":"","overlay-color":"","overlay-opacity":"","overlay-gradient":""},"tablet":{"background-color":"","background-image":"","background-repeat":"repeat","background-position":"center center","background-size":"auto","background-attachment":"scroll","background-type":"","background-media":"","overlay-type":"","overlay-color":"","overlay-opacity":"","overlay-gradient":""},"mobile":{"background-color":"","background-image":"","background-repeat":"repeat","background-position":"center center","background-size":"auto","background-attachment":"scroll","background-type":"","background-media":"","overlay-type":"","overlay-color":"","overlay-opacity":"","overlay-gradient":""}},"ast-content-background-meta":{"desktop":{"background-color":"var(--ast-global-color-5)","background-image":"","background-repeat":"repeat","background-position":"center center","background-size":"auto","background-attachment":"scroll","background-type":"","background-media":"","overlay-type":"","overlay-color":"","overlay-opacity":"","overlay-gradient":""},"tablet":{"background-color":"var(--ast-global-color-5)","background-image":"","background-repeat":"repeat","background-position":"center center","background-size":"auto","background-attachment":"scroll","background-type":"","background-media":"","overlay-type":"","overlay-color":"","overlay-opacity":"","overlay-gradient":""},"mobile":{"background-color":"var(--ast-global-color-5)","background-image":"","background-repeat":"repeat","background-position":"center center","background-size":"auto","background-attachment":"scroll","background-type":"","background-media":"","overlay-type":"","overlay-color":"","overlay-opacity":"","overlay-gradient":""}},"footnotes":""},"class_list":["post-222","page","type-page","status-publish","hentry"],"aioseo_notices":[],"spectra_custom_meta":{"_edit_lock":["1616141233:2"],"_edit_last":["2"],"_yoast_wpseo_estimated-reading-time-minutes":["2"],"_wp_page_template":["default"],"_yoast_wpseo_content_score":["60"],"_trp_automatically_translated_slug_fr_FR":["remplacement-du-volant"],"_trp_automatically_translated_slug_pl_PL":["wymiana-kola-zamachowego"],"_trp_automatically_translated_slug_ru_RU":["%d0%b7%d0%b0%d0%bc%d0%b5%d0%bd%d0%b0-%d0%bc%d0%b0%d1%85%d0%be%d0%b2%d0%b8%d0%ba%d0%b0"],"_trp_automatically_translated_slug_es_ES":["reemplazo-del-volante"],"_trp_automatically_translated_slug_en_GB":["flywheel-replacement"],"_trp_automatically_translated_slug_de_DE":["schwungrad-ersetzen"],"_trp_automatically_translated_slug_ro_RO":["inlocuirea-volantului"],"_uag_css_file_name":["uag-css-222.css"],"_uag_page_assets":["a:9:{s:3:\"css\";s:10237:\".uag-blocks-common-selector{z-index:var(--z-index-desktop) !important}@media (max-width: 976px){.uag-blocks-common-selector{z-index:var(--z-index-tablet) !important}}@media (max-width: 767px){.uag-blocks-common-selector{z-index:var(--z-index-mobile) !important}}\n.wp-block-uagb-image{display:flex}.wp-block-uagb-image__figure{position:relative;display:flex;flex-direction:column;max-width:100%;height:auto;margin:0}.wp-block-uagb-image__figure img{height:auto;display:flex;max-width:100%;transition:box-shadow 0.2s ease}.wp-block-uagb-image__figure>a{display:inline-block}.wp-block-uagb-image__figure figcaption{text-align:center;margin-top:0.5em;margin-bottom:1em}.wp-block-uagb-image .components-placeholder.block-editor-media-placeholder .components-placeholder__instructions{align-self:center}.wp-block-uagb-image--align-left{text-align:left}.wp-block-uagb-image--align-right{text-align:right}.wp-block-uagb-image--align-center{text-align:center}.wp-block-uagb-image--align-full .wp-block-uagb-image__figure{margin-left:calc(50% - 50vw);margin-right:calc(50% - 50vw);max-width:100vw;width:100vw;height:auto}.wp-block-uagb-image--align-full .wp-block-uagb-image__figure img{height:auto;width:100% !important}.wp-block-uagb-image--align-wide .wp-block-uagb-image__figure img{height:auto;width:100%}.wp-block-uagb-image--layout-overlay__color-wrapper{position:absolute;left:0;top:0;right:0;bottom:0;opacity:0.2;background:rgba(0,0,0,0.5);transition:opacity 0.35s ease-in-out}.wp-block-uagb-image--layout-overlay-link{position:absolute;left:0;right:0;bottom:0;top:0}.wp-block-uagb-image--layout-overlay .wp-block-uagb-image__figure:hover .wp-block-uagb-image--layout-overlay__color-wrapper{opacity:1}.wp-block-uagb-image--layout-overlay__inner{position:absolute;left:15px;right:15px;bottom:15px;top:15px;display:flex;align-items:center;justify-content:center;flex-direction:column;border-color:#fff;transition:0.35s ease-in-out}.wp-block-uagb-image--layout-overlay__inner.top-left,.wp-block-uagb-image--layout-overlay__inner.top-center,.wp-block-uagb-image--layout-overlay__inner.top-right{justify-content:flex-start}.wp-block-uagb-image--layout-overlay__inner.bottom-left,.wp-block-uagb-image--layout-overlay__inner.bottom-center,.wp-block-uagb-image--layout-overlay__inner.bottom-right{justify-content:flex-end}.wp-block-uagb-image--layout-overlay__inner.top-left,.wp-block-uagb-image--layout-overlay__inner.center-left,.wp-block-uagb-image--layout-overlay__inner.bottom-left{align-items:flex-start}.wp-block-uagb-image--layout-overlay__inner.top-right,.wp-block-uagb-image--layout-overlay__inner.center-right,.wp-block-uagb-image--layout-overlay__inner.bottom-right{align-items:flex-end}.wp-block-uagb-image--layout-overlay__inner .uagb-image-heading{color:#fff;transition:transform 0.35s, opacity 0.35s ease-in-out;transform:translate3d(0, 24px, 0);margin:0;line-height:1em}.wp-block-uagb-image--layout-overlay__inner .uagb-image-separator{width:30%;border-top-width:2px;border-top-color:#fff;border-top-style:solid;margin-bottom:10px;opacity:0;transition:transform 0.4s, opacity 0.4s ease-in-out;transform:translate3d(0, 30px, 0)}.wp-block-uagb-image--layout-overlay__inner .uagb-image-caption{opacity:0;overflow:visible;color:#fff;transition:transform 0.45s, opacity 0.45s ease-in-out;transform:translate3d(0, 35px, 0)}.wp-block-uagb-image--layout-overlay__inner:hover .uagb-image-heading,.wp-block-uagb-image--layout-overlay__inner:hover .uagb-image-separator,.wp-block-uagb-image--layout-overlay__inner:hover .uagb-image-caption{opacity:1;transform:translate3d(0, 0, 0)}.wp-block-uagb-image--effect-zoomin .wp-block-uagb-image__figure img,.wp-block-uagb-image--effect-zoomin .wp-block-uagb-image__figure .wp-block-uagb-image--layout-overlay__color-wrapper{transform:scale(1);transition:transform 0.35s ease-in-out}.wp-block-uagb-image--effect-zoomin .wp-block-uagb-image__figure:hover img,.wp-block-uagb-image--effect-zoomin .wp-block-uagb-image__figure:hover .wp-block-uagb-image--layout-overlay__color-wrapper{transform:scale(1.05)}.wp-block-uagb-image--effect-slide .wp-block-uagb-image__figure img,.wp-block-uagb-image--effect-slide .wp-block-uagb-image__figure .wp-block-uagb-image--layout-overlay__color-wrapper{width:calc(100% + 40px) !important;max-width:none !important;transform:translate3d(-40px, 0, 0);transition:transform 0.35s ease-in-out}.wp-block-uagb-image--effect-slide .wp-block-uagb-image__figure:hover img,.wp-block-uagb-image--effect-slide .wp-block-uagb-image__figure:hover .wp-block-uagb-image--layout-overlay__color-wrapper{transform:translate3d(0, 0, 0)}.wp-block-uagb-image--effect-grayscale img{filter:grayscale(0%);transition:0.35s ease-in-out}.wp-block-uagb-image--effect-grayscale:hover img{filter:grayscale(100%)}.wp-block-uagb-image--effect-blur img{filter:blur(0);transition:0.35s ease-in-out}.wp-block-uagb-image--effect-blur:hover img{filter:blur(3px)}\n.uagb-block-1afaa6ec.wp-block-uagb-image{margin-top: 0px;margin-right: 0px;margin-bottom: 0px;margin-left: 0px;}.uagb-block-1afaa6ec.wp-block-uagb-image--layout-default figure img{box-shadow: 0px 0px 0 #00000070;}.uagb-block-1afaa6ec.wp-block-uagb-image .wp-block-uagb-image__figure figcaption{font-style: normal;align-self: center;}.uagb-block-1afaa6ec.wp-block-uagb-image--layout-overlay figure img{box-shadow: 0px 0px 0 #00000070;}.uagb-block-1afaa6ec.wp-block-uagb-image--layout-overlay .wp-block-uagb-image--layout-overlay__color-wrapper{opacity: 0.2;}.uagb-block-1afaa6ec.wp-block-uagb-image--layout-overlay .wp-block-uagb-image--layout-overlay__inner{left: 15px;right: 15px;top: 15px;bottom: 15px;}.uagb-block-1afaa6ec.wp-block-uagb-image--layout-overlay .wp-block-uagb-image--layout-overlay__inner .uagb-image-heading{font-style: normal;color: #fff;opacity: 1;}.uagb-block-1afaa6ec.wp-block-uagb-image--layout-overlay .wp-block-uagb-image--layout-overlay__inner .uagb-image-heading a{color: #fff;}.uagb-block-1afaa6ec.wp-block-uagb-image--layout-overlay .wp-block-uagb-image--layout-overlay__inner .uagb-image-caption{opacity: 0;}.uagb-block-1afaa6ec.wp-block-uagb-image--layout-overlay .wp-block-uagb-image__figure:hover .wp-block-uagb-image--layout-overlay__color-wrapper{opacity: 1;}.uagb-block-1afaa6ec.wp-block-uagb-image .wp-block-uagb-image--layout-overlay__inner .uagb-image-separator{width: 30%;border-top-width: 2px;border-top-color: #fff;opacity: 0;}.uagb-block-1afaa6ec.wp-block-uagb-image .wp-block-uagb-image__figure img{width: 1024px;height: auto;}.uagb-block-1afaa6ec.wp-block-uagb-image .wp-block-uagb-image__figure:hover .wp-block-uagb-image--layout-overlay__inner .uagb-image-caption{opacity: 1;}.uagb-block-1afaa6ec.wp-block-uagb-image .wp-block-uagb-image__figure:hover .wp-block-uagb-image--layout-overlay__inner .uagb-image-separator{opacity: 1;}.uagb-block-1afaa6ec.wp-block-uagb-image--layout-default figure:hover img{box-shadow: 0px 0px 0 #00000070;}.uagb-block-1afaa6ec.wp-block-uagb-image--layout-overlay figure:hover img{box-shadow: 0px 0px 0 #00000070;}@media only screen and (max-width: 976px) {.uagb-block-1afaa6ec.wp-block-uagb-image .wp-block-uagb-image__figure img{width: 1024px;height: auto;}}@media only screen and (max-width: 767px) {.uagb-block-1afaa6ec.wp-block-uagb-image .wp-block-uagb-image__figure img{width: 1024px;height: auto;}}.wp-block-uagb-advanced-heading h1,.wp-block-uagb-advanced-heading h2,.wp-block-uagb-advanced-heading h3,.wp-block-uagb-advanced-heading h4,.wp-block-uagb-advanced-heading h5,.wp-block-uagb-advanced-heading h6,.wp-block-uagb-advanced-heading p,.wp-block-uagb-advanced-heading div{word-break:break-word}.wp-block-uagb-advanced-heading .uagb-heading-text{margin:0}.wp-block-uagb-advanced-heading .uagb-desc-text{margin:0}.wp-block-uagb-advanced-heading .uagb-separator{font-size:0;border-top-style:solid;display:inline-block;margin:0 0 10px 0}.wp-block-uagb-advanced-heading .uagb-highlight{color:#f78a0c;border:0;transition:all 0.3s ease}.uag-highlight-toolbar{border-left:0;border-top:0;border-bottom:0;border-radius:0;border-right-color:#1e1e1e}.uag-highlight-toolbar .components-button{border-radius:0;outline:none}.uag-highlight-toolbar .components-button.is-primary{color:#fff}\n.wp-block-uagb-advanced-heading.uagb-block-eb913f20.wp-block-uagb-advanced-heading .uagb-heading-text{color: #ffffff;}.wp-block-uagb-advanced-heading.uagb-block-eb913f20.wp-block-uagb-advanced-heading {margin-top: -29px;margin-right: 0px;margin-bottom: 0px;margin-left: 0px;padding-top: 0px;padding-right: 0px;padding-bottom: 0px;padding-left: 0px;}.wp-block-uagb-advanced-heading.uagb-block-eb913f20.wp-block-uagb-advanced-heading .uagb-desc-text{margin-bottom: 15px;}.wp-block-uagb-advanced-heading.uagb-block-eb913f20.wp-block-uagb-advanced-heading .uagb-highlight{font-style: normal;font-weight: Default;background: #007cba;color: #fff;-webkit-text-fill-color: #fff;}.wp-block-uagb-advanced-heading.uagb-block-eb913f20.wp-block-uagb-advanced-heading .uagb-highlight::-moz-selection{color: #fff;background: #007cba;-webkit-text-fill-color: #fff;}.wp-block-uagb-advanced-heading.uagb-block-eb913f20.wp-block-uagb-advanced-heading .uagb-highlight::selection{color: #fff;background: #007cba;-webkit-text-fill-color: #fff;}.wp-block-uagb-advanced-heading.uagb-block-97eb29cd.wp-block-uagb-advanced-heading .uagb-heading-text{color: var(--ast-global-color-5);}.wp-block-uagb-advanced-heading.uagb-block-97eb29cd.wp-block-uagb-advanced-heading a{color: var(--ast-global-color-5);}.wp-block-uagb-advanced-heading.uagb-block-97eb29cd.wp-block-uagb-advanced-heading .uagb-desc-text{margin-bottom: 15px;}.wp-block-uagb-advanced-heading.uagb-block-97eb29cd.wp-block-uagb-advanced-heading .uagb-highlight{font-style: normal;font-weight: Default;background: #007cba;color: #fff;-webkit-text-fill-color: #fff;}.wp-block-uagb-advanced-heading.uagb-block-97eb29cd.wp-block-uagb-advanced-heading .uagb-highlight::-moz-selection{color: #fff;background: #007cba;-webkit-text-fill-color: #fff;}.wp-block-uagb-advanced-heading.uagb-block-97eb29cd.wp-block-uagb-advanced-heading .uagb-highlight::selection{color: #fff;background: #007cba;-webkit-text-fill-color: #fff;}.wp-block-uagb-advanced-heading.uagb-block-97eb29cd .uagb-heading-text{font-weight: 400;font-size: 22px;margin-bottom: 22px;}\";s:2:\"js\";s:0:\"\";s:18:\"current_block_list\";a:12:{i:0;s:14:\"core\/paragraph\";i:1;s:12:\"core\/heading\";i:2;s:12:\"core\/buttons\";i:3;s:11:\"core\/button\";i:4;s:11:\"core\/search\";i:5;s:10:\"core\/group\";i:6;s:17:\"core\/latest-posts\";i:7;s:20:\"core\/latest-comments\";i:8;s:13:\"core\/archives\";i:9;s:15:\"core\/categories\";i:10;s:10:\"uagb\/image\";i:11;s:21:\"uagb\/advanced-heading\";}s:8:\"uag_flag\";b:1;s:11:\"uag_version\";s:10:\"1776700018\";s:6:\"gfonts\";a:0:{}s:10:\"gfonts_url\";s:0:\"\";s:12:\"gfonts_files\";a:0:{}s:14:\"uag_faq_layout\";b:0;}"]},"uagb_featured_image_src":{"full":false,"thumbnail":false,"medium":false,"medium_large":false,"large":false,"1536x1536":false,"2048x2048":false,"trp-custom-language-flag":false},"uagb_author_info":{"display_name":"admin","author_link":"https:\/\/www.faayautogroep.nl\/de\/author\/admin\/"},"uagb_comment_info":0,"uagb_excerpt":"Het vliegwiel is een onderdeel dat energie opslaat. Het laadt zich op door rotatie en levert koppel op afroep. Dit is heel belangrijk voor motoren die anders sterke trillingen zouden ondervinden. Motoren worden kleiner en krachtiger en daarom was de constructie van het vliegwiel aan een update toe. Tegenwoordig wordt het dubbelmassa-vliegwiel gaandeweg standaard. Dit&hellip;","_links":{"self":[{"href":"https:\/\/www.faayautogroep.nl\/de\/wp-json\/wp\/v2\/pages\/222","targetHints":{"allow":["GET"]}}],"collection":[{"href":"https:\/\/www.faayautogroep.nl\/de\/wp-json\/wp\/v2\/pages"}],"about":[{"href":"https:\/\/www.faayautogroep.nl\/de\/wp-json\/wp\/v2\/types\/page"}],"author":[{"embeddable":true,"href":"https:\/\/www.faayautogroep.nl\/de\/wp-json\/wp\/v2\/users\/1"}],"replies":[{"embeddable":true,"href":"https:\/\/www.faayautogroep.nl\/de\/wp-json\/wp\/v2\/comments?post=222"}],"version-history":[{"count":1,"href":"https:\/\/www.faayautogroep.nl\/de\/wp-json\/wp\/v2\/pages\/222\/revisions"}],"predecessor-version":[{"id":20013,"href":"https:\/\/www.faayautogroep.nl\/de\/wp-json\/wp\/v2\/pages\/222\/revisions\/20013"}],"wp:attachment":[{"href":"https:\/\/www.faayautogroep.nl\/de\/wp-json\/wp\/v2\/media?parent=222"}],"curies":[{"name":"wp","href":"https:\/\/api.w.org\/{rel}","templated":true}]}}