{"id":212,"date":"2021-02-28T21:02:06","date_gmt":"2021-02-28T21:02:06","guid":{"rendered":"https:\/\/www.faayautogroep.nl\/?page_id=212"},"modified":"2025-11-16T17:05:12","modified_gmt":"2025-11-16T15:05:12","slug":"verstuiver-en-injectoren","status":"publish","type":"page","link":"https:\/\/www.faayautogroep.nl\/de\/zerstauber-und-injektoren\/","title":{"rendered":"Zerst\u00e4uber und Injektoren"},"content":{"rendered":"<p>Jedes mechanische oder elektronische Teil in Autos nutzt sich ab. Also auch die Zerst\u00e4uber und Injektoren. Im Allgemeinen ist dieser Prozess allm\u00e4hlich. Der Verschlei\u00df von Dieselinjektoren kann beispielsweise zu Folgendem f\u00fchren:<\/p>\n\n\n\n<ul class=\"wp-block-list\"><li>Leistungsabfall,<\/li><li>erh\u00f6hter Kraftstoffverbrauch,<\/li><li>Rauchentwicklung beim Beschleunigen,<\/li><li>Startprobleme u<\/li><li>Nadiesen bzw<\/li><li>Die Leuchte \u201eSt\u00f6rung Kraftstoffsystem\u201c leuchtet auf<\/li><\/ul>\n\n\n\n<p>Der Verschlei\u00df der Injektoren und die daraus resultierenden Probleme treten in der Regel erst ab 150.000 km auf. Dieser Vorgang kann beschleunigt werden, indem man zum Beispiel einen minderwertigen Kraftstoff tankt oder manchmal sogar den falschen Kraftstoff tankt und damit f\u00e4hrt.<\/p>\n\n\n\n<p>Neben dem normalen Verschlei\u00df k\u00f6nnen Injektoren auch \u201enormal\u201c mechanisch oder elektronisch ausfallen. Dies macht sich meist sofort bemerkbar und f\u00fchrt oft dazu, dass das Fahrzeug bis zur Reparatur unbrauchbar wird. Du bleibst stehen.<\/p>\n\n\n\n<p>Ein defekter Zerst\u00e4uber f\u00fchrt in der Regel dazu, dass die D\u00fcse nicht mehr richtig ge\u00f6ffnet und\/oder geschlossen wird. Der Injektor kann zu viel, zu wenig, in die falsche Richtung oder zur falschen Zeit spritzen.<\/p>\n\n\n\n<p>Folgen davon sind:<\/p>\n\n\n\n<ul class=\"wp-block-list\"><li>Leistungsabfall<\/li><li>eingeschr\u00e4nkte oder keine Verbrennung in einem oder mehreren Zylindern<\/li><li>Rauchentwicklung beim Beschleunigen<\/li><li>Sie riechen den Geruch von Abgasen im Auto<\/li><li>tickende Ger\u00e4usche aus dem Motor <\/li><li>unregelm\u00e4\u00dfiger Lauf des Motors<\/li><\/ul>\n\n\n\n<p>Teilweise geht der Motor sogar komplett aus. Das Weiterfahren des Autos mit solchen M\u00e4ngeln kann zu schweren Motorsch\u00e4den f\u00fchren.<\/p>\n\n\n\n<h2 class=\"wp-block-heading\">INJEKTOREN UND INJEKTOREN DIAGNOSE TERMIN?<\/h2>\n\n\n\n<p>Wenn Sie an einem der oben genannten Symptome leiden, kontaktieren Sie uns bitte sofort telefonisch f\u00fcr eine Diagnose. Wir stellen dann genau fest, was los ist, auch wenn die Injektoren nicht das Problem sind. Wissen Sie bereits, dass einer oder alle Ihrer Injektoren ausgetauscht werden m\u00fcssen und m\u00f6chten Sie ein Angebot? Rufen Sie unser B\u00fcro an oder senden Sie uns eine E-Mail. Wir sprechen gerne mit Ihnen.<\/p>\n\n\n\n<div class=\"wp-block-buttons is-content-justification-center is-layout-flex wp-block-buttons-is-layout-flex\">\n<div class=\"wp-block-button has-custom-width wp-block-button__width-50\"><a class=\"wp-block-button__link has-black-color has-luminous-vivid-amber-background-color has-text-color has-background no-border-radius\" href=\"https:\/\/www.faayautogroep.nl\/de\/kontakt-2\/\">Vereinbaren Sie Ihren Termin zur Zerst\u00e4uber- und Injektordiagnose<\/a><\/div>\n<\/div>\n\n\n\n<h2 class=\"wp-block-heading\">H\u00e4ufig gestellte Fragen<\/h2>\n\n\n\n<h3 class=\"wp-block-heading\">Was bewirken Einspritzd\u00fcsen?<\/h3>\n\n\n<p>Die Einspritzd\u00fcsen spr\u00fchen den Kraftstoff direkt in den Brennraum, um eine effiziente Nutzung zu gew\u00e4hrleisten.<\/p>\n\n\n\n<h3 class=\"wp-block-heading\">Wie lange halten Einspritzd\u00fcsen?<\/h3>\n\n\n<p>Die durchschnittliche Lebensdauer von Einspritzd\u00fcsen betr\u00e4gt 80.000 bis 100.000 Kilometer.<\/p>\n\n\n\n<h3 class=\"wp-block-heading\">Was kostet die Reinigung von Einspritzd\u00fcsen?<\/h3>\n\n\n<p>Die Reinigung kostet etwa 100-200 Euro und kann viele Probleme verhindern.<\/p>\n\n\n\n<h3 class=\"wp-block-heading\">Was kostet der Austausch der Einspritzd\u00fcsen?<\/h3>\n\n\n<p>Die Kosten f\u00fcr den Austausch eines Injektors liegen je nach Typ zwischen 300 und 800 Euro.<\/p>\n\n\n\n<h3 class=\"wp-block-heading\">Woran erkennt man defekte Einspritzd\u00fcsen?<\/h3>\n\n\n<p>Zu den Symptomen geh\u00f6ren: h\u00f6here Emissionen, h\u00f6herer Verbrauch, schlechtes Startverhalten.<\/p>\n\n\n\n<h3 class=\"wp-block-heading\">K\u00f6nnen Einspritzd\u00fcsen repariert werden?<\/h3>\n\n\n<p>Defekte Einspritzd\u00fcsen werden \u00fcblicherweise ausgetauscht. Wir verwenden ausschlie\u00dflich Original-Einspritzd\u00fcsen in hoher Qualit\u00e4t.<\/p>","protected":false},"excerpt":{"rendered":"<p>Elk mechanisch of elektronisch onderdeel in auto\u2019s slijt. Dus ook de verstuivers en injectoren. Over het algemeen gaat dit proces geleidelijk. Slijtage van dieselverstuivers kan leiden tot bijvoorbeeld: afname van vermogen, verhoogd brandstofverbruik, rookontwikkeling bij accelereren, startproblemen en nadieselen of lampje \u201cstoring brandstofsysteem\u201d gaat branden Slijtage van verstuivers en de problemen als gevolg daarvan komen [&hellip;]<\/p>\n","protected":false},"author":31,"featured_media":0,"parent":0,"menu_order":0,"comment_status":"closed","ping_status":"closed","template":"","meta":{"_uag_custom_page_level_css":"","site-sidebar-layout":"default","site-content-layout":"","ast-site-content-layout":"default","site-content-style":"default","site-sidebar-style":"default","ast-global-header-display":"","ast-banner-title-visibility":"","ast-main-header-display":"","ast-hfb-above-header-display":"","ast-hfb-below-header-display":"","ast-hfb-mobile-header-display":"","site-post-title":"","ast-breadcrumbs-content":"","ast-featured-img":"","footer-sml-layout":"","ast-disable-related-posts":"","theme-transparent-header-meta":"","adv-header-id-meta":"","stick-header-meta":"","header-above-stick-meta":"","header-main-stick-meta":"","header-below-stick-meta":"","astra-migrate-meta-layouts":"default","ast-page-background-enabled":"default","ast-page-background-meta":{"desktop":{"background-color":"","background-image":"","background-repeat":"repeat","background-position":"center center","background-size":"auto","background-attachment":"scroll","background-type":"","background-media":"","overlay-type":"","overlay-color":"","overlay-opacity":"","overlay-gradient":""},"tablet":{"background-color":"","background-image":"","background-repeat":"repeat","background-position":"center center","background-size":"auto","background-attachment":"scroll","background-type":"","background-media":"","overlay-type":"","overlay-color":"","overlay-opacity":"","overlay-gradient":""},"mobile":{"background-color":"","background-image":"","background-repeat":"repeat","background-position":"center center","background-size":"auto","background-attachment":"scroll","background-type":"","background-media":"","overlay-type":"","overlay-color":"","overlay-opacity":"","overlay-gradient":""}},"ast-content-background-meta":{"desktop":{"background-color":"var(--ast-global-color-5)","background-image":"","background-repeat":"repeat","background-position":"center center","background-size":"auto","background-attachment":"scroll","background-type":"","background-media":"","overlay-type":"","overlay-color":"","overlay-opacity":"","overlay-gradient":""},"tablet":{"background-color":"var(--ast-global-color-5)","background-image":"","background-repeat":"repeat","background-position":"center center","background-size":"auto","background-attachment":"scroll","background-type":"","background-media":"","overlay-type":"","overlay-color":"","overlay-opacity":"","overlay-gradient":""},"mobile":{"background-color":"var(--ast-global-color-5)","background-image":"","background-repeat":"repeat","background-position":"center center","background-size":"auto","background-attachment":"scroll","background-type":"","background-media":"","overlay-type":"","overlay-color":"","overlay-opacity":"","overlay-gradient":""}},"footnotes":""},"class_list":["post-212","page","type-page","status-publish","hentry"],"aioseo_notices":[],"spectra_custom_meta":{"_edit_lock":["1616409555:2"],"_edit_last":["2"],"_yoast_wpseo_estimated-reading-time-minutes":["2"],"_wp_page_template":["default"],"_yoast_wpseo_content_score":["90"],"_trp_automatically_translated_slug_ro_RO":["atomizor-si-injectoare"],"_trp_automatically_translated_slug_en_GB":["atomizer-and-injectors"],"_trp_automatically_translated_slug_es_ES":["atomizador-e-inyectores"],"_trp_automatically_translated_slug_de_DE":["zerstauber-und-injektoren"],"_trp_automatically_translated_slug_pl_PL":["atomizer-i-wtryskiwacze"],"_trp_automatically_translated_slug_ru_RU":["%d1%80%d0%b0%d1%81%d0%bf%d1%8b%d0%bb%d0%b8%d1%82%d0%b5%d0%bb%d0%b8-%d0%b8-%d1%84%d0%be%d1%80%d1%81%d1%83%d0%bd%d0%ba%d0%b8"],"_trp_automatically_translated_slug_fr_FR":["atomiseur-et-injecteurs"],"_uag_css_file_name":["uag-css-212.css"],"_uagb_previous_block_counts":["a:90:{s:21:\"uagb\/advanced-heading\";i:0;s:15:\"uagb\/blockquote\";i:0;s:12:\"uagb\/buttons\";i:0;s:18:\"uagb\/buttons-child\";i:0;s:19:\"uagb\/call-to-action\";i:0;s:15:\"uagb\/cf7-styler\";i:0;s:11:\"uagb\/column\";i:0;s:12:\"uagb\/columns\";i:0;s:14:\"uagb\/container\";i:0;s:21:\"uagb\/content-timeline\";i:0;s:27:\"uagb\/content-timeline-child\";i:0;s:14:\"uagb\/countdown\";i:0;s:12:\"uagb\/counter\";i:0;s:8:\"uagb\/faq\";i:0;s:14:\"uagb\/faq-child\";i:0;s:10:\"uagb\/forms\";i:0;s:17:\"uagb\/forms-accept\";i:0;s:19:\"uagb\/forms-checkbox\";i:0;s:15:\"uagb\/forms-date\";i:0;s:16:\"uagb\/forms-email\";i:0;s:17:\"uagb\/forms-hidden\";i:0;s:15:\"uagb\/forms-name\";i:0;s:16:\"uagb\/forms-phone\";i:0;s:16:\"uagb\/forms-radio\";i:0;s:17:\"uagb\/forms-select\";i:0;s:19:\"uagb\/forms-textarea\";i:0;s:17:\"uagb\/forms-toggle\";i:0;s:14:\"uagb\/forms-url\";i:0;s:14:\"uagb\/gf-styler\";i:0;s:15:\"uagb\/google-map\";i:0;s:11:\"uagb\/how-to\";i:0;s:16:\"uagb\/how-to-step\";i:0;s:9:\"uagb\/icon\";i:0;s:14:\"uagb\/icon-list\";i:0;s:20:\"uagb\/icon-list-child\";i:0;s:10:\"uagb\/image\";i:0;s:18:\"uagb\/image-gallery\";i:0;s:13:\"uagb\/info-box\";i:0;s:18:\"uagb\/inline-notice\";i:0;s:11:\"uagb\/lottie\";i:0;s:21:\"uagb\/marketing-button\";i:0;s:10:\"uagb\/modal\";i:0;s:18:\"uagb\/popup-builder\";i:0;s:16:\"uagb\/post-button\";i:0;s:18:\"uagb\/post-carousel\";i:0;s:17:\"uagb\/post-excerpt\";i:0;s:14:\"uagb\/post-grid\";i:0;s:15:\"uagb\/post-image\";i:0;s:17:\"uagb\/post-masonry\";i:0;s:14:\"uagb\/post-meta\";i:0;s:18:\"uagb\/post-taxonomy\";i:0;s:18:\"uagb\/post-timeline\";i:0;s:15:\"uagb\/post-title\";i:0;s:20:\"uagb\/restaurant-menu\";i:0;s:26:\"uagb\/restaurant-menu-child\";i:0;s:11:\"uagb\/review\";i:0;s:12:\"uagb\/section\";i:0;s:14:\"uagb\/separator\";i:0;s:11:\"uagb\/slider\";i:0;s:17:\"uagb\/slider-child\";i:0;s:17:\"uagb\/social-share\";i:0;s:23:\"uagb\/social-share-child\";i:0;s:16:\"uagb\/star-rating\";i:0;s:23:\"uagb\/sure-cart-checkout\";i:0;s:22:\"uagb\/sure-cart-product\";i:0;s:15:\"uagb\/sure-forms\";i:0;s:22:\"uagb\/table-of-contents\";i:0;s:9:\"uagb\/tabs\";i:0;s:15:\"uagb\/tabs-child\";i:0;s:18:\"uagb\/taxonomy-list\";i:0;s:9:\"uagb\/team\";i:0;s:16:\"uagb\/testimonial\";i:0;s:14:\"uagb\/wp-search\";i:0;s:19:\"uagb\/instagram-feed\";i:0;s:10:\"uagb\/login\";i:0;s:17:\"uagb\/loop-builder\";i:0;s:18:\"uagb\/loop-category\";i:0;s:20:\"uagb\/loop-pagination\";i:0;s:15:\"uagb\/loop-reset\";i:0;s:16:\"uagb\/loop-search\";i:0;s:14:\"uagb\/loop-sort\";i:0;s:17:\"uagb\/loop-wrapper\";i:0;s:13:\"uagb\/register\";i:0;s:19:\"uagb\/register-email\";i:0;s:24:\"uagb\/register-first-name\";i:0;s:23:\"uagb\/register-last-name\";i:0;s:22:\"uagb\/register-password\";i:0;s:30:\"uagb\/register-reenter-password\";i:0;s:19:\"uagb\/register-terms\";i:0;s:22:\"uagb\/register-username\";i:0;}"],"_uag_page_assets":["a:9:{s:3:\"css\";s:10212:\".uag-blocks-common-selector{z-index:var(--z-index-desktop) !important}@media(max-width: 976px){.uag-blocks-common-selector{z-index:var(--z-index-tablet) !important}}@media(max-width: 767px){.uag-blocks-common-selector{z-index:var(--z-index-mobile) !important}}.wp-block-uagb-image{display:flex}.wp-block-uagb-image__figure{position:relative;display:flex;flex-direction:column;max-width:100%;height:auto;margin:0}.wp-block-uagb-image__figure img{height:auto;display:flex;max-width:100%;transition:box-shadow .2s ease}.wp-block-uagb-image__figure>a{display:inline-block}.wp-block-uagb-image__figure figcaption{text-align:center;margin-top:.5em;margin-bottom:1em}.wp-block-uagb-image .components-placeholder.block-editor-media-placeholder .components-placeholder__instructions{align-self:center}.wp-block-uagb-image--align-left{text-align:left}.wp-block-uagb-image--align-right{text-align:right}.wp-block-uagb-image--align-center{text-align:center}.wp-block-uagb-image--align-full .wp-block-uagb-image__figure{margin-left:calc(50% - 50vw);margin-right:calc(50% - 50vw);max-width:100vw;width:100vw;height:auto}.wp-block-uagb-image--align-full .wp-block-uagb-image__figure img{height:auto;width:100% !important}.wp-block-uagb-image--align-wide .wp-block-uagb-image__figure img{height:auto;width:100%}.wp-block-uagb-image--layout-overlay__color-wrapper{position:absolute;left:0;top:0;right:0;bottom:0;opacity:.2;background:rgba(0,0,0,.5);transition:opacity .35s ease-in-out}.wp-block-uagb-image--layout-overlay-link{position:absolute;left:0;right:0;bottom:0;top:0}.wp-block-uagb-image--layout-overlay .wp-block-uagb-image__figure:hover .wp-block-uagb-image--layout-overlay__color-wrapper{opacity:1}.wp-block-uagb-image--layout-overlay__inner{position:absolute;left:15px;right:15px;bottom:15px;top:15px;display:flex;align-items:center;justify-content:center;flex-direction:column;border-color:#fff;transition:.35s ease-in-out}.wp-block-uagb-image--layout-overlay__inner.top-left,.wp-block-uagb-image--layout-overlay__inner.top-center,.wp-block-uagb-image--layout-overlay__inner.top-right{justify-content:flex-start}.wp-block-uagb-image--layout-overlay__inner.bottom-left,.wp-block-uagb-image--layout-overlay__inner.bottom-center,.wp-block-uagb-image--layout-overlay__inner.bottom-right{justify-content:flex-end}.wp-block-uagb-image--layout-overlay__inner.top-left,.wp-block-uagb-image--layout-overlay__inner.center-left,.wp-block-uagb-image--layout-overlay__inner.bottom-left{align-items:flex-start}.wp-block-uagb-image--layout-overlay__inner.top-right,.wp-block-uagb-image--layout-overlay__inner.center-right,.wp-block-uagb-image--layout-overlay__inner.bottom-right{align-items:flex-end}.wp-block-uagb-image--layout-overlay__inner .uagb-image-heading{color:#fff;transition:transform .35s,opacity .35s ease-in-out;transform:translate3d(0, 24px, 0);margin:0;line-height:1em}.wp-block-uagb-image--layout-overlay__inner .uagb-image-separator{width:30%;border-top-width:2px;border-top-color:#fff;border-top-style:solid;margin-bottom:10px;opacity:0;transition:transform .4s,opacity .4s ease-in-out;transform:translate3d(0, 30px, 0)}.wp-block-uagb-image--layout-overlay__inner .uagb-image-caption{opacity:0;overflow:visible;color:#fff;transition:transform .45s,opacity .45s ease-in-out;transform:translate3d(0, 35px, 0)}.wp-block-uagb-image--layout-overlay__inner:hover .uagb-image-heading,.wp-block-uagb-image--layout-overlay__inner:hover .uagb-image-separator,.wp-block-uagb-image--layout-overlay__inner:hover .uagb-image-caption{opacity:1;transform:translate3d(0, 0, 0)}.wp-block-uagb-image--effect-zoomin .wp-block-uagb-image__figure img,.wp-block-uagb-image--effect-zoomin .wp-block-uagb-image__figure .wp-block-uagb-image--layout-overlay__color-wrapper{transform:scale(1);transition:transform .35s ease-in-out}.wp-block-uagb-image--effect-zoomin .wp-block-uagb-image__figure:hover img,.wp-block-uagb-image--effect-zoomin .wp-block-uagb-image__figure:hover .wp-block-uagb-image--layout-overlay__color-wrapper{transform:scale(1.05)}.wp-block-uagb-image--effect-slide .wp-block-uagb-image__figure img,.wp-block-uagb-image--effect-slide .wp-block-uagb-image__figure .wp-block-uagb-image--layout-overlay__color-wrapper{width:calc(100% + 40px) !important;max-width:none !important;transform:translate3d(-40px, 0, 0);transition:transform .35s ease-in-out}.wp-block-uagb-image--effect-slide .wp-block-uagb-image__figure:hover img,.wp-block-uagb-image--effect-slide .wp-block-uagb-image__figure:hover .wp-block-uagb-image--layout-overlay__color-wrapper{transform:translate3d(0, 0, 0)}.wp-block-uagb-image--effect-grayscale img{filter:grayscale(0%);transition:.35s ease-in-out}.wp-block-uagb-image--effect-grayscale:hover img{filter:grayscale(100%)}.wp-block-uagb-image--effect-blur img{filter:blur(0);transition:.35s ease-in-out}.wp-block-uagb-image--effect-blur:hover img{filter:blur(3px)}.uagb-block-1afaa6ec.wp-block-uagb-image{margin-top: 0px;margin-right: 0px;margin-bottom: 0px;margin-left: 0px;}.uagb-block-1afaa6ec.wp-block-uagb-image--layout-default figure img{box-shadow: 0px 0px 0 #00000070;}.uagb-block-1afaa6ec.wp-block-uagb-image .wp-block-uagb-image__figure figcaption{font-style: normal;align-self: center;}.uagb-block-1afaa6ec.wp-block-uagb-image--layout-overlay figure img{box-shadow: 0px 0px 0 #00000070;}.uagb-block-1afaa6ec.wp-block-uagb-image--layout-overlay .wp-block-uagb-image--layout-overlay__color-wrapper{opacity: 0.2;}.uagb-block-1afaa6ec.wp-block-uagb-image--layout-overlay .wp-block-uagb-image--layout-overlay__inner{left: 15px;right: 15px;top: 15px;bottom: 15px;}.uagb-block-1afaa6ec.wp-block-uagb-image--layout-overlay .wp-block-uagb-image--layout-overlay__inner .uagb-image-heading{font-style: normal;color: #fff;opacity: 1;}.uagb-block-1afaa6ec.wp-block-uagb-image--layout-overlay .wp-block-uagb-image--layout-overlay__inner .uagb-image-heading a{color: #fff;}.uagb-block-1afaa6ec.wp-block-uagb-image--layout-overlay .wp-block-uagb-image--layout-overlay__inner .uagb-image-caption{opacity: 0;}.uagb-block-1afaa6ec.wp-block-uagb-image--layout-overlay .wp-block-uagb-image__figure:hover .wp-block-uagb-image--layout-overlay__color-wrapper{opacity: 1;}.uagb-block-1afaa6ec.wp-block-uagb-image .wp-block-uagb-image--layout-overlay__inner .uagb-image-separator{width: 30%;border-top-width: 2px;border-top-color: #fff;opacity: 0;}.uagb-block-1afaa6ec.wp-block-uagb-image .wp-block-uagb-image__figure img{width: 1024px;height: auto;}.uagb-block-1afaa6ec.wp-block-uagb-image .wp-block-uagb-image__figure:hover .wp-block-uagb-image--layout-overlay__inner .uagb-image-caption{opacity: 1;}.uagb-block-1afaa6ec.wp-block-uagb-image .wp-block-uagb-image__figure:hover .wp-block-uagb-image--layout-overlay__inner .uagb-image-separator{opacity: 1;}.uagb-block-1afaa6ec.wp-block-uagb-image--layout-default figure:hover img{box-shadow: 0px 0px 0 #00000070;}.uagb-block-1afaa6ec.wp-block-uagb-image--layout-overlay figure:hover img{box-shadow: 0px 0px 0 #00000070;}@media only screen and (max-width: 976px) {.uagb-block-1afaa6ec.wp-block-uagb-image .wp-block-uagb-image__figure img{width: 1024px;height: auto;}}@media only screen and (max-width: 767px) {.uagb-block-1afaa6ec.wp-block-uagb-image .wp-block-uagb-image__figure img{width: 1024px;height: auto;}}.wp-block-uagb-advanced-heading h1,.wp-block-uagb-advanced-heading h2,.wp-block-uagb-advanced-heading h3,.wp-block-uagb-advanced-heading h4,.wp-block-uagb-advanced-heading h5,.wp-block-uagb-advanced-heading h6,.wp-block-uagb-advanced-heading p,.wp-block-uagb-advanced-heading div{word-break:break-word}.wp-block-uagb-advanced-heading .uagb-heading-text{margin:0}.wp-block-uagb-advanced-heading .uagb-desc-text{margin:0}.wp-block-uagb-advanced-heading .uagb-separator{font-size:0;border-top-style:solid;display:inline-block;margin:0 0 10px 0}.wp-block-uagb-advanced-heading .uagb-highlight{color:#f78a0c;border:0;transition:all .3s ease}.uag-highlight-toolbar{border-left:0;border-top:0;border-bottom:0;border-radius:0;border-right-color:#1e1e1e}.uag-highlight-toolbar .components-button{border-radius:0;outline:none}.uag-highlight-toolbar .components-button.is-primary{color:#fff}.wp-block-uagb-advanced-heading.uagb-block-eb913f20.wp-block-uagb-advanced-heading .uagb-heading-text{color: #ffffff;}.wp-block-uagb-advanced-heading.uagb-block-eb913f20.wp-block-uagb-advanced-heading {margin-top: -29px;margin-right: 0px;margin-bottom: 0px;margin-left: 0px;padding-top: 0px;padding-right: 0px;padding-bottom: 0px;padding-left: 0px;}.wp-block-uagb-advanced-heading.uagb-block-eb913f20.wp-block-uagb-advanced-heading .uagb-desc-text{margin-bottom: 15px;}.wp-block-uagb-advanced-heading.uagb-block-eb913f20.wp-block-uagb-advanced-heading .uagb-highlight{font-style: normal;font-weight: Default;background: #007cba;color: #fff;-webkit-text-fill-color: #fff;}.wp-block-uagb-advanced-heading.uagb-block-eb913f20.wp-block-uagb-advanced-heading .uagb-highlight::-moz-selection{color: #fff;background: #007cba;-webkit-text-fill-color: #fff;}.wp-block-uagb-advanced-heading.uagb-block-eb913f20.wp-block-uagb-advanced-heading .uagb-highlight::selection{color: #fff;background: #007cba;-webkit-text-fill-color: #fff;}.wp-block-uagb-advanced-heading.uagb-block-97eb29cd.wp-block-uagb-advanced-heading .uagb-heading-text{color: var(--ast-global-color-5);}.wp-block-uagb-advanced-heading.uagb-block-97eb29cd.wp-block-uagb-advanced-heading a{color: var(--ast-global-color-5);}.wp-block-uagb-advanced-heading.uagb-block-97eb29cd.wp-block-uagb-advanced-heading .uagb-desc-text{margin-bottom: 15px;}.wp-block-uagb-advanced-heading.uagb-block-97eb29cd.wp-block-uagb-advanced-heading .uagb-highlight{font-style: normal;font-weight: Default;background: #007cba;color: #fff;-webkit-text-fill-color: #fff;}.wp-block-uagb-advanced-heading.uagb-block-97eb29cd.wp-block-uagb-advanced-heading .uagb-highlight::-moz-selection{color: #fff;background: #007cba;-webkit-text-fill-color: #fff;}.wp-block-uagb-advanced-heading.uagb-block-97eb29cd.wp-block-uagb-advanced-heading .uagb-highlight::selection{color: #fff;background: #007cba;-webkit-text-fill-color: #fff;}.wp-block-uagb-advanced-heading.uagb-block-97eb29cd .uagb-heading-text{font-weight: 400;font-size: 22px;margin-bottom: 22px;}\";s:2:\"js\";s:0:\"\";s:18:\"current_block_list\";a:13:{i:0;s:14:\"core\/paragraph\";i:1;s:9:\"core\/list\";i:2;s:12:\"core\/heading\";i:3;s:12:\"core\/buttons\";i:4;s:11:\"core\/button\";i:5;s:11:\"core\/search\";i:6;s:10:\"core\/group\";i:7;s:17:\"core\/latest-posts\";i:8;s:20:\"core\/latest-comments\";i:9;s:13:\"core\/archives\";i:10;s:15:\"core\/categories\";i:11;s:10:\"uagb\/image\";i:12;s:21:\"uagb\/advanced-heading\";}s:8:\"uag_flag\";b:1;s:11:\"uag_version\";s:10:\"1776801140\";s:6:\"gfonts\";a:0:{}s:10:\"gfonts_url\";s:0:\"\";s:12:\"gfonts_files\";a:0:{}s:14:\"uag_faq_layout\";b:0;}"]},"uagb_featured_image_src":{"full":false,"thumbnail":false,"medium":false,"medium_large":false,"large":false,"1536x1536":false,"2048x2048":false,"trp-custom-language-flag":false},"uagb_author_info":{"display_name":"bybrandomedia","author_link":"https:\/\/www.faayautogroep.nl\/de\/author\/bybrandomedia\/"},"uagb_comment_info":0,"uagb_excerpt":"Elk mechanisch of elektronisch onderdeel in auto\u2019s slijt. Dus ook de verstuivers en injectoren. Over het algemeen gaat dit proces geleidelijk. Slijtage van dieselverstuivers kan leiden tot bijvoorbeeld: afname van vermogen, verhoogd brandstofverbruik, rookontwikkeling bij accelereren, startproblemen en nadieselen of lampje \u201cstoring brandstofsysteem\u201d gaat branden Slijtage van verstuivers en de problemen als gevolg daarvan komen&hellip;","_links":{"self":[{"href":"https:\/\/www.faayautogroep.nl\/de\/wp-json\/wp\/v2\/pages\/212","targetHints":{"allow":["GET"]}}],"collection":[{"href":"https:\/\/www.faayautogroep.nl\/de\/wp-json\/wp\/v2\/pages"}],"about":[{"href":"https:\/\/www.faayautogroep.nl\/de\/wp-json\/wp\/v2\/types\/page"}],"author":[{"embeddable":true,"href":"https:\/\/www.faayautogroep.nl\/de\/wp-json\/wp\/v2\/users\/31"}],"replies":[{"embeddable":true,"href":"https:\/\/www.faayautogroep.nl\/de\/wp-json\/wp\/v2\/comments?post=212"}],"version-history":[{"count":1,"href":"https:\/\/www.faayautogroep.nl\/de\/wp-json\/wp\/v2\/pages\/212\/revisions"}],"predecessor-version":[{"id":20014,"href":"https:\/\/www.faayautogroep.nl\/de\/wp-json\/wp\/v2\/pages\/212\/revisions\/20014"}],"wp:attachment":[{"href":"https:\/\/www.faayautogroep.nl\/de\/wp-json\/wp\/v2\/media?parent=212"}],"curies":[{"name":"wp","href":"https:\/\/api.w.org\/{rel}","templated":true}]}}